{"id":56194,"date":"2024-12-02T11:42:11","date_gmt":"2024-12-02T10:42:11","guid":{"rendered":"https:\/\/www.esz-ag.de\/?post_type=product&#038;p=56194"},"modified":"2026-04-30T08:19:08","modified_gmt":"2026-04-30T06:19:08","slug":"wiederholungsschulung-zur-kalibrierung-von-abgasmessgeraeten-au-und-abgaspartikelmessgeraeten-au-pn","status":"publish","type":"product","link":"https:\/\/www.esz-ag.de\/en\/produkt\/wiederholungsschulung-zur-kalibrierung-von-abgasmessgeraeten-au-und-abgaspartikelmessgeraeten-au-pn\/","title":{"rendered":"Wiederholungsschulung zur Kalibrierung von Abgasmessger\u00e4ten (AU) und Abgaspartikelmessger\u00e4ten (AU-PN)"},"content":{"rendered":"<p>Durch regelm\u00e4\u00dfige Teilnahme an Auffrischungsschulungen stellen Sie sicher, dass Ihre Befugnis aktuell bleibt und Sie weiterhin unter der Akkreditierung der esz AG die Pr\u00fcftechnik Ihrer Kunden kalibrieren k\u00f6nnen. Das nach DIN EN ISO\/IEC 17025:2018 akkreditierte Qualit\u00e4tsmanagementsystem der esz AG fordert, dass regelm\u00e4\u00dfig Ihre Kompetenz nachgewiesen wird. Um diese Befugnis zu erhalten, f\u00fchrt die esz AG alle 24 Monate eine turnusm\u00e4\u00dfige Schulungseinheit pro Produktgruppe durch. Diese Kombinationsschulung wurde speziell f\u00fcr erfahrene Techniker entwickelt, um wertvolle Zeit zu sparen und gleichzeitig alle notwendigen Auffrischungen zu gew\u00e4hrleisten.<br \/>\nAchten Sie darauf, sich selbst oder Ihre Mitarbeiter rechtzeitig anzumelden, um ein Aussetzen der Befugnis zu vermeiden.<\/p>\n<h2><strong>Inhalte<\/strong><\/h2>\n<ul>\n<li>Vertiefung der Themen Kalibrieren, R\u00fcckf\u00fchrung und Qualit\u00e4tsmanagement<\/li>\n<li>Was ist neu?<\/li>\n<li>Tipps &amp; Tricks mit der Kalibriersoftware &#8220;calibration expert&#8221;<\/li>\n<li>Praktische Beispiele und L\u00f6sungen aus der Praxis<\/li>\n<li>Einblick in aktuelle Normen und Vorschriften<\/li>\n<\/ul>\n<h2><strong>Zielgruppe<\/strong><\/h2>\n<p>Techniker aus den Bereichen Hersteller, H\u00e4ndler, Servicebetriebe und Pr\u00fcforganisationen, die bereits an einer esz-Kompetenzschulung f\u00fcr Abgasmessger\u00e4te (AU) und Abgaspartikelmessger\u00e4te (AUPN) erfolgreich teilgenommen haben. Diese Schulung richtet sich an Fachkr\u00e4fte, die ihre Befugnis zur Kalibrierung von Abgasmessger\u00e4ten (AU) sowie Abgaspartikelmessger\u00e4ten (AU-PN) erneuern oder vertiefen m\u00f6chten.<\/p>\n<h2><strong>Schulungszertifikat<\/strong><\/h2>\n<p>Nach erfolgreicher Teilnahme erhalten Sie ein Zertifikat, das Ihre Befugnis best\u00e4tigt.<\/p>\n<h2><strong>Schulungsdauer*<\/strong><\/h2>\n<p>1 Arbeitstag<\/p>\n<h2>Schulungsorte und Termine*<\/h2>\n\r\n        <table class=\"esz-courses-list-table\">\r\n            <thead>\r\n            <tr>\r\n                                    <!-- Output attribute names as table headers -->\r\n                    <th>Ort<\/th>\r\n                                    <!-- Output attribute names as table headers -->\r\n                    <th>Datum<\/th>\r\n                                <th>Available places**<\/th> <!-- Header for the stock column -->\r\n            <\/tr>\r\n            <\/thead>\r\n            <tbody>\r\n                            <tr>\r\n                                            <!-- Output attribute value for this variation -->\r\n                        <td>Online<\/td>\r\n                                            <!-- Output attribute value for this variation -->\r\n                        <td>13.05.2026<\/td>\r\n                    \r\n                    <!-- Display stock quantity for the variation -->\r\n                    <td>\r\n                        2                    <\/td>\r\n                <\/tr>\r\n                            <tr>\r\n                                            <!-- Output attribute value for this variation -->\r\n                        <td>Online<\/td>\r\n                                            <!-- Output attribute value for this variation -->\r\n                        <td>30.04.2026<\/td>\r\n                    \r\n                    <!-- Display stock quantity for the variation -->\r\n                    <td>\r\n                        5                    <\/td>\r\n                <\/tr>\r\n                            <tr>\r\n                                            <!-- Output attribute value for this variation -->\r\n                        <td>Online<\/td>\r\n                                            <!-- Output attribute value for this variation -->\r\n                        <td>28.05.2026<\/td>\r\n                    \r\n                    <!-- Display stock quantity for the variation -->\r\n                    <td>\r\n                        6                    <\/td>\r\n                <\/tr>\r\n                            <tr>\r\n                                            <!-- Output attribute value for this variation -->\r\n                        <td>Online<\/td>\r\n                                            <!-- Output attribute value for this variation -->\r\n                        <td>25.06.2026<\/td>\r\n                    \r\n                    <!-- Display stock quantity for the variation -->\r\n                    <td>\r\n                        5                    <\/td>\r\n                <\/tr>\r\n                            <tr>\r\n                                            <!-- Output attribute value for this variation -->\r\n                        <td>Online<\/td>\r\n                                            <!-- Output attribute value for this variation -->\r\n                        <td>02.07.2026<\/td>\r\n                    \r\n                    <!-- Display stock quantity for the variation -->\r\n                    <td>\r\n                        8                    <\/td>\r\n                <\/tr>\r\n                        <\/tbody>\r\n        <\/table>\r\n\r\n        \n<p>&nbsp;<\/p>\n<h2><strong>Voraussetzungen<\/strong><\/h2>\n<ul>\n<li>Erfolgreich abgeschlossene esz-Kompetenzschulung f\u00fcr AU-Ger\u00e4te<\/li>\n<li>Erfolgreich abgeschlossene esz-Kompetenzschulung f\u00fcr Abgaspartikelmessger\u00e4te<\/li>\n<\/ul>\n<h2><strong>Anmeldeschluss<\/strong><\/h2>\n<p>14 Tage vor Schulungstermin<\/p>\n<h2>Leistungen<\/h2>\n<ul>\n<li>Preis auf Anfrage<\/li>\n<li>Inklusive: Teilnehmerunterlagen und Teilnahmezertifikat<\/li>\n<\/ul>\n<p>Gerne f\u00fchren wir auch ab 6 Teilnehmern Schulungen bei Ihnen im Unternehmen durch.<\/p>\n<p>F\u00fcr ein Angebot kontaktieren Sie bitte:\u00a0<a href=\"mailto:schulung@esz-ag.de\">schulung@esz-ag.de<\/a><\/p>\n<h2><strong>Anzahl Teilnehmer<\/strong><\/h2>\n<p>Maximal 6 Teilnehmer in Pr\u00e4senz Schulungen, keine Onlineschulungen m\u00f6glich<\/p>\n<h2><strong>Stornobedingungen<\/strong><\/h2>\n<ul>\n<li>Bei einer Absage \/ Stornierung der Teilnahme bis 7 Tage vor dem Schulungstermin werden keine Stornogeb\u00fchren erhoben.<\/li>\n<li>Bei einer Absage \/ Stornierung der Teilnahme zwischen 7 und 2 Tagen vor dem Schulungstermin werden Stornogeb\u00fchren in H\u00f6he von 50 % der Teilnahmegeb\u00fchr erhoben.<\/li>\n<li>Bei einer kurzfristigen Absage \/ Stornierung von weniger als 2 Tagen vor dem Schulungsbeginn bzw. bei Nichterscheinen werden Stornogeb\u00fchren in H\u00f6he von 100 % der Teilnahmegeb\u00fchr erhoben.<\/li>\n<\/ul>\n<h2><strong>Kontakt<\/strong><\/h2>\n<p>Bei Fragen zur Veranstaltung wenden Sie sich bitte an unser Schulungs-Team,<br \/>\nTel. 08141-88887-385<br \/>\nE-Mail:\u00a0<a href=\"mailto:schulung@esz-ag.de\">schulung@esz-ag.de<\/a><\/p>\n<p><sub>*\u00c4nderungen vorbehalten<\/sub><\/p>\n<p>&nbsp;<\/p>\n","protected":false},"excerpt":{"rendered":"<p>Durch regelm\u00e4\u00dfige Teilnahme an Auffrischungsschulungen stellen Sie sicher, dass Ihre Befugnis aktuell bleibt und Sie&#8230;<\/p>\n","protected":false},"featured_media":0,"template":"","meta":{"_acf_changed":false,"inline_featured_image":false},"product_brand":[],"product_cat":[81],"product_tag":[],"class_list":{"0":"post-56194","1":"product","2":"type-product","3":"status-publish","5":"product_cat-kurs","7":"first","8":"instock","9":"taxable","10":"shipping-taxable","11":"purchasable","12":"product-type-variable"},"acf":[],"_links":{"self":[{"href":"https:\/\/www.esz-ag.de\/en\/wp-json\/wp\/v2\/product\/56194","targetHints":{"allow":["GET"]}}],"collection":[{"href":"https:\/\/www.esz-ag.de\/en\/wp-json\/wp\/v2\/product"}],"about":[{"href":"https:\/\/www.esz-ag.de\/en\/wp-json\/wp\/v2\/types\/product"}],"wp:attachment":[{"href":"https:\/\/www.esz-ag.de\/en\/wp-json\/wp\/v2\/media?parent=56194"}],"wp:term":[{"taxonomy":"product_brand","embeddable":true,"href":"https:\/\/www.esz-ag.de\/en\/wp-json\/wp\/v2\/product_brand?post=56194"},{"taxonomy":"product_cat","embeddable":true,"href":"https:\/\/www.esz-ag.de\/en\/wp-json\/wp\/v2\/product_cat?post=56194"},{"taxonomy":"product_tag","embeddable":true,"href":"https:\/\/www.esz-ag.de\/en\/wp-json\/wp\/v2\/product_tag?post=56194"}],"curies":[{"name":"wp","href":"https:\/\/api.w.org\/{rel}","templated":true}]}}