{"id":56082,"date":"2024-11-20T17:13:09","date_gmt":"2024-11-20T16:13:09","guid":{"rendered":"https:\/\/www.esz-ag.de\/?post_type=product&#038;p=56082"},"modified":"2025-07-18T13:07:37","modified_gmt":"2025-07-18T11:07:37","slug":"wiederholungsschulung-zur-kalibrierung-von-klimaschraenken-mittels-softwareloesung-ce-ctc","status":"publish","type":"product","link":"https:\/\/www.esz-ag.de\/en\/produkt\/wiederholungsschulung-zur-kalibrierung-von-klimaschraenken-mittels-softwareloesung-ce-ctc\/","title":{"rendered":"Wiederholungsschulung zur Kalibrierung von Klimaschr\u00e4nken mittels Softwarel\u00f6sung ce+ CTC"},"content":{"rendered":"<div class=\"wpb-content-wrapper\"><p>[vc_row][vc_column][vc_column_text]Durch die regelm\u00e4\u00dfige Teilnahme an Auffrischungsschulungen halten Sie Ihre Befugnis aktuell und k\u00f6nnen weiterhin unter der Akkreditierung der esz AG die Pr\u00fcftechnik Ihrer Kunden kalibrieren. Das nach DIN EN ISO\/IEC 17025:2018 akkreditierte Qualit\u00e4tsmanagementsystem der esz AG fordert regelm\u00e4\u00dfige Sicherstellung und Nachweis Ihrer Kompetenz. Dazu f\u00fchrt die esz AG pro Produktgruppe eine turnusm\u00e4\u00dfige Schulungseinheit alle 24 Monate durch. Bitte achten Sie daher darauf, sich selbst bzw. Ihre Mitarbeiter rechtzeitig zu den Schulungen anzumelden, um ein Aussetzen Ihrer Befugnis vorzubeugen.<\/p>\n<h2>Inhalte<\/h2>\n<ul>\n<li>Grundlagen Qualit\u00e4tsmanagement nach DIN EN ISO\/ IEC 17025<\/li>\n<li>Richtlinie DKD-R 5-7: Kalibrierung von Klimaschr\u00e4nken<\/li>\n<li>Messpraxis: Klimaschrank-Kalibrierung<\/li>\n<\/ul>\n<h2>Zielgruppe<\/h2>\n<p>Techniker, Ingenieure und Quereinsteiger, die in Kalibrier-\/Pr\u00fcflaboren Kalibrierungen von Klimaschr\u00e4nken durchf\u00fchren<\/p>\n<h2>Ziel der Ausbildung<\/h2>\n<p>Teilnehmer werden bef\u00e4higt im Rahmen des CEPS im Unterauftrag eigenst\u00e4ndig akkreditierte Kalibrierungen von Klimaschr\u00e4nken durchzuf\u00fchren<\/p>\n<h2>Mehrwert<\/h2>\n<ul>\n<li>Erweiterung des eigenen Portfolios<\/li>\n<li>Vertiefte Kenntnis der Klimaschrankkalibrierung und richtlinienkonformes Arbeiten nach DKD-R 5-7<\/li>\n<li>Erstellung Kalibrierzertifikate mittels Kalibriersoftware CTC<\/li>\n<li>F\u00e4higkeit der Bewertung und Analyse von Messergebnissen<\/li>\n<\/ul>\n<h2>Schulungszertifikat<\/h2>\n<p>Nach erfolgreichem Bestehen der Schulung erhalten die Teilnehmer ein entsprechendes Schulungszertifikat.<\/p>\n<h2>Schulungsdauer*<\/h2>\n<p>1 Arbeitstag<\/p>\n<h2>Schulungsorte und Termine*<\/h2>\n<p>Termine nach Vereinbarung. Fragen Sie gerne bei uns an! <a href=\"mailto:schulung@esz-ag.de\">schulung@esz-ag.de<\/a><\/p>\n<h2>Voraussetzungen<\/h2>\n<ul>\n<li>F\u00fcr die Kalibrierung notwendige, r\u00fcckgef\u00fchrt kalibrierte Messmittel gem\u00e4\u00df <a href=\"https:\/\/www.esz-ag.de\/wp-content\/uploads\/esz-climatic-test-chamber-Messmittelanforderung-1-1.pdf\">Messmittelanforderungen<\/a> \/ <a href=\"https:\/\/www.esz-ag.de\/wp-content\/uploads\/esz-climatic-test-chamber-required-test-equipment-1.pdf\">Required test equipment\u00a0<\/a><\/li>\n<li>Laptop mit Windows 10 und Zugriff auf das Internet und E-Mails (kein Tablet), mehr Details in der <a href=\"https:\/\/www.esz-ag.de\/wp-content\/uploads\/esz-climatic-test-chamber-Messmittelanforderung-1-1.pdf\">Messmittelanforderung<\/a><\/li>\n<li>Beschriftungsger\u00e4t mit Schriftbandkassette<\/li>\n<li><a href=\"https:\/\/www.esz-ag.de\/wp-content\/uploads\/Rahmenvertrag-Blanko.pdf\">Rahmenvertrag (Partnervertrag)<\/a><\/li>\n<li><a href=\"https:\/\/www.esz-ag.de\/wp-content\/uploads\/Unterschriftenerfassung-2.pdf\">Digitalisierte Unterschrift<\/a><\/li>\n<li>Erfahrung mit Bedienung, Instandsetzung und Wartung von Klimaschr\u00e4nken<\/li>\n<\/ul>\n<h2>Anmeldeschluss<\/h2>\n<p>14 Tage vor Schulungstermin<\/p>\n<h2>Leistungen<\/h2>\n<p>Inklusive: Tagungsgetr\u00e4nke, Mittagessen <span data-teams=\"true\">(Nur bei Pr\u00e4senzveranstaltungen)<\/span>, Teilnahmezertifikat, Teilnehmerunterlagen.<\/p>\n<p>F\u00fcr ein Angebot kontaktieren Sie bitte:\u00a0<a href=\"mailto:schulung@esz-ag.de\">schulung@esz-ag.de<\/a><\/p>\n<h2>Anzahl Teilnehmer<\/h2>\n<p>Maximal 6 Teilnehmer in Pr\u00e4senz Schulungen, keine Onlineschulungen m\u00f6glich<\/p>\n<h2>Ausstattung<\/h2>\n<p>Eigener Laptop\/PC. Technische Anforderungen siehe: <a href=\"https:\/\/www.esz-ag.de\/wp-content\/uploads\/esz-climatic-test-chamber-Messmittelanforderung-1-1.pdf\">Messmittelanforderung<\/a><\/p>\n<h2>Stornobedingungen<\/h2>\n<ul>\n<li>Bei einer Absage \/ Stornierung der Teilnahme bis 7 Tage vor dem Schulungstermin werden keine Stornogeb\u00fchren erhoben.<\/li>\n<li>Bei einer Absage \/ Stornierung der Teilnahme zwischen 7 und 2 Tagen vor dem Schulungstermin werden Stornogeb\u00fchren in H\u00f6he von 50 % der Teilnahmegeb\u00fchr erhoben.<\/li>\n<li>Bei einer kurzfristigen Absage \/ Stornierung von weniger als 2 Tagen vor dem Schulungsbeginn bzw. bei Nichterscheinen werden Stornogeb\u00fchren in H\u00f6he von 100 % der Teilnahmegeb\u00fchr erhoben.<\/li>\n<\/ul>\n<h2>Kontakt<\/h2>\n<p>Bei Fragen zur Veranstaltung wenden Sie sich bitte an unser Schulungs-Team,<br \/>\nTel. 08141-88887-385<br \/>\nE-Mail:\u00a0<a href=\"mailto:schulung@esz-ag.de\">schulung@esz-ag.de<\/a><\/p>\n<p><sub>*\u00c4nderungen vorbehalten<\/sub>[\/vc_column_text][\/vc_column][\/vc_row]<\/p>\n<\/div>","protected":false},"excerpt":{"rendered":"<p>[vc_row][vc_column][vc_column_text]Durch die regelm\u00e4\u00dfige Teilnahme an Auffrischungsschulungen halten Sie Ihre Befugnis aktuell und k\u00f6nnen weiterhin unter&#8230;<\/p>\n","protected":false},"featured_media":0,"template":"","meta":{"_acf_changed":false,"inline_featured_image":false},"product_brand":[],"product_cat":[81],"product_tag":[],"class_list":{"0":"post-56082","1":"product","2":"type-product","3":"status-publish","5":"product_cat-kurs","7":"first","8":"instock","9":"taxable","10":"shipping-taxable","11":"purchasable","12":"product-type-variable"},"acf":[],"_links":{"self":[{"href":"https:\/\/www.esz-ag.de\/en\/wp-json\/wp\/v2\/product\/56082","targetHints":{"allow":["GET"]}}],"collection":[{"href":"https:\/\/www.esz-ag.de\/en\/wp-json\/wp\/v2\/product"}],"about":[{"href":"https:\/\/www.esz-ag.de\/en\/wp-json\/wp\/v2\/types\/product"}],"wp:attachment":[{"href":"https:\/\/www.esz-ag.de\/en\/wp-json\/wp\/v2\/media?parent=56082"}],"wp:term":[{"taxonomy":"product_brand","embeddable":true,"href":"https:\/\/www.esz-ag.de\/en\/wp-json\/wp\/v2\/product_brand?post=56082"},{"taxonomy":"product_cat","embeddable":true,"href":"https:\/\/www.esz-ag.de\/en\/wp-json\/wp\/v2\/product_cat?post=56082"},{"taxonomy":"product_tag","embeddable":true,"href":"https:\/\/www.esz-ag.de\/en\/wp-json\/wp\/v2\/product_tag?post=56082"}],"curies":[{"name":"wp","href":"https:\/\/api.w.org\/{rel}","templated":true}]}}