{"id":56072,"date":"2024-11-20T15:50:08","date_gmt":"2024-11-20T14:50:08","guid":{"rendered":"https:\/\/www.esz-ag.de\/?post_type=product&#038;p=56072"},"modified":"2024-12-05T11:13:45","modified_gmt":"2024-12-05T10:13:45","slug":"kompetenzschulung-messsystemanalyse-verfahren-1-und-verfahren-2","status":"publish","type":"product","link":"https:\/\/www.esz-ag.de\/en\/produkt\/kompetenzschulung-messsystemanalyse-verfahren-1-und-verfahren-2\/","title":{"rendered":"Kompetenzschulung Messsystemanalyse: Verfahren 1 und Verfahren 2"},"content":{"rendered":"<h2><strong>Thema<\/strong><\/h2>\n<p>Messsystemanalyse (MSA) \u2013 Verfahren 1 und 2<\/p>\n<p>Nach \u201cBosch-Heft 10:2019\u201d und \u201cLeitfaden zum F\u00e4higkeitsnachweis von Messsystemen\u201d<\/p>\n<h2>Inhalte<\/h2>\n<ul>\n<li>Einf\u00fchrung in das Thema\n<ul>\n<li>Was ist Streuung? Warum streuen Messwerte?<\/li>\n<li>Statistische Grundlagen: Mathematische Beschreibung in einfacher Form von Streuung, Standardabweichung, Mittelwert, Normalverteilung, Messabweichung, etc.<\/li>\n<li>Toleranz und Konformit\u00e4t<\/li>\n<\/ul>\n<\/li>\n<li>Grundlagen Messsystemanalyse\n<ul>\n<li>Was ist ein Messsystem?<\/li>\n<li>Was ist eine MSA?<\/li>\n<li>Wann und warum ist eine MSA durchzuf\u00fchren?<\/li>\n<\/ul>\n<\/li>\n<\/ul>\n<ul>\n<li>Verfahren 1\n<ul>\n<li>Theorie (Potentieller und kritischer F\u00e4higkeitsindex)<\/li>\n<li>Praxis: Durchf\u00fchrung und Auswertung Verfahren 1 mit der bereitgestellten Vorlage<\/li>\n<\/ul>\n<\/li>\n<li>Verfahren 2\n<ul>\n<li>Theorie (Gage Repeatability &amp; Reproducibility)<\/li>\n<li>Praxis: Durchf\u00fchrung und Auswertung Verfahren 2 mit der bereitgestellten Vorlage<\/li>\n<\/ul>\n<\/li>\n<\/ul>\n<h2>Zielgruppe<\/h2>\n<p>Techniker, Pr\u00fcfmittelbeauftragte, Mitarbeiter der Qualit\u00e4tssicherung, Quereinsteiger, welche die Grundlagen der Messsystemanalyse sowie die Durchf\u00fchrung und Auswertung anhand einer bereitgestellten Excel-Datei erlernen m\u00f6chten.<\/p>\n<h2>Ziel der Ausbildung<\/h2>\n<p>Die Teilnehmer erlernen die Grundlagen der Messsystemanalyse und sind in der Lage mithilfe der bereitgestellten Excel-Datei eine Messsystemanalyse (Verfahren 1 und 2) durchzuf\u00fchren, auszuwerten und deren Ergebnisse zu interpretieren.<\/p>\n<h2>Mehrwert<\/h2>\n<ul>\n<li>Grundlegendes Verst\u00e4ndnis der Messsystemanalyse<\/li>\n<li>Kenntnis der ben\u00f6tigten statistischen Grundlagen einer Messung und der Messsystemanalyse<\/li>\n<li>F\u00e4higkeit zur Durchf\u00fchrung und Auswertung einer Messsystemanalyse (Verfahren 1 und 2) anhand bereitgestellter Excel-Datei<\/li>\n<li>F\u00e4higkeit MSA-Protokolle zu interpretieren und Konsequenzen zur Qualit\u00e4tssicherung abzuleiten<\/li>\n<\/ul>\n<h2>Schulungszertifikat<\/h2>\n<p>Die Teilnahme der Schulung wird schriftlich bescheinigt.<\/p>\n<h2>Schulungsdauer*<\/h2>\n<p>1 Arbeitstag; Beginn, Ende und Pausen nach Vereinbarung.<\/p>\n<p>&nbsp;<\/p>\n<h2>Schulungsorte und Termine*<\/h2>\n<p>Termine nach Vereinbarung. Fragen Sie gerne bei uns an! <a href=\"mailto:schulung@esz-ag.de\">schulung@esz-ag.de<\/a><\/p>\n<p>&nbsp;<\/p>\n<h2>Anmeldeschluss<\/h2>\n<p>14 Tage vor Schulungstermin<\/p>\n<h2>Leistungen und Teilnahmegeb\u00fchr<\/h2>\n<p>Angebot auf Anfrage. Bei Interesse wenden Sie sich an\u00a0<a href=\"mailto:schulung@esz-ag.de\">schulung@esz-ag.de.<\/a><\/p>\n<h2>Anzahl Teilnehmer<\/h2>\n<p>min. 2 \/ max. 10 Teilnehmer<\/p>\n<h2>Ausstattung mitzubringen<\/h2>\n<p>Eigener Laptop\/PC mit installiertem Microsoft Excel<\/p>\n<h2>Stornobedingungen<\/h2>\n<ul>\n<li>Bei einer Absage \/ Stornierung der Teilnahme bis 7 Tage vor dem Schulungstermin werden keine Stornogeb\u00fchren erhoben.<\/li>\n<li>Bei einer Absage \/ Stornierung der Teilnahme zwischen 7 und 2 Tagen vor dem Schulungstermin werden Stornogeb\u00fchren in H\u00f6he von 50 % der Teilnahmegeb\u00fchr erhoben.<\/li>\n<li>Bei einer kurzfristigen Absage \/ Stornierung von weniger als 2 Tagen vor dem Schulungsbeginn bzw. bei Nichterscheinen werden Stornogeb\u00fchren in H\u00f6he von 100 % der Teilnahmegeb\u00fchr erhoben.<\/li>\n<\/ul>\n<h2>Kontakt<\/h2>\n<p>Bei Fragen zur Veranstaltung wenden Sie sich bitte an unser Schulungs-Team,<br \/>\nTel. 08141-88887-385<br \/>\nE-Mail:\u00a0<a href=\"mailto:schulung@esz-ag.de\">schulung@esz-ag.de<\/a><\/p>\n<p><sub>*\u00c4nderungen vorbehalten<\/sub><\/p>\n<p>&nbsp;<\/p>\n<p>&nbsp;<\/p>\n","protected":false},"excerpt":{"rendered":"<p>Thema Messsystemanalyse (MSA) \u2013 Verfahren 1 und 2 Nach \u201cBosch-Heft 10:2019\u201d und \u201cLeitfaden zum F\u00e4higkeitsnachweis&#8230;<\/p>\n","protected":false},"featured_media":0,"template":"","meta":{"_acf_changed":false,"inline_featured_image":false},"product_brand":[],"product_cat":[81],"product_tag":[],"class_list":{"0":"post-56072","1":"product","2":"type-product","3":"status-publish","5":"product_cat-kurs","7":"first","8":"instock","9":"taxable","10":"shipping-taxable","11":"purchasable","12":"product-type-variable"},"acf":[],"_links":{"self":[{"href":"https:\/\/www.esz-ag.de\/en\/wp-json\/wp\/v2\/product\/56072","targetHints":{"allow":["GET"]}}],"collection":[{"href":"https:\/\/www.esz-ag.de\/en\/wp-json\/wp\/v2\/product"}],"about":[{"href":"https:\/\/www.esz-ag.de\/en\/wp-json\/wp\/v2\/types\/product"}],"wp:attachment":[{"href":"https:\/\/www.esz-ag.de\/en\/wp-json\/wp\/v2\/media?parent=56072"}],"wp:term":[{"taxonomy":"product_brand","embeddable":true,"href":"https:\/\/www.esz-ag.de\/en\/wp-json\/wp\/v2\/product_brand?post=56072"},{"taxonomy":"product_cat","embeddable":true,"href":"https:\/\/www.esz-ag.de\/en\/wp-json\/wp\/v2\/product_cat?post=56072"},{"taxonomy":"product_tag","embeddable":true,"href":"https:\/\/www.esz-ag.de\/en\/wp-json\/wp\/v2\/product_tag?post=56072"}],"curies":[{"name":"wp","href":"https:\/\/api.w.org\/{rel}","templated":true}]}}