{"id":56031,"date":"2024-11-19T16:49:15","date_gmt":"2024-11-19T15:49:15","guid":{"rendered":"https:\/\/www.esz-ag.de\/?post_type=product&#038;p=56031"},"modified":"2026-04-29T09:37:40","modified_gmt":"2026-04-29T07:37:40","slug":"kompetenzschulung-zur-kalibrierung-von-abgasmessgeraeten","status":"publish","type":"product","link":"https:\/\/www.esz-ag.de\/en\/produkt\/kompetenzschulung-zur-kalibrierung-von-abgasmessgeraeten\/","title":{"rendered":"Kompetenzschulung zur Kalibrierung von Abgasmessger\u00e4ten"},"content":{"rendered":"<h2>Zielgruppe<\/h2>\n<p>Technikerinnen und Techniker von Herstellern, H\u00e4ndlern, Servicebetrieben und Pr\u00fcforganisationen, die bereits Instandsetzungen und Wartungen an Abgasmessger\u00e4ten durchgef\u00fchrt haben, die im Rahmen der Untersuchung der Abgase der Fahrzeuge nach Nummer 6.8.2 der Anlage VIIa zur StVZO eingesetzt werden.<\/p>\n<h2>Voraussetzungen<\/h2>\n<ul>\n<li>F\u00fcr die Kalibrierung notwendige, r\u00fcckgef\u00fchrt kalibrierte Messmittel (Pr\u00fcfgasgemische inkl. Anschlusstechnik bzw. Tr\u00fcbungsfilter, Klimamessger\u00e4t \u2013 diese m\u00fcssen nicht zur Schulung mitgebracht werden)<\/li>\n<li>Laptop mit Windows 10 und Zugriff auf das Internet und E-Mails (kein Tablet)<\/li>\n<li>Beschriftungsger\u00e4t (bitte zur Schulung mitbringen) mit Schriftbandkassette<\/li>\n<li><a href=\"https:\/\/www.esz-ag.de\/wp-content\/uploads\/CEPS-Rahmenvertrag-Unternehmen-de-eng.pdf\">Rahmenvertrag (Partnervertrag)<\/a><\/li>\n<li><a href=\"https:\/\/www.esz-ag.de\/wp-content\/uploads\/Unterschriftenerfassung-2.pdf\">Digitalisierte Unterschrift<\/a><\/li>\n<li>Teilnahmebescheinigung einer Wartungs- und Messpraxisschulung von den Herstellern, deren Abgasmessger\u00e4te kalibriert werden sollen<\/li>\n<li>Erfahrung mit Bedienung, Instandsetzung und Wartung von AU-Abgasmessger\u00e4ten<\/li>\n<\/ul>\n<h2>Schulungszertifikat<\/h2>\n<p>Am Ende der Schulung findet eine schriftliche Pr\u00fcfung statt. Nach erfolgreichem Bestehen der Schulung erhalten die Teilnehmer ein entsprechendes Schulungszertifikat.<\/p>\n<h2>Schulungsdauer*<\/h2>\n<p>1,5 Arbeitstage<\/p>\n<p>&nbsp;<\/p>\n<h2>Schulungsorte und Termine*<\/h2>\n\r\n        <table class=\"esz-courses-list-table\">\r\n            <thead>\r\n            <tr>\r\n                                    <!-- Output attribute names as table headers -->\r\n                    <th>Ort<\/th>\r\n                                    <!-- Output attribute names as table headers -->\r\n                    <th>Datum<\/th>\r\n                                <th>Available places**<\/th> <!-- Header for the stock column -->\r\n            <\/tr>\r\n            <\/thead>\r\n            <tbody>\r\n                            <tr>\r\n                                            <!-- Output attribute value for this variation -->\r\n                        <td>Eichenau<\/td>\r\n                                            <!-- Output attribute value for this variation -->\r\n                        <td>05.05.2026-06.05.2026<\/td>\r\n                    \r\n                    <!-- Display stock quantity for the variation -->\r\n                    <td>\r\n                        2                    <\/td>\r\n                <\/tr>\r\n                            <tr>\r\n                                            <!-- Output attribute value for this variation -->\r\n                        <td>Oberhausen<\/td>\r\n                                            <!-- Output attribute value for this variation -->\r\n                        <td>11.08.2026-12.08.2026<\/td>\r\n                    \r\n                    <!-- Display stock quantity for the variation -->\r\n                    <td>\r\n                        8                    <\/td>\r\n                <\/tr>\r\n                        <\/tbody>\r\n        <\/table>\r\n\r\n        \n<p>&nbsp;<\/p>\n<h2>Anmeldeschluss<\/h2>\n<p>14 Tage vor Schulungstermin<\/p>\n<h2 id=\"leistungen-und-teilnahmegebuhr\">Leistungen<\/h2>\n<p>Inklusive: Tagungsgetr\u00e4nke, Mittagessen, Abschlusstest, Teilnahmezertifikat, Teilnehmerunterlagen.<\/p>\n<p>Gerne f\u00fchren wir auch ab 6 Teilnehmern Schulungen bei Ihnen im Unternehmen durch.<\/p>\n<p>F\u00fcr ein Angebot kontaktieren Sie bitte:\u00a0<a href=\"mailto:schulung@esz-ag.de\">schulung@esz-ag.de<\/a><\/p>\n<h2>Stornobedingungen<\/h2>\n<ul>\n<li>Bei einer Absage \/ Stornierung der Teilnahme bis 7 Tage vor dem Schulungstermin werden keine Stornogeb\u00fchren erhoben.<\/li>\n<li>Bei einer Absage \/ Stornierung der Teilnahme zwischen 7 und 2 Tagen vor dem Schulungstermin werden Stornogeb\u00fchren in H\u00f6he von 50 % der Teilnahmegeb\u00fchr erhoben.<\/li>\n<li>Bei einer kurzfristigen Absage \/ Stornierung von weniger als 2 Tagen vor dem Schulungsbeginn bzw. bei Nichterscheinen werden Stornogeb\u00fchren in H\u00f6he von 100 % der Teilnahmegeb\u00fchr erhoben.<\/li>\n<\/ul>\n<p>Bei Fragen zur Veranstaltung wenden Sie sich bitte an unser Schulungs-Team,<br \/>\nTel. 08141-88887-<span data-olk-copy-source=\"MessageBody\">385<\/span><br \/>\nE-Mail:\u00a0<a href=\"mailto:schulung@esz-ag.de\">schulung@esz-ag.de<\/a><\/p>\n<p><sub>*\u00c4nderungen vorbehalten<\/sub><\/p>\n","protected":false},"excerpt":{"rendered":"<p>Zielgruppe Technikerinnen und Techniker von Herstellern, H\u00e4ndlern, Servicebetrieben und Pr\u00fcforganisationen, die bereits Instandsetzungen und Wartungen&#8230;<\/p>\n","protected":false},"featured_media":0,"template":"","meta":{"_acf_changed":false,"inline_featured_image":false},"product_brand":[],"product_cat":[81],"product_tag":[],"class_list":{"0":"post-56031","1":"product","2":"type-product","3":"status-publish","5":"product_cat-kurs","7":"first","8":"instock","9":"taxable","10":"shipping-taxable","11":"purchasable","12":"product-type-variable"},"acf":[],"_links":{"self":[{"href":"https:\/\/www.esz-ag.de\/en\/wp-json\/wp\/v2\/product\/56031","targetHints":{"allow":["GET"]}}],"collection":[{"href":"https:\/\/www.esz-ag.de\/en\/wp-json\/wp\/v2\/product"}],"about":[{"href":"https:\/\/www.esz-ag.de\/en\/wp-json\/wp\/v2\/types\/product"}],"wp:attachment":[{"href":"https:\/\/www.esz-ag.de\/en\/wp-json\/wp\/v2\/media?parent=56031"}],"wp:term":[{"taxonomy":"product_brand","embeddable":true,"href":"https:\/\/www.esz-ag.de\/en\/wp-json\/wp\/v2\/product_brand?post=56031"},{"taxonomy":"product_cat","embeddable":true,"href":"https:\/\/www.esz-ag.de\/en\/wp-json\/wp\/v2\/product_cat?post=56031"},{"taxonomy":"product_tag","embeddable":true,"href":"https:\/\/www.esz-ag.de\/en\/wp-json\/wp\/v2\/product_tag?post=56031"}],"curies":[{"name":"wp","href":"https:\/\/api.w.org\/{rel}","templated":true}]}}