{"id":56008,"date":"2024-11-19T11:23:06","date_gmt":"2024-11-19T10:23:06","guid":{"rendered":"https:\/\/www.esz-ag.de\/?post_type=product&#038;p=56008"},"modified":"2026-04-30T13:56:30","modified_gmt":"2026-04-30T11:56:30","slug":"wiederholungsschulung-zur-kalibrierung-von-bremspruefstaenden","status":"publish","type":"product","link":"https:\/\/www.esz-ag.de\/en\/produkt\/wiederholungsschulung-zur-kalibrierung-von-bremspruefstaenden\/","title":{"rendered":"Wiederholungsschulung zur Kalibrierung von Bremspr\u00fcfst\u00e4nden"},"content":{"rendered":"<p>Durch die regelm\u00e4\u00dfige Teilnahme an Auffrischungsschulungen halten Sie Ihre Befugnis aktuell und k\u00f6nnen weiterhin unter der Akkreditierung der esz AG die Pr\u00fcftechnik Ihrer Kunden kalibrieren. Das nach DIN EN ISO\/IEC 17025:2018 akkreditierte Qualit\u00e4tsmanagementsystem der esz AG fordert regelm\u00e4\u00dfige Sicherstellung und Nachweis Ihrer Kompetenz. Dazu f\u00fchrt die esz AG pro Produktgruppe eine turnusm\u00e4\u00dfige Schulungseinheit alle 24 Monate durch. Bitte achten Sie daher darauf, sich selbst bzw. Ihre Mitarbeiter rechtzeitig zu den Schulungen anzumelden, um ein Aussetzen Ihrer Befugnis vorzubeugen.<\/p>\n<h2>Schulungsinhalte<\/h2>\n<ul>\n<li>Vertiefung der Themen Kalibrieren, R\u00fcckf\u00fchrung und Qualit\u00e4tsmanagement<\/li>\n<li>Was ist neu?<\/li>\n<li>Tipps &amp; Tricks mit der Kalibriersoftware calibration expert<\/li>\n<li>Beispiele und Fragen aus der Praxis<\/li>\n<\/ul>\n<h2>Zielgruppe<\/h2>\n<p>Techniker von Herstellern, H\u00e4ndlern, Servicebetrieben und Pr\u00fcforganisationen, die bereits an einer esz-Kompetenzschulung f\u00fcr Bremspr\u00fcfst\u00e4nde teilgenommen haben.<\/p>\n<h2>Voraussetzungen<\/h2>\n<p>Erfolgreich abgeschlossene esz-Kompetenzschulung f\u00fcr Bremspr\u00fcfst\u00e4nde<\/p>\n<h2>Schulungszertifikat<\/h2>\n<p>Nach der erfolgreichen Teilnahme an der Schulung erhalten Sie ein entsprechendes Schulungszertifikat.<\/p>\n<h2>Schulungsdauer*<\/h2>\n<p>1 Arbeitstag<\/p>\n<h2>Schulungsorte und Termine*<\/h2>\n\r\n        <table class=\"esz-courses-list-table\">\r\n            <thead>\r\n            <tr>\r\n                                    <!-- Output attribute names as table headers -->\r\n                    <th>Ort<\/th>\r\n                                    <!-- Output attribute names as table headers -->\r\n                    <th>Datum<\/th>\r\n                                <th>Available places**<\/th> <!-- Header for the stock column -->\r\n            <\/tr>\r\n            <\/thead>\r\n            <tbody>\r\n                            <tr>\r\n                                            <!-- Output attribute value for this variation -->\r\n                        <td>Online<\/td>\r\n                                            <!-- Output attribute value for this variation -->\r\n                        <td>12.05.2026<\/td>\r\n                    \r\n                    <!-- Display stock quantity for the variation -->\r\n                    <td>\r\n                        No places                    <\/td>\r\n                <\/tr>\r\n                            <tr>\r\n                                            <!-- Output attribute value for this variation -->\r\n                        <td>Online<\/td>\r\n                                            <!-- Output attribute value for this variation -->\r\n                        <td>27.05.2026<\/td>\r\n                    \r\n                    <!-- Display stock quantity for the variation -->\r\n                    <td>\r\n                        No places                    <\/td>\r\n                <\/tr>\r\n                            <tr>\r\n                                            <!-- Output attribute value for this variation -->\r\n                        <td>Online<\/td>\r\n                                            <!-- Output attribute value for this variation -->\r\n                        <td>24.06.2026<\/td>\r\n                    \r\n                    <!-- Display stock quantity for the variation -->\r\n                    <td>\r\n                        No places                    <\/td>\r\n                <\/tr>\r\n                            <tr>\r\n                                            <!-- Output attribute value for this variation -->\r\n                        <td>Online<\/td>\r\n                                            <!-- Output attribute value for this variation -->\r\n                        <td>01.07.2026<\/td>\r\n                    \r\n                    <!-- Display stock quantity for the variation -->\r\n                    <td>\r\n                        3                    <\/td>\r\n                <\/tr>\r\n                        <\/tbody>\r\n        <\/table>\r\n\r\n        \n<p>&nbsp;<\/p>\n<h2>Anmeldeschluss<\/h2>\n<p>14 Tage vor Schulungstermin<\/p>\n<h2>Leistungen<\/h2>\n<p>Inklusive: Tagungsgetr\u00e4nke, Mittagessen <span data-teams=\"true\">(Nur bei Pr\u00e4senzveranstaltungen),<\/span> Teilnehmerunterlagen, Teilnahmezertifikat.<\/p>\n<p>Gerne f\u00fchren wir auch ab 6 Teilnehmern Schulungen bei Ihnen im Unternehmen durch.<\/p>\n<p>F\u00fcr ein Angebot kontaktieren Sie bitte:\u00a0<a href=\"mailto:schulung@esz-ag.de\">schulung@esz-ag.de<\/a><\/p>\n<h2>Stornobedingungen<\/h2>\n<ul>\n<li>Bei einer Absage \/ Stornierung der Teilnahme bis 7 Tage vor dem Schulungstermin werden keine Stornogeb\u00fchren erhoben.<\/li>\n<li>Bei einer Absage \/ Stornierung der Teilnahme zwischen 7 und 2 Tagen vor dem Schulungstermin werden Stornogeb\u00fchren in H\u00f6he von 50 % der Teilnahmegeb\u00fchr erhoben.<\/li>\n<li>Bei einer kurzfristigen Absage \/ Stornierung von weniger als 2 Tagen vor dem Schulungsbeginn bzw. bei Nichterscheinen werden Stornogeb\u00fchren in H\u00f6he von 100 % der Teilnahmegeb\u00fchr erhoben.<\/li>\n<\/ul>\n<h2>Kontakt<\/h2>\n<p>Bei Fragen zur Veranstaltung wenden Sie sich bitte an unser Schulungs-Team,<br \/>\nTel. 08141-88887-385<br \/>\nE-Mail:\u00a0<a href=\"mailto:schulung@esz-ag.de\">schulung@esz-ag.de<\/a><\/p>\n<p><sub>*\u00c4nderungen vorbehalten<\/sub><\/p>\n","protected":false},"excerpt":{"rendered":"<p>Durch die regelm\u00e4\u00dfige Teilnahme an Auffrischungsschulungen halten Sie Ihre Befugnis aktuell und k\u00f6nnen weiterhin unter&#8230;<\/p>\n","protected":false},"featured_media":0,"template":"","meta":{"_acf_changed":false,"inline_featured_image":false},"product_brand":[],"product_cat":[81],"product_tag":[],"class_list":{"0":"post-56008","1":"product","2":"type-product","3":"status-publish","5":"product_cat-kurs","7":"first","8":"instock","9":"taxable","10":"shipping-taxable","11":"purchasable","12":"product-type-variable"},"acf":[],"_links":{"self":[{"href":"https:\/\/www.esz-ag.de\/en\/wp-json\/wp\/v2\/product\/56008","targetHints":{"allow":["GET"]}}],"collection":[{"href":"https:\/\/www.esz-ag.de\/en\/wp-json\/wp\/v2\/product"}],"about":[{"href":"https:\/\/www.esz-ag.de\/en\/wp-json\/wp\/v2\/types\/product"}],"wp:attachment":[{"href":"https:\/\/www.esz-ag.de\/en\/wp-json\/wp\/v2\/media?parent=56008"}],"wp:term":[{"taxonomy":"product_brand","embeddable":true,"href":"https:\/\/www.esz-ag.de\/en\/wp-json\/wp\/v2\/product_brand?post=56008"},{"taxonomy":"product_cat","embeddable":true,"href":"https:\/\/www.esz-ag.de\/en\/wp-json\/wp\/v2\/product_cat?post=56008"},{"taxonomy":"product_tag","embeddable":true,"href":"https:\/\/www.esz-ag.de\/en\/wp-json\/wp\/v2\/product_tag?post=56008"}],"curies":[{"name":"wp","href":"https:\/\/api.w.org\/{rel}","templated":true}]}}