{"id":56000,"date":"2024-11-18T19:44:22","date_gmt":"2024-11-18T18:44:22","guid":{"rendered":"https:\/\/www.esz-ag.de\/?post_type=product&#038;p=56000"},"modified":"2026-04-30T15:00:51","modified_gmt":"2026-04-30T13:00:51","slug":"kompetenzschulung-zur-kalibrierung-von-bremspruefstaenden","status":"publish","type":"product","link":"https:\/\/www.esz-ag.de\/en\/produkt\/kompetenzschulung-zur-kalibrierung-von-bremspruefstaenden\/","title":{"rendered":"Kompetenzschulung zur Kalibrierung von Bremspr\u00fcfst\u00e4nden"},"content":{"rendered":"<h2>Zielgruppe<\/h2>\n<p>Technikerinnen und Techniker von Herstellern, H\u00e4ndlern, Servicebetrieben und Pr\u00fcforganisationen, die bereits Servicearbeiten an Bremspr\u00fcfst\u00e4nden durchgef\u00fchrt haben.<\/p>\n<h2>Voraussetzungen<\/h2>\n<ul>\n<li>F\u00fcr die Pr\u00fcfung notwendige, r\u00fcckgef\u00fchrt kalibrierte Messmittel (Kraftmessger\u00e4t f\u00fcr Vergleichsverfahren oder Kalibriervorrichtung mit Gewichten f\u00fcr Masse-Hebel-Verfahren, Umfangsma\u00dfband, Klimamessger\u00e4t \u2013 diese m\u00fcssen nicht zur Schulung mitgebracht werden)<\/li>\n<li>Laptop mit Windows 10 und Zugriff auf das Internet und E-Mails (kein Tablet)<\/li>\n<li>Beschriftungsger\u00e4t (bitte zur Schulung mitbringen) mit Schriftbandkassette<\/li>\n<li><a href=\"https:\/\/www.esz-ag.de\/wp-content\/uploads\/Rahmenvertrag-Blanko.pdf\">Rahmenvertrag (Partnervertrag)<\/a><\/li>\n<li><a href=\"https:\/\/www.esz-ag.de\/wp-content\/uploads\/Unterschriftenerfassung-2.pdf\">Digitalisierte Unterschrift<\/a><\/li>\n<li>Teilnahmebescheinigung einer Technikschulung von den Herstellern, deren Bremspr\u00fcfst\u00e4nde kalibriert werden sollen<\/li>\n<li>Teilnahmebescheinigung einer St\u00fcckpr\u00fcfungsschulung eines beliebigen Herstellers von Bremspr\u00fcfst\u00e4nden (Es werden mitunter kombinierte Schulungen zu Wartung und St\u00fcckpr\u00fcfung angeboten). Wir akzeptieren auch\u00a0<a href=\"https:\/\/www.esz-ag.de\/wp-content\/uploads\/Formblatt-Musterformular-Nachweis-von-Kompetenzen.docx\">Selbsterkl\u00e4rungen<\/a>.<\/li>\n<li>Erfahrung mit Bedienung, Instandsetzung, Wartung und St\u00fcckpr\u00fcfung von Bremspr\u00fcfst\u00e4nden<\/li>\n<\/ul>\n<h2>Schulungszertifikat<\/h2>\n<p>Am Ende der Schulung findet eine schriftliche Pr\u00fcfung statt. Nach erfolgreichem Bestehen der Schulung erhalten die Teilnehmer ein entsprechendes Schulungszertifikat.<\/p>\n<h2>Schulungsdauer*<\/h2>\n<p>1,5 Arbeitstage<\/p>\n<h2 style=\"background: white;margin: 0cm 0cm 9.0pt 0cm\"><span style=\"font-size: 24px;line-height: 107%;font-family: georgia, palatino, serif;color: #181b31;letter-spacing: -0.4pt\">Schulungsorte und Termine*<\/span><\/h2>\n\r\n        <table class=\"esz-courses-list-table\">\r\n            <thead>\r\n            <tr>\r\n                                    <!-- Output attribute names as table headers -->\r\n                    <th>Ort<\/th>\r\n                                    <!-- Output attribute names as table headers -->\r\n                    <th>Datum<\/th>\r\n                                <th>Available places**<\/th> <!-- Header for the stock column -->\r\n            <\/tr>\r\n            <\/thead>\r\n            <tbody>\r\n                            <tr>\r\n                                            <!-- Output attribute value for this variation -->\r\n                        <td>Oberhausen<\/td>\r\n                                            <!-- Output attribute value for this variation -->\r\n                        <td>04.08.2026-05.08.2026<\/td>\r\n                    \r\n                    <!-- Display stock quantity for the variation -->\r\n                    <td>\r\n                        6                    <\/td>\r\n                <\/tr>\r\n                            <tr>\r\n                                            <!-- Output attribute value for this variation -->\r\n                        <td>Eichenau<\/td>\r\n                                            <!-- Output attribute value for this variation -->\r\n                        <td>09.06.2026-10.06.2026<\/td>\r\n                    \r\n                    <!-- Display stock quantity for the variation -->\r\n                    <td>\r\n                        1                    <\/td>\r\n                <\/tr>\r\n                        <\/tbody>\r\n        <\/table>\r\n\r\n        \n<p>&nbsp;<\/p>\n<h2>Anmeldeschluss<\/h2>\n<p>14 Tage vor Schulungstermin<\/p>\n<h2>Leistungen<\/h2>\n<p>Inklusive: Tagungsgetr\u00e4nke, Mittagessen, Abschlusstest, Teilnahmezertifikat, Teilnehmerunterlagen.<\/p>\n<p>Gerne f\u00fchren wir auch ab 6 Teilnehmern Schulungen bei Ihnen im Unternehmen durch.<\/p>\n<p>F\u00fcr ein Angebot kontaktieren Sie bitte:\u00a0<a href=\"mailto:schulung@esz-ag.de\">schulung@esz-ag.de<\/a><\/p>\n<h2>Stornobedingungen<\/h2>\n<ul>\n<li>Bei einer Absage \/ Stornierung der Teilnahme bis 7 Tage vor dem Schulungstermin werden keine Stornogeb\u00fchren erhoben.<\/li>\n<li>Bei einer Absage \/ Stornierung der Teilnahme zwischen 7 und 2 Tagen vor dem Schulungstermin werden Stornogeb\u00fchren in H\u00f6he von 50 % der Teilnahmegeb\u00fchr erhoben.<\/li>\n<li>Bei einer kurzfristigen Absage \/ Stornierung von weniger als 2 Tagen vor dem Schulungsbeginn bzw. bei Nichterscheinen werden Stornogeb\u00fchren in H\u00f6he von 100 % der Teilnahmegeb\u00fchr erhoben.<\/li>\n<\/ul>\n<h2>Kontakt<\/h2>\n<p>Bei Fragen zur Veranstaltung wenden Sie sich bitte an unser Schulungs-Team,<br \/>\nTel. 08141-88887-385<br \/>\nE-Mail:\u00a0<a href=\"mailto:schulung@esz-ag.de\">schulung@esz-ag.de<\/a><\/p>\n<p><sub>*\u00c4nderungen vorbehalten<\/sub><\/p>\n","protected":false},"excerpt":{"rendered":"<p>Zielgruppe Technikerinnen und Techniker von Herstellern, H\u00e4ndlern, Servicebetrieben und Pr\u00fcforganisationen, die bereits Servicearbeiten an Bremspr\u00fcfst\u00e4nden&#8230;<\/p>\n","protected":false},"featured_media":0,"template":"","meta":{"_acf_changed":false,"inline_featured_image":false},"product_brand":[],"product_cat":[81],"product_tag":[],"class_list":{"0":"post-56000","1":"product","2":"type-product","3":"status-publish","5":"product_cat-kurs","7":"first","8":"instock","9":"taxable","10":"shipping-taxable","11":"purchasable","12":"product-type-variable"},"acf":[],"_links":{"self":[{"href":"https:\/\/www.esz-ag.de\/en\/wp-json\/wp\/v2\/product\/56000","targetHints":{"allow":["GET"]}}],"collection":[{"href":"https:\/\/www.esz-ag.de\/en\/wp-json\/wp\/v2\/product"}],"about":[{"href":"https:\/\/www.esz-ag.de\/en\/wp-json\/wp\/v2\/types\/product"}],"wp:attachment":[{"href":"https:\/\/www.esz-ag.de\/en\/wp-json\/wp\/v2\/media?parent=56000"}],"wp:term":[{"taxonomy":"product_brand","embeddable":true,"href":"https:\/\/www.esz-ag.de\/en\/wp-json\/wp\/v2\/product_brand?post=56000"},{"taxonomy":"product_cat","embeddable":true,"href":"https:\/\/www.esz-ag.de\/en\/wp-json\/wp\/v2\/product_cat?post=56000"},{"taxonomy":"product_tag","embeddable":true,"href":"https:\/\/www.esz-ag.de\/en\/wp-json\/wp\/v2\/product_tag?post=56000"}],"curies":[{"name":"wp","href":"https:\/\/api.w.org\/{rel}","templated":true}]}}