{"id":54241,"date":"2022-08-26T12:53:22","date_gmt":"2022-08-26T10:53:22","guid":{"rendered":"https:\/\/esz.dyncom.de\/akkreditierung-umfangreiches-dienstleistungsangebot\/"},"modified":"2026-04-08T09:32:57","modified_gmt":"2026-04-08T07:32:57","slug":"accreditation-comprehensive-range-of-services","status":"publish","type":"page","link":"https:\/\/www.esz-ag.de\/en\/accreditation-comprehensive-range-of-services\/","title":{"rendered":"Accreditation &#8211; comprehensive range of services"},"content":{"rendered":"<div class=\"wpb-content-wrapper\"><p>[vc_row content_placement=&#8221;top&#8221; bg_position=&#8221;right center&#8221; css=&#8221;.vc_custom_1701380589996{margin-bottom: 120px !important;background-position: center !important;background-repeat: no-repeat !important;background-size: contain !important;}&#8221; el_class=&#8221;hero-section-subpage&#8221; responsive_css=&#8221;margin_top_medium:32px&#8221;][vc_column width=&#8221;1\/2&#8243;][vc_column_text css=&#8221;.vc_custom_1716300929306{margin-bottom: 24px !important;}&#8221;]<\/p>\n<p class=\"subline\">Accreditation<\/p>\n<p>[\/vc_column_text][vc_column_text css=&#8221;.vc_custom_1716382105153{margin-bottom: 24px !important;}&#8221;]<\/p>\n<h1 id=\"dkd-labor-und-dakks-kalibrierung\">Comprehensive range of services<\/h1>\n<p>[\/vc_column_text][vc_column_text css=&#8221;.vc_custom_1775558214257{margin-bottom: 28px !important;}&#8221; el_class=&#8221;hero-section-text&#8221;]Since 1997, the esz calibration laboratory has been accredited by the German Accreditation Body under DAkkS D-K-15019-01-00 (formerly DKD-K-18201) and authorised to issue accredited calibration certificates in accordance with DIN EN ISO\/IEC 17025. We are one of the leading and largest calibration laboratories in Europe. This is confirmed by the number of accredited quantities and measuring ranges in accordance with DIN EN ISO\/IEC 17025. Our calibration facilities and laboratories allow the guaranteed traceability of all measured quantities to national and international standards. The unique accreditation spectrum and our comprehensive range of services are the basis for our promise: We make trust measurable.[\/vc_column_text]<a href=\"#heading_dakks-accredited-calibration\" class=\"btn btn-default btn-sm circle btn-bordered border-thin ld_button_69f2cde3b7034 vc_custom_1775633555319\">\n\t<span>\n\t\t\n\t\t\t\t\t<span class=\"btn-txt\">Learn more<\/span>\n\t\t\t\n\t\t\t\t<\/span>\n<\/a>\n<a href=\"#heading_german-calibration-service-certified-quality\" class=\"btn btn-default btn-sm circle btn-bordered border-thin ld_button_69f2cde3b72f5\">\n\t<span>\n\t\t\n\t\t\t\t\t<span class=\"btn-txt\">More about the DKD<\/span>\n\t\t\t\n\t\t\t\t<\/span>\n<\/a>\n[\/vc_column][vc_column width=&#8221;1\/2&#8243;][vc_column_text css=&#8221;.vc_custom_1704273350202{margin-bottom: 48px !important;}&#8221; el_class=&#8221;hero-img&#8221;]<img loading=\"lazy\" decoding=\"async\" class=\"alignleft wp-image-1544 size-full\" src=\"https:\/\/www.esz-ag.de\/wp-content\/uploads\/yellow_header_kalibrierscheine_2.png\" alt=\"Akkreditierung\" width=\"1074\" height=\"320\" title=\"\">[\/vc_column_text][\/vc_column][\/vc_row][vc_row el_class=&#8221;ce-img-text&#8221; css=&#8221;.vc_custom_1701380931006{margin-bottom: 64px !important;}&#8221;][vc_column offset=&#8221;vc_col-md-8&#8243;][vc_column_text css=&#8221;.vc_custom_1716382161679{margin-bottom: 32px !important;}&#8221;]<\/p>\n<h2>Accreditation certificate<\/h2>\n<p>The range of services offered by esz AG is extensive. It is now much easier to list business areas and measurement parameters for which there is no accreditation.[\/vc_column_text][vc_row_inner][vc_column_inner width=&#8221;1\/2&#8243; css=&#8221;.vc_custom_1775633357791{margin-bottom: 23px !important;}&#8221;][vc_single_image image=&#8221;59931&#8243; img_size=&#8221;707 x 999&#8243; style=&#8221;vc_box_shadow&#8221; onclick=&#8221;custom_link&#8221; img_link_target=&#8221;_blank&#8221; link=&#8221;https:\/\/www.esz-ag.de\/wp-content\/uploads\/Akkreditierungsurkunde-D-K-15019-01-00_2022.pdf&#8221; css=&#8221;.vc_custom_1775557933363{margin-bottom: 24px !important;}&#8221;]<a href=\"https:\/\/www.esz-ag.de\/wp-content\/uploads\/D-K-15019-01-01-en-GB-combined.pdf\" title=\"Akkreditierungsurkunde D K 15019 01 00\" target=\"_blank\" class=\"btn btn-solid btn-sm circle btn-bordered border-thin btn-icon-left ld_button_69f2cde3b74f3\">\n\t<span>\n\t\t\n\t\t\t\t\t<span class=\"btn-txt\">DAkkS Certificate<\/span>\n\t\t\t\n\t<span class=\"btn-icon\"><i class=\"far fa-arrow-alt-circle-down\"><\/i><\/span>\t\t\t<\/span>\n<\/a>\n[\/vc_column_inner][vc_column_inner width=&#8221;1\/2&#8243; css=&#8221;.vc_custom_1775633369580{margin-bottom: 23px !important;}&#8221;][vc_single_image image=&#8221;59933&#8243; img_size=&#8221;707 x 999&#8243; style=&#8221;vc_box_shadow&#8221; onclick=&#8221;custom_link&#8221; img_link_target=&#8221;_blank&#8221; link=&#8221;https:\/\/www.esz-ag.de\/wp-content\/uploads\/D-K-15019-01-01-en-GB-combined.pdf&#8221; css=&#8221;.vc_custom_1775559662958{margin-bottom: 24px !important;}&#8221;]<a href=\"https:\/\/www.esz-ag.de\/wp-content\/uploads\/D-K-15019-01-01-en-GB-combined.pdf\" title=\"Annex to partial accreditation certificate\" target=\"_blank\" class=\"btn btn-solid btn-sm circle btn-bordered border-thin btn-icon-left ld_button_69f2cde3b76f5\">\n\t<span>\n\t\t\n\t\t\t\t\t<span class=\"btn-txt\">DAkkS Annex<\/span>\n\t\t\t\n\t<span class=\"btn-icon\"><i class=\"far fa-arrow-alt-circle-down\"><\/i><\/span>\t\t\t<\/span>\n<\/a>\n[\/vc_column_inner][\/vc_row_inner][vc_column_text]Please note that this English version for DAkkS is intended for temporary use only and does not constitute the final version[\/vc_column_text][\/vc_column][\/vc_row][vc_row el_class=&#8221;ce-img-text&#8221; css=&#8221;.vc_custom_1701381138590{margin-bottom: 64px !important;}&#8221;][vc_column offset=&#8221;vc_col-md-8&#8243;][vc_column_text css=&#8221;.vc_custom_1716382490816{margin-bottom: 64px !important;}&#8221;]<\/p>\n<h2>The esz AG as the basis for every quality management system<\/h2>\n<p>Esz AG performs calibrations of measuring instruments and measuring standards for the quantities and measuring ranges specified during accreditation. The DAkkS\/DKD calibration certificates issued by esz AG are proof of traceability to national standards, as required, for example, by the DIN EN ISO 9001 and DIN EN ISO\/IEC 17025 family of standards. Important information on the calibration certificate can be found <a href=\"https:\/\/www.esz-ag.de\/en\/service\/certificates-seals\/\">here<\/a>.<br \/>\nCalibrations by the DAkkS\/DKD laboratory provide every user with certainty about the reliability of their measurement results, increase the confidence of their customers and enhance their competitiveness on the national and international market. They serve as a metrological basis for monitoring measuring and test equipment as part of quality management. Have a look at the <a href=\"https:\/\/www.esz-ag.de\/en\/company\/#quality-management\">Quality management manual<\/a> of esz AG.[\/vc_column_text][vc_column_text css=&#8221;.vc_custom_1739895232895{margin-bottom: 30px !important;}&#8221;]<\/p>\n<h2 id=\"dakks-akkreditierung-nr.d-k-15019-01\">DAkkS Accreditation No. D-K-15019-01<\/h2>\n<p>At regular intervals, the Deutsche Akkreditierungsstelle GmbH confirms that the calibration laboratory of esz AG calibration &amp; metrology has the competence according to DIN EN ISO\/IEC 17025:2018 to carry out accredited calibrations both in the permanent laboratory and on site at the customer&#8217;s premises. This applies to the following areas:[\/vc_column_text][vc_column_text css=&#8221;.vc_custom_1716382567390{margin-bottom: 24px !important;}&#8221;]<\/p>\n<h3><strong>Electrical Quantities<\/strong><\/h3>\n<p>[\/vc_column_text][vc_row_inner][vc_column_inner width=&#8221;1\/2&#8243; css=&#8221;.vc_custom_1701381172855{margin-bottom: 64px !important;}&#8221;][vc_column_text]<\/p>\n<h4><strong>DC and low frequency<\/strong><\/h4>\n<ul>\n<li>DC and AC voltage<\/li>\n<li>DC and AC voltage meters<\/li>\n<li>DC resistance<\/li>\n<li>AC resistance<\/li>\n<li>Charge<\/li>\n<li>Energy<\/li>\n<li>Inductance<\/li>\n<li>Capacity<\/li>\n<li>Phase difference between sinusoidal voltage signals<\/li>\n<li>Phase difference between sinusoidal input current and sinusoidal output voltage<\/li>\n<li>Phase difference between sinusoidal output signal and sinusoidal input current<\/li>\n<li>Phase difference between sinusoidal voltage signal and sinusoidal current signal<\/li>\n<li>Phase difference between fundamental and nth harmonic of a voltage signal<\/li>\n<li>Phase difference between base wave and nth harmonic of a current signal<\/li>\n<li>AC reactive power<\/li>\n<li>AC apparent power<\/li>\n<li>Loss factor<\/li>\n<li>Sound pressure level, A-weighted<\/li>\n<li>DC voltage, ripple factor<\/li>\n<\/ul>\n<h4><strong>Time and Frequency<\/strong><\/h4>\n<ul>\n<li>Time interval<\/li>\n<li>Frequency and speed<\/li>\n<\/ul>\n<h4><strong>Optical Quantities <\/strong><\/h4>\n<ul>\n<li>Photometric Quantities\n<ul>\n<li>Illuminance level<\/li>\n<li>Transmission<\/li>\n<li>Turbidity level<\/li>\n<li>Turbidity coefficient<\/li>\n<\/ul>\n<\/li>\n<li>Radiometric quantities\n<ul>\n<li>Optical performance<\/li>\n<li>Optical attenuation<\/li>\n<li>Wavelengths<\/li>\n<li>Kilometric attenuation<\/li>\n<\/ul>\n<\/li>\n<\/ul>\n<h4><strong>Dimensional Quantities<\/strong><\/h4>\n<ul>\n<li>Length\n<ul>\n<li>Thread<\/li>\n<li>Diameter<\/li>\n<li>Gauge blocks<\/li>\n<li>Means of measuring length<\/li>\n<li>Line dimensions, distances<\/li>\n<li>Flatness\/straightness<\/li>\n<li>Parallelism<\/li>\n<li>Coordinate measuring devices<\/li>\n<\/ul>\n<\/li>\n<li>\u00a0Angle\n<ul>\n<li>Slope<\/li>\n<\/ul>\n<\/li>\n<\/ul>\n<h4><strong>Flow measurement quantities<\/strong><\/h4>\n<ul>\n<li>Flow of gases<\/li>\n<\/ul>\n<p>[\/vc_column_text][\/vc_column_inner][vc_column_inner width=&#8221;1\/2&#8243; css=&#8221;.vc_custom_1701381178063{margin-bottom: 64px !important;}&#8221;][vc_column_text]<\/p>\n<h4><strong>Electrical high-frequency quantities<\/strong><\/h4>\n<ul>\n<li>HF voltage<\/li>\n<li>HF current<\/li>\n<li>HF impedance (reflection factor)<\/li>\n<li>HF power<\/li>\n<li>HF attenuation<\/li>\n<li>Pulse quantities<\/li>\n<li>Oscilloscope quantities<\/li>\n<li>Rise time<\/li>\n<li>Bandwidth<\/li>\n<li>HF noise<\/li>\n<li>Modulation quantities<\/li>\n<\/ul>\n<h4><strong>Thermodynamic quantities<\/strong><\/h4>\n<h5>Temperature quantities<\/h5>\n<ul>\n<li>Resistance thermometer<\/li>\n<li>Thermocouples, thermoelements<\/li>\n<li>direct-reading thermometers<\/li>\n<li>Temperature indicators and simulators<\/li>\n<li>Climate cabinets (temperature)<\/li>\n<li>Surface thermometer, also direct reading<\/li>\n<li>Liquid glass thermometer<\/li>\n<li>Radiation thermometer<\/li>\n<li>Block calibrators<\/li>\n<li>Infrared radiators<\/li>\n<li>Calibration baths<\/li>\n<\/ul>\n<h5><sup><br \/>\n<\/sup>Moisture quantities<\/h5>\n<ul>\n<li>Humidity and dew point temperature<\/li>\n<\/ul>\n<h5><sup><br \/>\n<\/sup>Climate cabinets (humidity)<\/h5>\n<ul>\n<li>Measuring instruments for relative humidity<sup><br \/>\n<\/sup><\/li>\n<li>Measuring instruments for absolute humidity<\/li>\n<\/ul>\n<h4><strong><sup><br \/>\n<\/sup>Mechanical quantities<\/strong><\/h4>\n<ul>\n<li>Pressure<\/li>\n<li>Absolute pressure<\/li>\n<li>Relative pressure<\/li>\n<li>Force<\/li>\n<li>Torque<\/li>\n<li>Torque in test benches<\/li>\n<li>Scales<\/li>\n<li>Mass<\/li>\n<\/ul>\n<h4><sup><br \/>\n<\/sup><strong>Measuring instruments in the automotive industry (MIK) <\/strong><\/h4>\n<ul>\n<li>Roller brake testers<\/li>\n<li>Disc brake testers<sup><br \/>\n<\/sup><\/li>\n<li>Headlamp alignment test systems (SEPS)<sup><br \/>\n<\/sup><\/li>\n<li>Installation areas for headlight alignment test units (ASEP<sup><br \/>\n<\/sup><\/li>\n<li>Parking spaces for motor vehicles<sup><br \/>\n<\/sup><\/li>\n<li>Exhaust gas measuring devices for spark ignition engines<sup><br \/>\n<\/sup><\/li>\n<li>Exhaust gas measuring devices for compression ignition engines<\/li>\n<\/ul>\n<p>[\/vc_column_text][\/vc_column_inner][\/vc_row_inner][\/vc_column][\/vc_row][vc_row css=&#8221;.vc_custom_1687784437909{margin-bottom: 140px !important;}&#8221;][vc_column offset=&#8221;vc_col-lg-offset-2 vc_col-lg-8 vc_col-md-offset-1 vc_col-md-10 vc_col-xs-12&#8243; el_class=&#8221;card-white box-benefits&#8221;][vc_row_inner css=&#8221;.vc_custom_1687788029534{margin-bottom: 24px !important;background-color: #fec804 !important;}&#8221;][vc_column_inner css=&#8221;.vc_custom_1687787940731{padding-top: 16px !important;padding-right: 16px !important;padding-bottom: 16px !important;padding-left: 16px !important;}&#8221;][vc_column_text]<\/p>\n<h2>Your benefits<\/h2>\n<p>[\/vc_column_text][\/vc_column_inner][\/vc_row_inner][vc_row_inner css=&#8221;.vc_custom_1687786330547{padding-right: 16px !important;padding-left: 16px !important;}&#8221;][vc_column_inner width=&#8221;1\/2&#8243;][vc_column_text]<\/p>\n<ul>\n<li>Identical standard for DAkkS and ISO calibrations<\/li>\n<li>Calibration certificate available in digital (complete) and printed form<\/li>\n<\/ul>\n<p>[\/vc_column_text][\/vc_column_inner][vc_column_inner width=&#8221;1\/2&#8243;][vc_column_text]<\/p>\n<ul>\n<li>Retrieval via <a href=\"https:\/\/www.esz-ag.de\/en\/download-calibration-certificates\/\"><u>Calibration certificate download<\/u> <\/a>or <a href=\"https:\/\/www.esz-ag.de\/en\/software-consulting\/software\/\"><u>asset expert<\/u><\/a><\/li>\n<li>QR code links directly to calibration certificate<\/li>\n<\/ul>\n<p>[\/vc_column_text][\/vc_column_inner][\/vc_row_inner][\/vc_column][\/vc_row][vc_row css=&#8221;.vc_custom_1665732519116{margin-bottom: 140px !important;}&#8221;][vc_column][vc_column_text][vc_row el_class=\"block-service\"][vc_column][vc_row_inner][vc_column_inner width=\"1\/2\" offset=\"vc_hidden-lg vc_hidden-md vc_hidden-sm\"][vc_column_text css=\".vc_custom_1699285981384{margin-bottom: 32px !important;}\" el_class=\"home-service-text\"]\r\n<p class=\"subline\">Service<\/p>\r\n\r\n<h2>Logistik Expert<\/h2>\r\nMit dem Abhol- und Lieferservice der esz AG sind Ihre empfindlichen Pr\u00fcfmittel immer in sicheren H\u00e4nden. W\u00e4hlen Sie zwischen einer individuellen Abholung und Zustellung oder unserem w\u00f6chentlichen Lieferservice mit festen Touren.[\/vc_column_text][\/vc_column_inner][vc_column_inner width=\"1\/2\" align=\"text-center\" offset=\"vc_hidden-lg vc_hidden-md vc_hidden-sm\"][vc_single_image image=\"50940\" img_size=\"full\" style=\"vc_box_rounded\" css=\".vc_custom_1699286265006{margin-bottom: 0px !important;}\"]<a href=\"https:\/\/www.esz-ag.de\/service\/abhol-und-lieferservice\/\" title=\"Abhol- &amp; Lieferservice\" class=\"btn btn-solid btn-sm circle btn-bordered border-thin btn-icon-left service-block-btn ld_button_69f2cde3b7e5b vc_custom_1698355039742\">\n\t<span>\n\t\t\n\t\t\t\t\t<span class=\"btn-txt\">Mehr erfahren<\/span>\n\t\t\t\n\t<span class=\"btn-icon\"><i class=\"fas fa-shipping-fast\"><\/i><\/span>\t\t\t<\/span>\n<\/a>\n[\/vc_column_inner][\/vc_row_inner][vc_row_inner content_placement=\"middle\"][vc_column_inner width=\"1\/2\" el_class=\"service-img\" offset=\"vc_hidden-xs\"][vc_single_image image=\"50940\" img_size=\"full\" style=\"vc_box_rounded\"][\/vc_column_inner][vc_column_inner width=\"1\/2\" offset=\"vc_hidden-xs\"][vc_column_text css=\".vc_custom_1686743783084{margin-bottom: 32px !important;}\" el_class=\"home-service-text\"]\r\n<p class=\"subline\">Service<\/p>\r\n\r\n<h2>Logistik Expert<\/h2>\r\nMit dem Abhol- und Lieferservice der esz AG sind Ihre empfindlichen Pr\u00fcfmittel immer in sicheren H\u00e4nden. W\u00e4hlen Sie zwischen einer individuellen Abholung und Zustellung oder unserem w\u00f6chentlichen Lieferservice mit festen Touren.[\/vc_column_text]<a href=\"https:\/\/www.esz-ag.de\/service\/abhol-und-lieferservice\/\" title=\"Abhol- &amp; Lieferservice\" class=\"btn btn-solid btn-sm circle btn-bordered border-thin btn-icon-left service-block-btn ld_button_69f2cde3b8094 vc_custom_1698355039742\">\n\t<span>\n\t\t\n\t\t\t\t\t<span class=\"btn-txt\">Mehr erfahren<\/span>\n\t\t\t\n\t<span class=\"btn-icon\"><i class=\"fas fa-shipping-fast\"><\/i><\/span>\t\t\t<\/span>\n<\/a>\n[\/vc_column_inner][\/vc_row_inner][\/vc_column][\/vc_row][\/vc_column_text][\/vc_column][\/vc_row][vc_row css=&#8221;.vc_custom_1657726315500{margin-bottom: 160px !important;padding-right: 24px !important;padding-left: 24px !important;}&#8221; el_class=&#8221;row-accordion&#8221;][vc_column offset=&#8221;vc_col-lg-offset-2 vc_col-lg-8 vc_col-md-offset-1 vc_col-md-10&#8243; el_class=&#8221;card-white card-accordion&#8221; responsive_css=&#8221;padding_top_medium:24px|padding_right_medium:66px|padding_bottom_medium:48px|padding_left_medium:66px&#8221; css=&#8221;.vc_custom_1657727642707{margin-right: 8px !important;margin-left: 8px !important;}&#8221;][vc_column_text el_class=&#8221;hero-section-text&#8221; css=&#8221;.vc_custom_1716384052191{margin-bottom: 16px !important;}&#8221;]<\/p>\n<h2 style=\"text-align: center;\">More information<\/h2>\n<p>[\/vc_column_text]<div class=\"accordion accordion-md vc_accordion_69f2cde3b84fd\" id=\"vc_accordion_69f2cde3b84fd\" role=\"tablist\" aria-multiselectable=\"true\">\n\n\t<div class=\"accordion-item panel  active \">\n\n\t\t<div class=\"accordion-heading\" role=\"tab\" id=\"heading_german-calibration-service-certified-quality\">\n\t\t\t<h3 class=\"accordion-title\">\n\t\t\t\t<a class=\"\" data-toggle=\"collapse\" data-parent=\"#vc_accordion_69f2cde3b84fd\" href=\"#german-calibration-service-certified-quality\" aria-expanded=\"true\" aria-controls=\"german-calibration-service-certified-quality\">\n\t\t\t\t\t\n\t\t\t\t\t\n\t\t\t\t\tGerman Calibration Service. Certified quality\n\t\t\t\t\t\t\t\t\t\t<span class=\"accordion-expander\">\n\t\t\t\t\t\t<i class=\"fa fa-plus\"><\/i>\n\t\t\t\t\t\t<i class=\"fa fa-minus\"><\/i>\n\t\t\t\t\t<\/span>\n\t\t\t\t\t\n\t\t\t\t<\/a>\n\t\t\t\t\n\t\t\t<\/h3>\n\t\t<\/div>\n\n\t\t<div id=\"german-calibration-service-certified-quality\" class=\"accordion-collapse collapse in\" role=\"tabpanel\" aria-labelledby=\"heading_german-calibration-service-certified-quality\">\n\t\t\t<div class=\"accordion-content\">\n\t\t\t<p>[vc_column_text]<\/p>\n<p class=\"esz-Standardtext\">The German Calibration Service (DKD) is an association of calibration laboratories from industrial companies, research institutes, technical authorities, monitoring and testing institutions, which are monitored, audited and accredited by the accreditation body (DAkkS) under the auspices of the Physikalisch-Technische Bundesanstalt (PTB). With its laboratories and technical committees, the DKD ensures the technical competence and the link between industrial metrology and the PTB&#8217;s legal mandate to disseminate the units in Germany.<\/p>\n<p>[\/vc_column_text]<\/p>\n\t\t\t<\/div>\n\t\t<\/div>\n\t<\/div>\n\t<div class=\"accordion-item panel  \">\n\n\t\t<div class=\"accordion-heading\" role=\"tab\" id=\"heading_dakks-accredited-calibration\">\n\t\t\t<h3 class=\"accordion-title\">\n\t\t\t\t<a class=\"collapsed\" data-toggle=\"collapse\" data-parent=\"#vc_accordion_69f2cde3b84fd\" href=\"#dakks-accredited-calibration\" aria-expanded=\"false\" aria-controls=\"dakks-accredited-calibration\">\n\t\t\t\t\t\n\t\t\t\t\t\n\t\t\t\t\tDAkkS accredited calibration\n\t\t\t\t\t\t\t\t\t\t<span class=\"accordion-expander\">\n\t\t\t\t\t\t<i class=\"fa fa-plus\"><\/i>\n\t\t\t\t\t\t<i class=\"fa fa-minus\"><\/i>\n\t\t\t\t\t<\/span>\n\t\t\t\t\t\n\t\t\t\t<\/a>\n\t\t\t\t\n\t\t\t<\/h3>\n\t\t<\/div>\n\n\t\t<div id=\"dakks-accredited-calibration\" class=\"accordion-collapse collapse\" role=\"tabpanel\" aria-labelledby=\"heading_dakks-accredited-calibration\">\n\t\t\t<div class=\"accordion-content\">\n\t\t\t<p>[vc_column_text]<\/p>\n<p class=\"esz-Standardtext\">German Accreditation Body DAkkS:<\/p>\n<p class=\"esz-Standardtext\">The legal mandate of DAkkS is to carry out the accreditation of conformity assessment bodies (laboratories, certification and inspection bodies). Accreditation by the DAkkS confirms that the above-mentioned bodies fulfil their tasks competently and in accordance with applicable requirements.<\/p>\n<p>Accredited calibrations ensure internationally recognised traceability of measurement results in accordance with DIN EN ISO 17025 without the need for further verification. The benefits of accredited calibration of your measuring equipment include a high level of trust, legal certainty and international recognition.[\/vc_column_text]<\/p>\n\t\t\t<\/div>\n\t\t<\/div>\n\t<\/div>\n<\/div>[\/vc_column][\/vc_row]<\/p>\n<\/div>","protected":false},"excerpt":{"rendered":"<p>[vc_row content_placement=&#8221;top&#8221; bg_position=&#8221;right center&#8221; css=&#8221;.vc_custom_1701380589996{margin-bottom: 120px !important;background-position: center !important;background-repeat: no-repeat !important;background-size: contain !important;}&#8221; el_class=&#8221;hero-section-subpage&#8221; responsive_css=&#8221;margin_top_medium:32px&#8221;][vc_column&#8230;<\/p>\n","protected":false},"author":1,"featured_media":0,"parent":0,"menu_order":36,"comment_status":"closed","ping_status":"closed","template":"","meta":{"_acf_changed":false,"inline_featured_image":false,"footnotes":""},"class_list":["post-54241","page","type-page","status-publish","hentry"],"acf":[],"_links":{"self":[{"href":"https:\/\/www.esz-ag.de\/en\/wp-json\/wp\/v2\/pages\/54241","targetHints":{"allow":["GET"]}}],"collection":[{"href":"https:\/\/www.esz-ag.de\/en\/wp-json\/wp\/v2\/pages"}],"about":[{"href":"https:\/\/www.esz-ag.de\/en\/wp-json\/wp\/v2\/types\/page"}],"author":[{"embeddable":true,"href":"https:\/\/www.esz-ag.de\/en\/wp-json\/wp\/v2\/users\/1"}],"replies":[{"embeddable":true,"href":"https:\/\/www.esz-ag.de\/en\/wp-json\/wp\/v2\/comments?post=54241"}],"version-history":[{"count":17,"href":"https:\/\/www.esz-ag.de\/en\/wp-json\/wp\/v2\/pages\/54241\/revisions"}],"predecessor-version":[{"id":59950,"href":"https:\/\/www.esz-ag.de\/en\/wp-json\/wp\/v2\/pages\/54241\/revisions\/59950"}],"wp:attachment":[{"href":"https:\/\/www.esz-ag.de\/en\/wp-json\/wp\/v2\/media?parent=54241"}],"curies":[{"name":"wp","href":"https:\/\/api.w.org\/{rel}","templated":true}]}}