{"id":54234,"date":"2022-10-13T17:42:34","date_gmt":"2022-10-13T15:42:34","guid":{"rendered":"https:\/\/esz.dyncom.de\/service\/abhol-und-lieferservice\/"},"modified":"2025-10-21T09:24:35","modified_gmt":"2025-10-21T07:24:35","slug":"pick-up-and-delivery-service","status":"publish","type":"page","link":"https:\/\/www.esz-ag.de\/en\/service\/pick-up-and-delivery-service\/","title":{"rendered":"Pick-up &#038; delivery service"},"content":{"rendered":"<div class=\"wpb-content-wrapper\"><p>[vc_row bg_position=&#8221;right center&#8221; css=&#8221;.vc_custom_1706537206705{margin-bottom: 128px !important;background-position: center !important;background-repeat: no-repeat !important;background-size: contain !important;}&#8221; el_class=&#8221;hero-section-subpage&#8221; responsive_css=&#8221;margin_top_medium:64px&#8221;][vc_column width=&#8221;1\/2&#8243;][vc_column_text el_class=&#8221;hero-section-text&#8221; css=&#8221;.vc_custom_1715846184241{margin-bottom: 16px !important;}&#8221;]<\/p>\n<p class=\"subline\">Pick-up &amp; delivery service<\/p>\n<p>[\/vc_column_text][vc_column_text css=&#8221;.vc_custom_1717099370685{margin-bottom: 24px !important;}&#8221;]<\/p>\n<h1>Your test equipment in the best hands<\/h1>\n<p>[\/vc_column_text][vc_column_text css=&#8221;.vc_custom_1715846263578{margin-bottom: 32px !important;}&#8221; el_class=&#8221;hero-section-text&#8221;]<\/p>\n<p class=\"esz-Standardtext\">With the esz AG collection and delivery service, your sensitive test equipment is always in safe hands. Avoid expensive transport monitoring systems and forget about searching for suitable packaging material, boxes or crates. Our trained drivers not only transport your test equipment directly to and from the calibration laboratory, but also pack it in special protective containers on site. Choose between individual collection and delivery or our weekly delivery service with fixed routes. Alternatively, you can of course also use delivery via our transport partners.<\/p>\n<div class=\"highlight\"><\/div>\n<p>[\/vc_column_text][\/vc_column][vc_column width=&#8221;1\/2&#8243;][vc_column_text css=&#8221;.vc_custom_1704192949134{margin-bottom: 48px !important;}&#8221; el_class=&#8221;hero-img&#8221;]<img loading=\"lazy\" decoding=\"async\" class=\"alignleft wp-image-1997 size-full\" src=\"https:\/\/www.esz-ag.de\/wp-content\/uploads\/yellow_lieferservice.png\" alt=\"Abhol- &amp; Lieferservice\" width=\"1074\" height=\"320\" title=\"\">[\/vc_column_text][\/vc_column][\/vc_row][vc_row bg_position=&#8221;right center&#8221; css=&#8221;.vc_custom_1690380118509{margin-bottom: 32px !important;background-position: center !important;background-repeat: no-repeat !important;background-size: contain !important;}&#8221; el_class=&#8221;hero-section-subpage&#8221; responsive_css=&#8221;margin_top_medium:32px&#8221;][vc_column offset=&#8221;vc_col-md-8&#8243;][vc_column_text]<\/p>\n<h2>Pick-up &amp; delivery service<\/h2>\n<p>[\/vc_column_text][\/vc_column][\/vc_row][vc_row css=&#8221;.vc_custom_1694170151998{margin-bottom: 128px !important;}&#8221;][vc_column offset=&#8221;vc_col-lg-10&#8243;]<div class=\"tabs tabs-nav-justified tabs-nav-underlined tabs-nav-active-underlined ld_tabs_69f2bc29000b1\" >\n\t<ul class=\"nav tabs-nav\" role=\"tablist\"><li role=\"presentation\" class=\"h5 active\"><a href=\"#1689937953622-a8d7d948-d1cb\" aria-expanded=\"false\" aria-controls=\"1689937953622-a8d7d948-d1cb\" role=\"tab\" data-toggle=\"tab\">Berlin location<\/a><\/li><li role=\"presentation\" class=\"h5\"><a href=\"#1689937953681-922b6486-91c9\" aria-expanded=\"false\" aria-controls=\"1689937953681-922b6486-91c9\" role=\"tab\" data-toggle=\"tab\">Eichenau location<\/a><\/li><li role=\"presentation\" class=\"h5\"><a href=\"#1690371424579-61e8c768-8b38\" aria-expanded=\"false\" aria-controls=\"1690371424579-61e8c768-8b38\" role=\"tab\" data-toggle=\"tab\">Mannheim location<\/a><\/li><li role=\"presentation\" class=\"h5\"><a href=\"#1690372056094-a08f924a-eb06\" aria-expanded=\"false\" aria-controls=\"1690372056094-a08f924a-eb06\" role=\"tab\" data-toggle=\"tab\">Nuremberg location<\/a><\/li><li role=\"presentation\" class=\"h5\"><a href=\"#1690372236454-c53159c7-e069\" aria-expanded=\"false\" aria-controls=\"1690372236454-c53159c7-e069\" role=\"tab\" data-toggle=\"tab\">Steinfurt location<\/a><\/li><li role=\"presentation\" class=\"h5\"><a href=\"#1690372577558-6b62b702-501f\" aria-expanded=\"false\" aria-controls=\"1690372577558-6b62b702-501f\" role=\"tab\" data-toggle=\"tab\">Vienna location<\/a><\/li><\/ul>\t<div class=\"tabs-content\"><div id=\"1689937953622-a8d7d948-d1cb\" role=\"tabpanel\" class=\"tabs-pane fade active in\"><p>[vc_column_text el_class=&#8221;table-touren&#8221;]<\/p>\n<h3>Berlin location<\/h3>\n<table>\n<tbody>\n<tr>\n<th scope=\"col\">Route<\/th>\n<th scope=\"col\">Through<\/th>\n<th scope=\"col\">Date<\/th>\n<\/tr>\n<tr>\n<td>Dresden<\/td>\n<td>Berlin, Cottbus, Dresden, Freiberg<\/td>\n<td>Monday<\/td>\n<\/tr>\n<tr>\n<td>Hamburg<\/td>\n<td>Berlin, Schwerin, L\u00fcbeck, Hamburg, Hanover, Salzgitter, Wolfsburg, Magdeburg, Potsdam<\/td>\n<td>Wednesday<\/td>\n<\/tr>\n<tr>\n<td>Dresden<\/td>\n<td>Berlin, Halle, Cottbus, Bautzen, Dresden, Freiberg, Chemnitz, Zwickau, Gera, Leipzig<\/td>\n<td>Thursday<\/td>\n<\/tr>\n<tr>\n<td>Poland<\/td>\n<td>Frankfurt a.d. Oder, Cottbus, Szczecin, Poznan, Wroclaw, Katowice, Krakow, Lodz, Warsaw<\/td>\n<td><a class=\"wpb-pcf-form-fire\" href=\"#\" data-id=\"159\" data-post_id=\"38\" data-form_style=\"\" data-allow_outside_click=\"1\" data-width=\"500px\">Request now<\/a><\/td>\n<\/tr>\n<\/tbody>\n<\/table>\n<p><script>\nfunction openContactForm() {\n    document.querySelector('[data-id=\"159\"]').click(); \/\/ \u00c4ndern Sie die Zahl entsprechend der ID Ihres Kontaktformulars\n}\n<\/script>[\/vc_column_text]<\/p>\n<\/div><div id=\"1689937953681-922b6486-91c9\" role=\"tabpanel\" class=\"tabs-pane fade\"><p>[vc_column_text el_class=&#8221;table-touren&#8221;]<\/p>\n<h3>Eichenau location<\/h3>\n<table style=\"width: 100%;\">\n<tbody>\n<tr>\n<th style=\"width: 12.0833%;\" scope=\"col\">Route<\/th>\n<th style=\"width: 74.4444%;\" scope=\"col\">Through<\/th>\n<th style=\"width: 12.2222%;\" scope=\"col\">Date<\/th>\n<\/tr>\n<tr>\n<td style=\"width: 12.0833%;\">Nuremberg<\/td>\n<td style=\"width: 74.4444%;\">Regensburg, Ingolstadt<\/td>\n<td style=\"width: 12.2222%;\">Monday<\/td>\n<\/tr>\n<tr>\n<td style=\"width: 12.0833%;\">Passau<\/td>\n<td style=\"width: 74.4444%;\">Landshut, Deggendorf, Passau, Linz (A), Wels (A), M\u00fchldorf<\/td>\n<td style=\"width: 12.2222%;\">Monday<\/td>\n<\/tr>\n<tr>\n<td style=\"width: 12.0833%;\">Lake Constance<\/td>\n<td style=\"width: 74.4444%;\">Landsberg, Memmingen, Lindau, Friedrichshafen, Ravensburg<\/td>\n<td style=\"width: 12.2222%;\">Tuesday<\/td>\n<\/tr>\n<tr>\n<td style=\"width: 12.0833%;\">Ulm<\/td>\n<td style=\"width: 74.4444%;\">Ulm, Heidenheim, Feuchtwangen, Nuremberg<\/td>\n<td style=\"width: 12.2222%;\">Tuesday<\/td>\n<\/tr>\n<tr>\n<td style=\"width: 12.0833%;\">Regensburg<\/td>\n<td style=\"width: 74.4444%;\">Nuremberg, Regensburg, Straubing, Deggendorf, Dingolfing, Landshut, Freising<\/td>\n<td style=\"width: 12.2222%;\">Wednesday<\/td>\n<\/tr>\n<tr>\n<td style=\"width: 12.0833%;\">Stuttgart<\/td>\n<td style=\"width: 74.4444%;\">Augsburg, Ulm, Stuttgart, B\u00f6blingen<\/td>\n<td style=\"width: 12.2222%;\">Thursday<\/td>\n<\/tr>\n<tr>\n<td style=\"width: 12.0833%;\">Salzburg<\/td>\n<td style=\"width: 74.4444%;\">Rosenheim, Chiemgau, Traunstein, Bad Reichenhall, Salzburg<\/td>\n<td style=\"width: 12.2222%;\">Thursday<\/td>\n<\/tr>\n<tr>\n<td style=\"width: 12.0833%;\">Regensburg<\/td>\n<td style=\"width: 74.4444%;\">Nuremberg<\/td>\n<td style=\"width: 12.2222%;\">Friday<\/td>\n<\/tr>\n<tr>\n<td style=\"width: 12.0833%;\">Munich<\/td>\n<td style=\"width: 74.4444%;\">Greater Munich area<\/td>\n<td style=\"width: 12.2222%;\">Daily<\/td>\n<\/tr>\n<tr>\n<td style=\"width: 12.0833%;\">S\u00fcdtirol<\/td>\n<td style=\"width: 74.4444%;\">Garmisch-Partenkirchen, Sterzing, Bruneck, Kufstein, Eichenau<\/td>\n<td style=\"width: 12.2222%;\"><a class=\"wpb-pcf-form-fire\" href=\"#\" data-id=\"159\" data-post_id=\"38\" data-form_style=\"\" data-allow_outside_click=\"1\" data-width=\"500px\">Request now<\/a><\/td>\n<\/tr>\n<\/tbody>\n<\/table>\n<p><script>\nfunction openContactForm() {\n    document.querySelector('[data-id=\"159\"]').click(); \/\/ \u00c4ndern Sie die Zahl entsprechend der ID Ihres Kontaktformulars\n}\n<\/script>[\/vc_column_text]<\/p>\n<\/div><div id=\"1690371424579-61e8c768-8b38\" role=\"tabpanel\" class=\"tabs-pane fade\"><p>[vc_column_text el_class=&#8221;table-touren&#8221;]<\/p>\n<h3>Mannheim location<\/h3>\n<table>\n<tbody>\n<tr>\n<th scope=\"col\">Route<\/th>\n<th scope=\"col\">Through<\/th>\n<th scope=\"col\">Date<\/th>\n<\/tr>\n<tr>\n<td>Nuremberg<\/td>\n<td>Mannheim, Heilbronn, Mulfingen, Blaufelden, Crailsheim, Nuremberg<\/td>\n<td>Monday<\/td>\n<\/tr>\n<tr>\n<td>Frankfurt<\/td>\n<td>Mannheim, Worms, Bad Kreuznach, Mainz, Sulzbach, Kronberg, Friedrichsdorf, Friedberg, Bad Homburg, Frankfurt, Offenbach, Langen, Darmstadt, Bensheim<\/td>\n<td>Tuesday<\/td>\n<\/tr>\n<tr>\n<td>Baden<\/td>\n<td>Mannheim, Speyer, Bruchsal, Karlsruhe, Bretten, Rastatt, Baden-Baden, Offenburg, Freiburg<\/td>\n<td>Wednesday<\/td>\n<\/tr>\n<tr>\n<td>Stuttgart<\/td>\n<td>Mannheim, Pforzheim, Herrenberg, Balingen, Reutlingen, Stuttgart, Gerlingen, Korntal, Kornwestheim, Ludwigsburg, Heilbronn<\/td>\n<td>Thursday<\/td>\n<\/tr>\n<tr>\n<td>Frankfurt<\/td>\n<td>Mannheim, Worms, Bad Kreuznach, Mainz, Sulzbach, Kronberg, Friedrichsdorf, Friedberg, Bad Homburg, Frankfurt, Offenbach, Langen, Darmstadt, Bensheim<\/td>\n<td>Friday<\/td>\n<\/tr>\n<\/tbody>\n<\/table>\n<p>[\/vc_column_text]<\/p>\n<\/div><div id=\"1690372056094-a08f924a-eb06\" role=\"tabpanel\" class=\"tabs-pane fade\"><p>[vc_column_text el_class=&#8221;table-touren&#8221;]<\/p>\n<h3>Nuremberg location<\/h3>\n<table>\n<tbody>\n<tr>\n<th scope=\"col\">Route<\/th>\n<th scope=\"col\">Through<\/th>\n<th scope=\"col\">Date<\/th>\n<\/tr>\n<tr>\n<td>Chemnitz<\/td>\n<td>Nuremberg, Altdorf, Auerbach, Pressath, Marktredwitz, Selb, Lauf a.d. Pegnitz, Bayreuth, Chemnitz<\/td>\n<td>Monday<\/td>\n<\/tr>\n<tr>\n<td>W\u00fcrzburg<\/td>\n<td>Erlangen, Forchheim, Bamberg, Redwitz, Coburg, Schweinfurt, Marktheidenfeld, W\u00fcrzburg<\/td>\n<td>Tuesday<\/td>\n<\/tr>\n<tr>\n<td>Nuremberg<\/td>\n<td>Nuremberg, F\u00fcrth, Schwabach, Roth, Eckental-Eschenau, Heroldsberg, R\u00f6tenbach an der Pegnitz<\/td>\n<td>Wednesday<\/td>\n<\/tr>\n<tr>\n<td>Erfurt\/Thuringia<\/td>\n<td>Bayreuth, Erfurt, Gera, Jena, Weimar, Neustadt an der Orla, Schwarzatal<\/td>\n<td>Thursday<\/td>\n<\/tr>\n<tr>\n<td>Nuremberg<\/td>\n<td>Nuremberg, F\u00fcrth, Schwabach, Roth, Eckental-Eschenau, Heroldsberg, R\u00f6tenbach an der Pegnitz<\/td>\n<td>Friday<\/td>\n<\/tr>\n<\/tbody>\n<\/table>\n<p>[\/vc_column_text]<\/p>\n<\/div><div id=\"1690372236454-c53159c7-e069\" role=\"tabpanel\" class=\"tabs-pane fade\"><p>[vc_column_text el_class=&#8221;table-touren&#8221;]<\/p>\n<h3>Steinfurt location<\/h3>\n<table>\n<tbody>\n<tr>\n<th scope=\"col\">Route<\/th>\n<th scope=\"col\">Through<\/th>\n<th scope=\"col\">Date<\/th>\n<\/tr>\n<tr>\n<td>East Westphalia<\/td>\n<td>Osnabr\u00fcck, Bad Oeynhausen, Bielefeld, Hameln, Paderborn, Steinhagen, Barntrup, Bad Pyrmont, Verl, Velen<\/td>\n<td>Tuesday<\/td>\n<\/tr>\n<tr>\n<td>Koblenz<\/td>\n<td>Cologne, Eschweiler, Bonn, Mendig, Koblenz<\/td>\n<td>Friday<\/td>\n<\/tr>\n<tr>\n<td>Netherlands<\/td>\n<td>Enschede , Apeldoorn, Nijmegen, Kleve (D), Eindhoven, Venlo, Duisburg, M\u00fcnster<\/td>\n<td><a class=\"wpb-pcf-form-fire\" href=\"#\" data-id=\"159\" data-post_id=\"38\" data-form_style=\"\" data-allow_outside_click=\"1\" data-width=\"500px\">Request now<\/a><\/td>\n<\/tr>\n<\/tbody>\n<\/table>\n<p><script>\nfunction openContactForm() {\n    document.querySelector('[data-id=\"159\"]').click(); \/\/ \u00c4ndern Sie die Zahl entsprechend der ID Ihres Kontaktformulars\n}\n<\/script>[\/vc_column_text]<\/p>\n<\/div><div id=\"1690372577558-6b62b702-501f\" role=\"tabpanel\" class=\"tabs-pane fade\"><p>[vc_column_text el_class=&#8221;table-touren&#8221;]<\/p>\n<h3>Vienna location<\/h3>\n<table>\n<tbody>\n<tr>\n<th scope=\"col\">Route<\/th>\n<th scope=\"col\">Through<\/th>\n<th scope=\"col\">Date<\/th>\n<\/tr>\n<tr>\n<td>Munich<\/td>\n<td>Vienna, St. P\u00f6lten, Linz, Wels, Munich<\/td>\n<td>Monday<\/td>\n<\/tr>\n<tr>\n<td>Munich<\/td>\n<td>Vienna, St. P\u00f6lten, Linz, V\u00f6cklabruck, Salzburg, Munich<\/td>\n<td>Thursday<\/td>\n<\/tr>\n<tr>\n<td>Vienna<\/td>\n<td>Greater Vienna area<\/td>\n<td>Wednesday<\/td>\n<\/tr>\n<tr>\n<td>Graz<\/td>\n<td>Wiener Neudorf, Deutschlandsberg, Graz, Leoben<\/td>\n<td>Wednesday<\/td>\n<\/tr>\n<tr>\n<td>Hungary<\/td>\n<td>Vienna, Veszpr\u00e9m, Sz\u00e9kesfeh\u00e9rv\u00e1r, Budapest, P\u00e9cs<\/td>\n<td>Tuesday, Friday<\/td>\n<\/tr>\n<\/tbody>\n<\/table>\n<p><script>\nfunction openContactForm() {\n    document.querySelector('[data-id=\"159\"]').click(); \/\/ \u00c4ndern Sie die Zahl entsprechend der ID Ihres Kontaktformulars\n}\n<\/script>[\/vc_column_text]<\/p>\n<\/div><\/div><\/div>\n[vc_raw_html css=&#8221;.vc_custom_1761031449624{margin-top: 24px !important;}&#8221; el_class=&#8221;btn-lieferservice&#8221;]JTNDYSUyMGhyZWYlM0QlMjIlMjNlc3pfb3Blbl9kZWxpdmVyeV9wb3B1cCUyMiUyMGNsYXNzJTNEJTIyYnRuJTIwc2VydmljZS1ibG9jay1idG4lMjBidG4tc29saWQlMjBidG4tbWQlMjBjaXJjbGUlMjBidG4tYm9yZGVyZWQlMjBib3JkZXItdGhpbiUyMiUzRSUwQSUyMCUyMCUzQ3NwYW4lMjBzdHlsZSUzRCUyMiUwQSUyMCUyMCUyMCUyMHBhZGRpbmctbGVmdCUzQSUyMDIwcHglM0IlMEElMjAlMjAlMjAlMjBwYWRkaW5nLXJpZ2h0JTNBJTIwMTBweCUzQiUwQSUyMCUyMCUyMCUyMHBhZGRpbmctYm90dG9tJTNBJTIwMTBweCUzQiUwQSUyMCUyMCUyMCUyMHBhZGRpbmctdG9wJTNBJTIwMTBweCUzQiUwQSUyMiUzRSUwQSUyMCUyMCUyMCUyMCUzQ2ltZyUyMHNyYyUzRCUyMmh0dHBzJTNBJTJGJTJGZXN6LmR5bmNvbS5kZSUyRndwLWNvbnRlbnQlMkZ1cGxvYWRzJTJGdHJ1Y2stZmFzdC1ncmF5LnN2ZyUyMiUyMGFsdCUzRCUyMkxpZWZlcnNlcnZpY2UlMjBJY29uJTIyJTIwd2lkdGglM0QlMjIyNCUyMiUyMGhlaWdodCUzRCUyMjI0JTIyJTIwc3R5bGUlM0QlMjJmaWx0ZXIlM0ElMjBicmlnaHRuZXNzJTI4MCUyOSUzQiUyMiUzRSUwQSUyMCUyMCUzQyUyRnNwYW4lM0UlMEElMjAlMjAlM0NzcGFuJTIwc3R5bGUlM0QlMjJwYWRkaW5nLWxlZnQlM0ElMjAxMHB4JTNCJTIyJTNFQm9vayUyMGRlbGl2ZXJ5JTIwc2VydmljZSUyMG5vdyUzQyUyRnNwYW4lM0UlMEElM0MlMkZhJTNF[\/vc_raw_html][\/vc_column][\/vc_row][vc_row disable_element=&#8221;yes&#8221; bg_position=&#8221;right center&#8221; css=&#8221;.vc_custom_1694170086535{margin-bottom: 32px !important;background-position: center !important;background-repeat: no-repeat !important;background-size: contain !important;}&#8221; el_class=&#8221;hero-section-subpage&#8221; responsive_css=&#8221;margin_top_medium:32px&#8221;][vc_column offset=&#8221;vc_col-lg-offset-2 vc_col-lg-8 vc_col-md-10 vc_col-xs-12&#8243;][vc_raw_html css=&#8221;.vc_custom_1693904624844{margin-top: 24px !important;}&#8221; el_class=&#8221;btn-lieferservice&#8221;]JTNDJTIxLS0lMjBDYWxlbmRseSUyMExpbmstV2lkZ2V0JTIwQmVnaW5uJTIwLS0lM0UlMEElM0NsaW5rJTIwaHJlZiUzRCUyMmh0dHBzJTNBJTJGJTJGYXNzZXRzLmNhbGVuZGx5LmNvbSUyRmFzc2V0cyUyRmV4dGVybmFsJTJGd2lkZ2V0LmNzcyUyMiUyMHJlbCUzRCUyMnN0eWxlc2hlZXQlMjIlM0UlMEElM0NzY3JpcHQlMjBzcmMlM0QlMjJodHRwcyUzQSUyRiUyRmFzc2V0cy5jYWxlbmRseS5jb20lMkZhc3NldHMlMkZleHRlcm5hbCUyRndpZGdldC5qcyUyMiUyMHR5cGUlM0QlMjJ0ZXh0JTJGamF2YXNjcmlwdCUyMiUyMGFzeW5jJTNFJTNDJTJGc2NyaXB0JTNFJTBBJTBBJTNDYSUyMGhyZWYlM0QlMjIlMjIlMjBjbGFzcyUzRCUyMmJ0biUyMHNlcnZpY2UtYmxvY2stYnRuJTIwYnRuLXNvbGlkJTIwYnRuLW1kJTIwY2lyY2xlJTIwYnRuLWJvcmRlcmVkJTIwYm9yZGVyLXRoaW4lMjIlMjBvbmNsaWNrJTNEJTIyQ2FsZW5kbHkuaW5pdFBvcHVwV2lkZ2V0JTI4JTdCdXJsJTNBJTIwJTI3aHR0cHMlM0ElMkYlMkZjYWxlbmRseS5jb20lMkZkJTJGZ3RmLW5tNy05Z3QlM0ZoaWRlX2dkcHJfYmFubmVyJTNEMSUyNnByaW1hcnlfY29sb3IlM0RmZWM4MDQlMjclN0QlMjklM0JyZXR1cm4lMjBmYWxzZSUzQiUyMiUzRSUwQSUyMCUyMCUzQ3NwYW4lMjBzdHlsZSUzRCUyMiUwQSUyMCUyMCUyMCUyMHBhZGRpbmctbGVmdCUzQSUyMDIwcHglM0IlMEElMjAlMjAlMjAlMjBwYWRkaW5nLXJpZ2h0JTNBJTIwMTBweCUzQiUwQSUyMCUyMCUyMCUyMHBhZGRpbmctYm90dG9tJTNBJTIwMTBweCUzQiUwQSUyMCUyMCUyMCUyMHBhZGRpbmctdG9wJTNBJTIwMTBweCUzQiUwQSUyMiUzRSUwQSUyMCUyMCUyMCUyMCUzQ2ltZyUyMHNyYyUzRCUyMmh0dHBzJTNBJTJGJTJGZXN6LmR5bmNvbS5kZSUyRndwLWNvbnRlbnQlMkZ1cGxvYWRzJTJGdHJ1Y2stZmFzdC1ncmF5LnN2ZyUyMiUyMGFsdCUzRCUyMkxpZWZlcnNlcnZpY2UlMjBJY29uJTIyJTIwd2lkdGglM0QlMjIyNCUyMiUyMGhlaWdodCUzRCUyMjI0JTIyJTIwc3R5bGUlM0QlMjJmaWx0ZXIlM0ElMjBicmlnaHRuZXNzJTI4MCUyOSUzQiUyMiUzRSUwQSUyMCUyMCUzQyUyRnNwYW4lM0UlMEElMjAlMjAlM0NzcGFuJTIwc3R5bGUlM0QlMjJwYWRkaW5nLWxlZnQlM0ElMjAxMHB4JTNCJTIyJTNFSmV0enQlMjBMaWVmZXJzZXJ2aWNlJTIwYnVjaGVuJTNDJTJGc3BhbiUzRSUwQSUzQyUyRmElM0UlMEElM0MlMjEtLSUyMENhbGVuZGx5JTIwTGluay1XaWRnZXQlMjBFbmRlJTIwLS0lM0UlMEElMEE=[\/vc_raw_html][\/vc_column][\/vc_row][vc_row content_placement=&#8221;middle&#8221; el_class=&#8221;ce-img-text&#8221; css=&#8221;.vc_custom_1691661097977{margin-bottom: 128px !important;}&#8221;][vc_column][vc_row_inner content_placement=&#8221;middle&#8221;][vc_column_inner width=&#8221;1\/2&#8243;][vc_column_text css=&#8221;.vc_custom_1715851003477{margin-bottom: 32px !important;}&#8221;]<\/p>\n<h2 id=\"sicherer-transport-durch-geschulte-fahrer\">Trained drivers &#8211; safe transportation<\/h2>\n<p class=\"esz-Standardtext\">Highly sensitive measuring instruments in the calibration laboratory and test equipment require special handling. Due to their daily handling of sensitive measurement technology, our drivers guarantee the necessary care when unpacking, packing, storing and transporting. Enjoy the certainty that your measuring devices will find their way safely and undamaged to the calibration laboratory. Thanks to regular training, esz AG drivers also provide proof of maximum driving safety with minimum risk to your equipment at all times.<\/p>\n<h2 id=\"keine-transportverpackung-notwendig\">No transport packaging<\/h2>\n<p class=\"esz-Standardtext\">With our pick-up &amp; delivery service, our drivers not only load your measuring devices for calibration directly at your premises, but also pack them on the spot. Save time, money and nerves with professional packaging from Logistic Expert.<\/p>\n<p>[\/vc_column_text][\/vc_column_inner][vc_column_inner width=&#8221;1\/2&#8243; el_class=&#8221;img-right&#8221;][vc_single_image image=&#8221;44762&#8243; img_size=&#8221;full&#8221; style=&#8221;vc_box_rounded&#8221;][\/vc_column_inner][\/vc_row_inner][\/vc_column][\/vc_row][vc_row el_class=&#8221;ce-img-text&#8221; css=&#8221;.vc_custom_1691499700291{margin-bottom: 128px !important;}&#8221;][vc_column][vc_row_inner content_placement=&#8221;middle&#8221;][vc_column_inner width=&#8221;1\/2&#8243; el_class=&#8221;img-left&#8221;][vc_single_image image=&#8221;51874&#8243; img_size=&#8221;full&#8221; style=&#8221;vc_box_rounded&#8221;][\/vc_column_inner][vc_column_inner width=&#8221;1\/2&#8243;][vc_column_text css=&#8221;.vc_custom_1716540833135{margin-bottom: 32px !important;}&#8221; el_class=&#8221;home-service-text&#8221;]<\/p>\n<h2 id=\"kurze-ausfallzeiten-durch-wochentliche-abholung-und-anlieferung\">Short downtimes<\/h2>\n<p class=\"esz-Standardtext\">With the esz AG collection and delivery service, your sensitive test equipment is always in safe hands. Thanks to our appointment routes, you benefit twice over. Firstly, you reduce your downtime and secondly, you can plan the downtime precisely and adapt it to your processes.<\/p>\n<h2 id=\"geringes-risiko-durch-transportversicherung\">Transport insurance included<\/h2>\n<p class=\"esz-Standardtext\">Damage to sensitive measurement technology in the calibration laboratory can quickly become expensive. Logistic Expert gives you peace of mind, because when the measuring devices leave your doorstep, they are not only packed and in safe hands, but also enjoy full insurance cover for transport and packaging damage. Our pick-up &amp; delivery service Logistic Expert minimises the risk of paying the price for improper handling by conventional parcel services.<\/p>\n<h2 id=\"ohne-zusatzkosten\">No additional costs<\/h2>\n<p class=\"esz-Standardtext\">From an annual volume of \u20ac20,000, shipping of your measuring equipment within Germany is free of charge. With Logistic Expert, delivery costs are free of charge within the scope of the listed weekly routes from an order volume of \u20ac1,000. Further delivery conditions are available at <a href=\"mailto:vertrieb@esz-ag.de\">vertrieb@esz-ag.de<\/a>.<\/p>\n<p>[\/vc_column_text][\/vc_column_inner][\/vc_row_inner][\/vc_column][\/vc_row][vc_row css=&#8221;.vc_custom_1691661142969{margin-bottom: 128px !important;}&#8221;][vc_column offset=&#8221;vc_col-lg-offset-2 vc_col-lg-8 vc_col-md-offset-1 vc_col-md-10 vc_col-xs-12&#8243; el_class=&#8221;card-white box-benefits&#8221;][vc_row_inner css=&#8221;.vc_custom_1688373397207{margin-bottom: 24px !important;background-color: #fec804 !important;}&#8221;][vc_column_inner css=&#8221;.vc_custom_1688373104134{padding-top: 16px !important;padding-right: 16px !important;padding-bottom: 16px !important;padding-left: 16px !important;}&#8221;][vc_column_text]<\/p>\n<h2>Your benefits<\/h2>\n<p>[\/vc_column_text][\/vc_column_inner][\/vc_row_inner][vc_row_inner css=&#8221;.vc_custom_1691491421289{padding-right: 16px !important;padding-left: 16px !important;}&#8221;][vc_column_inner width=&#8221;1\/2&#8243;][vc_column_text]<\/p>\n<ul>\n<li>One-stop packaging and transport in the calibration laboratory<\/li>\n<li>Special transportation devices<\/li>\n<li>Weekly pick-up and delivery dates<\/li>\n<li>Trained drivers<\/li>\n<\/ul>\n<p>[\/vc_column_text][\/vc_column_inner][vc_column_inner width=&#8221;1\/2&#8243;][vc_column_text]<\/p>\n<ul>\n<li>No packaging required<\/li>\n<li>Transport insurance<\/li>\n<li>Less downtime for your test equipment<\/li>\n<\/ul>\n<p>[\/vc_column_text][\/vc_column_inner][\/vc_row_inner][\/vc_column][\/vc_row][vc_column_inner width=&#8221;1\/2&#8243; el_class=&#8221;img-right&#8221;][\/vc_column_inner]<\/p>\n<\/div>","protected":false},"excerpt":{"rendered":"<p>[vc_row bg_position=&#8221;right center&#8221; css=&#8221;.vc_custom_1706537206705{margin-bottom: 128px !important;background-position: center !important;background-repeat: no-repeat !important;background-size: contain !important;}&#8221; el_class=&#8221;hero-section-subpage&#8221; responsive_css=&#8221;margin_top_medium:64px&#8221;][vc_column width=&#8221;1\/2&#8243;][vc_column_text&#8230;<\/p>\n","protected":false},"author":1,"featured_media":0,"parent":54123,"menu_order":0,"comment_status":"closed","ping_status":"closed","template":"","meta":{"_acf_changed":false,"inline_featured_image":false,"footnotes":""},"class_list":["post-54234","page","type-page","status-publish","hentry"],"acf":[],"_links":{"self":[{"href":"https:\/\/www.esz-ag.de\/en\/wp-json\/wp\/v2\/pages\/54234","targetHints":{"allow":["GET"]}}],"collection":[{"href":"https:\/\/www.esz-ag.de\/en\/wp-json\/wp\/v2\/pages"}],"about":[{"href":"https:\/\/www.esz-ag.de\/en\/wp-json\/wp\/v2\/types\/page"}],"author":[{"embeddable":true,"href":"https:\/\/www.esz-ag.de\/en\/wp-json\/wp\/v2\/users\/1"}],"replies":[{"embeddable":true,"href":"https:\/\/www.esz-ag.de\/en\/wp-json\/wp\/v2\/comments?post=54234"}],"version-history":[{"count":9,"href":"https:\/\/www.esz-ag.de\/en\/wp-json\/wp\/v2\/pages\/54234\/revisions"}],"predecessor-version":[{"id":58469,"href":"https:\/\/www.esz-ag.de\/en\/wp-json\/wp\/v2\/pages\/54234\/revisions\/58469"}],"up":[{"embeddable":true,"href":"https:\/\/www.esz-ag.de\/en\/wp-json\/wp\/v2\/pages\/54123"}],"wp:attachment":[{"href":"https:\/\/www.esz-ag.de\/en\/wp-json\/wp\/v2\/media?parent=54234"}],"curies":[{"name":"wp","href":"https:\/\/api.w.org\/{rel}","templated":true}]}}