{"id":54226,"date":"2022-11-10T14:17:02","date_gmt":"2022-11-10T13:17:02","guid":{"rendered":"https:\/\/esz.dyncom.de\/software-beratung\/schulungen\/teilnehmerinformation-wiederholungsschulung-zur-kalibrierung-von-bremspruefstaenden\/"},"modified":"2024-08-02T12:43:05","modified_gmt":"2024-08-02T10:43:05","slug":"teilnehmerinformation-wiederholungsschulung-zur-kalibrierung-von-bremspruefstaenden","status":"publish","type":"page","link":"https:\/\/www.esz-ag.de\/en\/software-beratung\/training-courses\/teilnehmerinformation-wiederholungsschulung-zur-kalibrierung-von-bremspruefstaenden\/","title":{"rendered":"Teilnehmerinformation Wiederholungsschulung zur Kalibrierung von Bremspr\u00fcfst\u00e4nden"},"content":{"rendered":"<div class=\"wpb-content-wrapper\"><p>[vc_row bg_position=&#8221;right center&#8221; css=&#8221;.vc_custom_1666953873308{margin-bottom: 120px !important;background-position: center !important;background-repeat: no-repeat !important;background-size: contain !important;}&#8221; el_class=&#8221;hero-section-subpage&#8221; responsive_css=&#8221;margin_top_medium:32px&#8221;][vc_column width=&#8221;1\/2&#8243;][vc_column_text css=&#8221;.vc_custom_1668070125698{margin-bottom: 24px !important;}&#8221;]<\/p>\n<h1 class=\"text-center\">Wichtige Teilnahmeinformationen<\/h1>\n<p>[\/vc_column_text][vc_column_text css=&#8221;.vc_custom_1668068536856{margin-bottom: 32px !important;}&#8221; el_class=&#8221;hero-section-text&#8221;]<\/p>\n<div class=\"highlight\"><\/div>\n<p>[\/vc_column_text][vc_text_separator title=&#8221;Bitte sorgf\u00e4ltig lesen und beachten&#8221;][\/vc_column][vc_column width=&#8221;1\/2&#8243;][vc_column_text css=&#8221;.vc_custom_1662636845792{margin-bottom: 48px !important;}&#8221; el_class=&#8221;hero-img&#8221;]<img loading=\"lazy\" decoding=\"async\" class=\"alignleft wp-image-1544 size-full\" src=\"https:\/\/www.esz-ag.de\/wp-content\/uploads\/yellow_header_kalibrierscheine_2.png\" alt=\"\" width=\"1074\" height=\"320\" title=\"\">[\/vc_column_text][\/vc_column][\/vc_row][vc_row css=&#8221;.vc_custom_1666954075949{margin-bottom: 64px !important;}&#8221;][vc_column offset=&#8221;vc_col-md-offset-2 vc_col-md-8&#8243;][vc_column_text]Sehr geehrte Damen und Herren,<\/p>\n<p>schon bald nehmen Sie bzw. Ihre Mitarbeiter an einer esz Wiederholungsschulung f\u00fcr Bremspr\u00fcfst\u00e4nde gem\u00e4\u00df Verkehrsblatt 14\/2021 Nr. 149 und VDI\/DKD 5901 Blatt 2 teil. Um an der Schulung teilzunehmen, beachten Sie bitte folgende Rahmenbedingungen und Fristen.[\/vc_column_text][\/vc_column][\/vc_row][vc_row css=&#8221;.vc_custom_1666954075949{margin-bottom: 64px !important;}&#8221;][vc_column offset=&#8221;vc_col-md-offset-2 vc_col-md-8&#8243;][vc_column_text]<\/p>\n<h2>Messmittel<\/h2>\n<ul>\n<li>Im Rahmen der Messunsicherheitsbestimmung und R\u00fcckf\u00fchrung der Messergebnisse sind folgende Messmittel und Einhaltung von Spezifikationsgrenzen erforderlich:<\/li>\n<li>Kraftmessger\u00e4t bzw. Hebel-Masse-System laut\u00a0<a href=\"https:\/\/www.esz-ag.de\/bps-pm.html\" target=\"_blank\" rel=\"noopener\">Spezifikation<\/a><\/li>\n<li>Umfangsma\u00dfband, \u00b10,8 mm bezogen auf den Umfang<\/li>\n<li>Klimamessger\u00e4t: Temperatur \u00b11 K, Feuchte \u00b13 % r.F., Luftdruck \u00b15 mbar<\/li>\n<li>Die zur Pr\u00fcfung notwendigen Messmittel m\u00fcssen in jedem Fall r\u00fcckgef\u00fchrt kalibriert sein. Zur l\u00fcckenlosen R\u00fcckf\u00fchrung empfehlen wir Ihnen die Messmittel mindestens 4 Wochen vor geplantem Schulungstermin durch die esz AG kalibrieren und registrieren zu lassen. Angebote hierzu erhalten Sie auf Wunsch durch unseren\u00a0<a href=\"https:\/\/www.esz-ag.de\/en\/company\/#ansprechpartner\" target=\"_blank\" rel=\"noopener\">Vertrieb<\/a>.<br \/>\nOptional akzeptieren wir nat\u00fcrlich auch DAkkS-akkreditierte Kalibrierzertifikate externer Labore, sofern die letzte Kalibrierung nicht l\u00e4nger als 12 Monate zur\u00fcckliegt und o.g. Spezifikationsgrenzen einh\u00e4lt. Das erstmalige Einpflegen dieser extern kalibrierten Messmittel bzw. deren Kalibrierzertifikate ist durch den erh\u00f6hten administrativen Aufwand mit einer Kostenpauschale in H\u00f6he von 49 \u20ac\/Messmittel verbunden. Der Upload darauf folgender Kalibrierzertifikate liegt bei 29 \u20ac\/Kalibrierzertifikat. Wird Ihr Messmittel durch die esz AG kalibriert, entfallen diese Kosten.<\/li>\n<\/ul>\n<p>[\/vc_column_text][\/vc_column][\/vc_row][vc_row css=&#8221;.vc_custom_1666954062888{margin-bottom: 120px !important;}&#8221;][vc_column offset=&#8221;vc_col-md-offset-2 vc_col-md-8&#8243;][vc_column_text]<\/p>\n<h2>Systemvoraussetzungen<\/h2>\n<ul>\n<li>Im Rahmen der Schulung findet ein PC-basierter Praxisteil statt, um Sie oder Ihre Mitarbeiter mit der Software \u201ecalibration expert\u201c zur Erstellung der Kalibrierzertifikate vertraut zu machen.<br \/>\nEs ist daher notwendig, pro Teilnehmer je einen Laptop bereitzustellen. Die Systemvoraussetzungen sind gering, m\u00fcssen jedoch erf\u00fcllt werden:<\/p>\n<ul>\n<li>Windows 10 (inkl. Microsoft dotNet Framework 4.8. oder h\u00f6her)<\/li>\n<li>Internetzugriff auf die Domain calibration-expert.de mittels http und https Protokoll (f\u00fcr den sp\u00e4teren Einsatz vor-Ort wird der Internetzugriff \u00fcber LTE oder UMTS empfohlen).<\/li>\n<li>Adobe Acrobat Reader (Version 9 oder h\u00f6her)<\/li>\n<li>Der Teilnehmer muss die vollen administrativen Rechte f\u00fcr den Laptop besitzen (F\u00fcr das Arbeiten mit calibration expert ist eine dauerhafte und stabile Internetverbindung erforderlich, und der Zugang zum Internet muss offen und uneingeschr\u00e4nkt sein)<\/li>\n<li>Die Schriften des Schriftpakets esz-DinPro m\u00fcssen auf dem Computer installiert sein. Es steht im Downloadbereich von calibration expert zur Verf\u00fcgung.<\/li>\n<\/ul>\n<p>Zur Installation von calibration expert folgen Sie bitte dem Link:<br \/>\n<a href=\"https:\/\/calibration-expert.de\/prod\/package\/publish.html\" target=\"_blank\" rel=\"noopener\">https:\/\/calibration-expert.de\/prod\/package\/publish.html<\/a><\/p>\n<p>Bitte stellen Sie sicher, dass die Software vor Schulungsbeginn installiert wurde und der Zugang zur Domain sichergestellt ist.<br \/>\n<b>Sollte w\u00e4hrend der Schulung bekannt werden, dass die Voraussetzungen nicht erf\u00fcllt sind, m\u00fcssen Sie damit rechnen, dass die Teilnahme nicht erfolgreich beendet werden kann.<\/b><\/li>\n<li>F\u00fcr den Druck der Kalibriermarke ist ein Beschriftungsger\u00e4t der Serie Brother P-touch P700 mit USB-Schnittstelle und laminierten, blauen 18 mm-Schriftb\u00e4ndern (Brother Art.-Nr.: TZe-541) n\u00f6tig. Bitte sowohl Brother P-touch P700 als auch das Schriftband zur Schulung mitbringen.\n<p>Dieses bitte inklusive Schriftbandkassette auch zur Schulung mitbringen.<br \/>\nZur Installation des Treibers und der CE-Drucker-Schnittstelle folgen Sie bitte beiden Links:<br \/>\n<a href=\"http:\/\/support.brother.com\/g\/b\/downloadtop.aspx?c=de&amp;lang=de&amp;prod=p700euk\" target=\"_blank\" rel=\"noopener\">http:\/\/support.brother.com\/g\/b\/downloadtop.aspx?c=de&amp;lang=de&amp;prod=p700euk<\/a><br \/>\n<a href=\"http:\/\/www.brother.com\/product\/dev\/label\/bpac\/download\/\" target=\"_blank\" rel=\"noopener\">http:\/\/www.brother.com\/product\/dev\/label\/bpac\/download\/<\/a><\/li>\n<\/ul>\n<p>[\/vc_column_text][\/vc_column][\/vc_row][vc_row css=&#8221;.vc_custom_1666954062888{margin-bottom: 120px !important;}&#8221;][vc_column offset=&#8221;vc_col-md-offset-2 vc_col-md-8&#8243;][vc_column_text]<\/p>\n<h2>Stornobedingungen bei Absage oder Nichterscheinen<\/h2>\n<ul>\n<li>Bei einer Absage\/Stornierung der Teilnahme bis 7 Tage vor dem Schulungstermin werden keine Stornogeb\u00fchren erhoben.<\/li>\n<li>Bei einer Absage\/Stornierung der Teilnahme zwischen 7 und 2 Tagen vor dem Schulungstermin werden Stornogeb\u00fchren in H\u00f6he von 50 % der Teilnahmegeb\u00fchr erhoben.<\/li>\n<li>Bei einer kurzfristigen Absage\/Stornierung von weniger als 2 Tagen vor dem Schulungsbeginn bzw. bei Nichterscheinen werden Stornogeb\u00fchren in H\u00f6he von 100 % der Teilnahmegeb\u00fchr erhoben.<\/li>\n<\/ul>\n<p>[\/vc_column_text][\/vc_column][\/vc_row][vc_row css=&#8221;.vc_custom_1666954062888{margin-bottom: 120px !important;}&#8221;][vc_column offset=&#8221;vc_col-md-offset-2 vc_col-md-8&#8243;][vc_column_text]Sollten Sie Hilfe beim Ausf\u00fcllen des Formulars ben\u00f6tigen oder Fragen dazu haben, wenden Sie sich bitte an\u00a0<a href=\"mailto:schulung@esz-ag.de\">schulung@esz-ag.de<\/a>.[\/vc_column_text][\/vc_column][\/vc_row][vc_row][vc_column align=&#8221;text-center&#8221;]<a href=\"https:\/\/www.esz-ag.de\/software-beratung\/schulungen\/anmeldung-zur-wiederholungsschulung-zur-kalibrierung-von-bremspruefstaenden\/\" class=\"btn btn-solid btn-sm circle btn-bordered border-thin ld_button_69fcafbda6c1d\">\n\t<span>\n\t\t\n\t\t\t\t\t<span class=\"btn-txt\">Hinweise gelesen und beachtet<br \/>\nWeiter zur Anmeldung<\/span>\n\t\t\t\n\t\t\t\t<\/span>\n<\/a>\n[\/vc_column][\/vc_row]<\/p>\n<\/div>","protected":false},"excerpt":{"rendered":"<p>[vc_row bg_position=&#8221;right center&#8221; css=&#8221;.vc_custom_1666953873308{margin-bottom: 120px !important;background-position: center !important;background-repeat: no-repeat !important;background-size: contain !important;}&#8221; el_class=&#8221;hero-section-subpage&#8221; responsive_css=&#8221;margin_top_medium:32px&#8221;][vc_column width=&#8221;1\/2&#8243;][vc_column_text&#8230;<\/p>\n","protected":false},"author":22,"featured_media":0,"parent":54128,"menu_order":6,"comment_status":"closed","ping_status":"closed","template":"","meta":{"_acf_changed":false,"inline_featured_image":false,"footnotes":""},"class_list":["post-54226","page","type-page","status-publish","hentry"],"acf":[],"_links":{"self":[{"href":"https:\/\/www.esz-ag.de\/en\/wp-json\/wp\/v2\/pages\/54226","targetHints":{"allow":["GET"]}}],"collection":[{"href":"https:\/\/www.esz-ag.de\/en\/wp-json\/wp\/v2\/pages"}],"about":[{"href":"https:\/\/www.esz-ag.de\/en\/wp-json\/wp\/v2\/types\/page"}],"author":[{"embeddable":true,"href":"https:\/\/www.esz-ag.de\/en\/wp-json\/wp\/v2\/users\/22"}],"replies":[{"embeddable":true,"href":"https:\/\/www.esz-ag.de\/en\/wp-json\/wp\/v2\/comments?post=54226"}],"version-history":[{"count":2,"href":"https:\/\/www.esz-ag.de\/en\/wp-json\/wp\/v2\/pages\/54226\/revisions"}],"predecessor-version":[{"id":55272,"href":"https:\/\/www.esz-ag.de\/en\/wp-json\/wp\/v2\/pages\/54226\/revisions\/55272"}],"up":[{"embeddable":true,"href":"https:\/\/www.esz-ag.de\/en\/wp-json\/wp\/v2\/pages\/54128"}],"wp:attachment":[{"href":"https:\/\/www.esz-ag.de\/en\/wp-json\/wp\/v2\/media?parent=54226"}],"curies":[{"name":"wp","href":"https:\/\/api.w.org\/{rel}","templated":true}]}}