{"id":54219,"date":"2022-11-23T15:02:09","date_gmt":"2022-11-23T14:02:09","guid":{"rendered":"https:\/\/esz.dyncom.de\/software-beratung\/schulungen\/kompetenzschulung-messsystemanalyse-verfahren-1-und-verfahren-2\/"},"modified":"2024-08-05T13:59:12","modified_gmt":"2024-08-05T11:59:12","slug":"kompetenzschulung-messsystemanalyse-verfahren-1-und-verfahren-2","status":"publish","type":"page","link":"https:\/\/www.esz-ag.de\/en\/software-beratung\/training-courses\/kompetenzschulung-messsystemanalyse-verfahren-1-und-verfahren-2\/","title":{"rendered":"Kompetenzschulung Messsystemanalyse: Verfahren 1 und Verfahren 2"},"content":{"rendered":"<div class=\"wpb-content-wrapper\"><p>[vc_row bg_position=&#8221;right center&#8221; css=&#8221;.vc_custom_1666953873308{margin-bottom: 120px !important;background-position: center !important;background-repeat: no-repeat !important;background-size: contain !important;}&#8221; el_class=&#8221;hero-section-subpage&#8221; responsive_css=&#8221;margin_top_medium:32px&#8221;][vc_column width=&#8221;1\/2&#8243;][vc_column_text css=&#8221;.vc_custom_1694156448884{margin-bottom: 24px !important;}&#8221;]<\/p>\n<h1 id=\"kompetenzschulung-zur-kalibrierung-von-bremsprufstanden\">Kompetenzschulung Messsystemanalyse: Verfahren 1 und Verfahren 2<\/h1>\n<p>[\/vc_column_text][vc_column_text css=&#8221;.vc_custom_1668068536856{margin-bottom: 32px !important;}&#8221; el_class=&#8221;hero-section-text&#8221;]<\/p>\n<div class=\"highlight\"><\/div>\n<p>[\/vc_column_text][\/vc_column][vc_column width=&#8221;1\/2&#8243;][vc_column_text css=&#8221;.vc_custom_1662636845792{margin-bottom: 48px !important;}&#8221; el_class=&#8221;hero-img&#8221;]<img loading=\"lazy\" decoding=\"async\" class=\"alignleft wp-image-1544 size-full\" src=\"https:\/\/www.esz-ag.de\/wp-content\/uploads\/yellow_header_kalibrierscheine_2.png\" alt=\"\" width=\"1074\" height=\"320\" title=\"\">[\/vc_column_text][\/vc_column][\/vc_row][vc_row css=&#8221;.vc_custom_1666954075949{margin-bottom: 64px !important;}&#8221;][vc_column offset=&#8221;vc_col-md-offset-2 vc_col-md-8&#8243;][vc_column_text]<\/p>\n<h2 id=\"voraussetzungen\">Thema<\/h2>\n<p>Messsystemanalyse (MSA) \u2013 Verfahren 1 und 2<\/p>\n<p>Nach &#8220;Bosch-Heft 10:2019&#8221; und &#8220;Leitfaden zum F\u00e4higkeitsnachweis von Messsystemen&#8221;[\/vc_column_text][\/vc_column][\/vc_row][vc_row css=&#8221;.vc_custom_1666954075949{margin-bottom: 64px !important;}&#8221;][vc_column offset=&#8221;vc_col-md-offset-2 vc_col-md-8&#8243;][vc_column_text]<\/p>\n<h2 id=\"voraussetzungen\">Inhalte<\/h2>\n<ul>\n<li style=\"list-style-type: none;\">\n<ul>\n<li>Einf\u00fchrung in das Thema\n<ul>\n<li>Was ist Streuung? Warum streuen Messwerte?<\/li>\n<li>Statistische Grundlagen: Mathematische Beschreibung in einfacher Form von Streuung, Standardabweichung, Mittelwert, Normalverteilung, Messabweichung, etc.<\/li>\n<li>Toleranz und Konformit\u00e4t<\/li>\n<\/ul>\n<\/li>\n<li>Grundlagen Messsystemanalyse\n<ul>\n<li>Was ist ein Messsystem?<\/li>\n<li>Was ist eine MSA?<\/li>\n<li>Wann und warum ist eine MSA durchzuf\u00fchren?<\/li>\n<\/ul>\n<\/li>\n<\/ul>\n<\/li>\n<\/ul>\n<ul>\n<li style=\"list-style-type: none;\">\n<ul>\n<li>Verfahren 1\n<ul>\n<li>Theorie (Potentieller und kritischer F\u00e4higkeitsindex)<\/li>\n<li>Praxis: Durchf\u00fchrung und Auswertung Verfahren 1 mit der bereitgestellten Vorlage<\/li>\n<\/ul>\n<\/li>\n<li>Verfahren 2\n<ul>\n<li>Theorie (Gage Repeatability &amp; Reproducibility)<\/li>\n<li>Praxis: Durchf\u00fchrung und Auswertung Verfahren 2 mit der bereitgestellten Vorlage<\/li>\n<\/ul>\n<\/li>\n<\/ul>\n<\/li>\n<\/ul>\n<p>[\/vc_column_text][\/vc_column][\/vc_row][vc_row css=&#8221;.vc_custom_1714724106207{margin-bottom: 120px !important;}&#8221;][vc_column offset=&#8221;vc_col-md-offset-2 vc_col-md-8&#8243;][vc_column_text]<\/p>\n<h2 id=\"schulungszertifikat\">Zielgruppe<\/h2>\n<p>Techniker, Pr\u00fcfmittelbeauftragte, Mitarbeiter der Qualit\u00e4tssicherung, Quereinsteiger, welche die Grundlagen der Messsystemanalyse sowie die Durchf\u00fchrung und Auswertung anhand einer bereitgestellten Excel-Datei erlernen m\u00f6chten.[\/vc_column_text][\/vc_column][\/vc_row][vc_row css=&#8221;.vc_custom_1714724111665{margin-bottom: 120px !important;}&#8221;][vc_column offset=&#8221;vc_col-md-offset-2 vc_col-md-8&#8243;][vc_column_text]<\/p>\n<h2 id=\"schulungsdauer\">Ziel der Ausbildung<\/h2>\n<p>Die Teilnehmer erlernen die Grundlagen der Messsystemanalyse und sind in der Lage mithilfe der bereitgestellten Excel-Datei eine Messsystemanalyse (Verfahren 1 und 2) durchzuf\u00fchren, auszuwerten und deren Ergebnisse zu interpretieren.[\/vc_column_text][\/vc_column][\/vc_row][vc_row css=&#8221;.vc_custom_1714724118501{margin-bottom: 120px !important;}&#8221;][vc_column offset=&#8221;vc_col-md-offset-2 vc_col-md-8&#8243;][vc_column_text]<\/p>\n<h2 id=\"schulungsdauer\">Mehrwert<\/h2>\n<ul>\n<li>Grundlegendes Verst\u00e4ndnis der Messsystemanalyse<\/li>\n<li>Kenntnis der ben\u00f6tigten statistischen Grundlagen einer Messung und der Messsystemanalyse<\/li>\n<li>F\u00e4higkeit zur Durchf\u00fchrung und Auswertung einer Messsystemanalyse (Verfahren 1 und 2) anhand bereitgestellter Excel-Datei<\/li>\n<li>F\u00e4higkeit MSA-Protokolle zu interpretieren und Konsequenzen zur Qualit\u00e4tssicherung abzuleiten<\/li>\n<\/ul>\n<p>[\/vc_column_text][\/vc_column][\/vc_row][vc_row css=&#8221;.vc_custom_1714724125113{margin-bottom: 120px !important;}&#8221;][vc_column offset=&#8221;vc_col-md-offset-2 vc_col-md-8&#8243;][vc_column_text]<\/p>\n<h2 id=\"schulungsdauer\">Schulungszertifikat<\/h2>\n<p>Die Teilnahme der Schulung wird schriftlich bescheinigt.[\/vc_column_text][\/vc_column][\/vc_row][vc_row css=&#8221;.vc_custom_1714724130928{margin-bottom: 120px !important;}&#8221;][vc_column offset=&#8221;vc_col-md-offset-2 vc_col-md-8&#8243;][vc_column_text]<\/p>\n<h2 id=\"schulungsdauer\">Schulungsdauer*<\/h2>\n<p>1 Arbeitstag; Beginn, Ende und Pausen nach Vereinbarung.[\/vc_column_text][\/vc_column][\/vc_row][vc_row css=&#8221;.vc_custom_1714724137273{margin-bottom: 120px !important;}&#8221;][vc_column offset=&#8221;vc_col-md-offset-2 vc_col-md-8&#8243;][vc_column_text]<\/p>\n<h2>Schulungsorte und Termine*<\/h2>\n<p>Termine nach Vereinbarung. Fragen Sie gerne bei uns an![\/vc_column_text][\/vc_column][\/vc_row][vc_row css=&#8221;.vc_custom_1714724143442{margin-bottom: 120px !important;}&#8221;][vc_column offset=&#8221;vc_col-md-offset-2 vc_col-md-8&#8243;][vc_column_text]<\/p>\n<h2 id=\"anmeldeschluss\">Anmeldeschluss<\/h2>\n<p>14 Tage vor Schulungstermin<\/p>\n<h2><\/h2>\n<p>[\/vc_column_text][\/vc_column][\/vc_row][vc_row css=&#8221;.vc_custom_1714724150416{margin-bottom: 120px !important;}&#8221;][vc_column offset=&#8221;vc_col-md-offset-2 vc_col-md-8&#8243;][vc_column_text]<\/p>\n<h2 id=\"leistungen-und-teilnahmegebuhr\">Leistungen und Teilnahmegeb\u00fchr<\/h2>\n<p>Angebot auf Anfrage[\/vc_column_text][\/vc_column][\/vc_row][vc_row css=&#8221;.vc_custom_1714724155722{margin-bottom: 120px !important;}&#8221;][vc_column offset=&#8221;vc_col-md-offset-2 vc_col-md-8&#8243;][vc_column_text]<\/p>\n<h2 id=\"leistungen-und-teilnahmegebuhr\">Anzahl Teilnehmer<\/h2>\n<p>min. 2 \/ max. 8 Teilnehmer[\/vc_column_text][\/vc_column][\/vc_row][vc_row css=&#8221;.vc_custom_1714724162034{margin-bottom: 120px !important;}&#8221;][vc_column offset=&#8221;vc_col-md-offset-2 vc_col-md-8&#8243;][vc_column_text]<\/p>\n<h2 id=\"leistungen-und-teilnahmegebuhr\">Ausstattung mitzubringen<\/h2>\n<p>Eigener Laptop\/PC mit installiertem Microsoft Excel[\/vc_column_text][\/vc_column][\/vc_row][vc_row css=&#8221;.vc_custom_1666954062888{margin-bottom: 120px !important;}&#8221;][vc_column offset=&#8221;vc_col-md-offset-2 vc_col-md-8&#8243;][vc_column_text]<\/p>\n<h2 id=\"stornobedingungen\">Stornobedingungen<\/h2>\n<p>Bei einer Absage \/ Stornierung der Teilnahme bis 7 Tage vor dem Schulungstermin werden keine Stornogeb\u00fchren erhoben. Bei einer Absage \/ Stornierung der Teilnahme zwischen 7 und 2 Tagen vor dem Schulungstermin werden Stornogeb\u00fchren in H\u00f6he von 50 % der Teilnahmegeb\u00fchr erhoben. Bei einer kurzfristigen Absage \/ Stornierung von weniger als 2 Tagen vor dem Schulungsbeginn bzw. bei Nichterscheinen werden Stornogeb\u00fchren in H\u00f6he von 100 % der Teilnahmegeb\u00fchr erhoben.[\/vc_column_text][\/vc_column][\/vc_row][vc_row css=&#8221;.vc_custom_1666954062888{margin-bottom: 120px !important;}&#8221;][vc_column offset=&#8221;vc_col-md-offset-2 vc_col-md-8&#8243;][vc_column_text]<\/p>\n<h2>Kontakt<\/h2>\n<p id=\"stornobedingungen\">Bei Fragen zur Veranstaltung wenden Sie sich bitte an unser Schulungs-Team,<br \/>\nTel. 08141-88887-245<br \/>\nE-Mail:\u00a0<a href=\"mailto:schulung@esz-ag.de\">schulung@esz-ag.de<\/a><\/p>\n<p>[\/vc_column_text][\/vc_column][\/vc_row][vc_row css=&#8221;.vc_custom_1666954062888{margin-bottom: 120px !important;}&#8221;][vc_column offset=&#8221;vc_col-md-offset-2 vc_col-md-8&#8243;][vc_column_text]<sub>*\u00c4nderungen vorbehalten<\/sub><br \/>\n<sub>**Verf\u00fcgbarkeit wird werktags um 12h aktualisiert.<\/sub>[\/vc_column_text][\/vc_column][\/vc_row][vc_row][vc_column align=&#8221;text-center&#8221;]<a href=\"https:\/\/www.esz-ag.de\/software-beratung\/schulungen\/teilnehmerinformation-kompetenzschulung-messsystemanalyse-verfahren-1-und-verfahren-2\/\" title=\"Teilnehmerinformation Kompetenzschulung Messsystemanalyse\" class=\"btn btn-solid btn-sm circle btn-bordered border-thin ld_button_69fca37347b76\">\n\t<span>\n\t\t\n\t\t\t\t\t<span class=\"btn-txt\">Zum Anmelden hier klicken<\/span>\n\t\t\t\n\t<span class=\"btn-icon\"><i class=\"far fa-arrow-alt-circle-right\"><\/i><\/span>\t\t\t<\/span>\n<\/a>\n[\/vc_column][\/vc_row]<\/p>\n<\/div>","protected":false},"excerpt":{"rendered":"<p>[vc_row bg_position=&#8221;right center&#8221; css=&#8221;.vc_custom_1666953873308{margin-bottom: 120px !important;background-position: center !important;background-repeat: no-repeat !important;background-size: contain !important;}&#8221; el_class=&#8221;hero-section-subpage&#8221; responsive_css=&#8221;margin_top_medium:32px&#8221;][vc_column width=&#8221;1\/2&#8243;][vc_column_text&#8230;<\/p>\n","protected":false},"author":3,"featured_media":0,"parent":54128,"menu_order":49,"comment_status":"closed","ping_status":"closed","template":"","meta":{"_acf_changed":false,"inline_featured_image":false,"footnotes":""},"class_list":["post-54219","page","type-page","status-publish","hentry"],"acf":[],"_links":{"self":[{"href":"https:\/\/www.esz-ag.de\/en\/wp-json\/wp\/v2\/pages\/54219","targetHints":{"allow":["GET"]}}],"collection":[{"href":"https:\/\/www.esz-ag.de\/en\/wp-json\/wp\/v2\/pages"}],"about":[{"href":"https:\/\/www.esz-ag.de\/en\/wp-json\/wp\/v2\/types\/page"}],"author":[{"embeddable":true,"href":"https:\/\/www.esz-ag.de\/en\/wp-json\/wp\/v2\/users\/3"}],"replies":[{"embeddable":true,"href":"https:\/\/www.esz-ag.de\/en\/wp-json\/wp\/v2\/comments?post=54219"}],"version-history":[{"count":1,"href":"https:\/\/www.esz-ag.de\/en\/wp-json\/wp\/v2\/pages\/54219\/revisions"}],"predecessor-version":[{"id":55600,"href":"https:\/\/www.esz-ag.de\/en\/wp-json\/wp\/v2\/pages\/54219\/revisions\/55600"}],"up":[{"embeddable":true,"href":"https:\/\/www.esz-ag.de\/en\/wp-json\/wp\/v2\/pages\/54128"}],"wp:attachment":[{"href":"https:\/\/www.esz-ag.de\/en\/wp-json\/wp\/v2\/media?parent=54219"}],"curies":[{"name":"wp","href":"https:\/\/api.w.org\/{rel}","templated":true}]}}