{"id":54215,"date":"2022-12-21T13:40:03","date_gmt":"2022-12-21T12:40:03","guid":{"rendered":"https:\/\/esz.dyncom.de\/software-beratung\/schulungen\/kompetenzschulung-zur-kalibrierung-von-klimaschraenken-mittels-softwareloesung-ce-ctc\/"},"modified":"2024-08-05T13:54:45","modified_gmt":"2024-08-05T11:54:45","slug":"kompetenzschulung-zur-kalibrierung-von-klimaschraenken-mittels-softwareloesung-ce-ctc","status":"publish","type":"page","link":"https:\/\/www.esz-ag.de\/en\/software-beratung\/training-courses\/kompetenzschulung-zur-kalibrierung-von-klimaschraenken-mittels-softwareloesung-ce-ctc\/","title":{"rendered":"Kompetenzschulung zur Kalibrierung von Klimaschr\u00e4nken mittels Softwarel\u00f6sung ce+ CTC"},"content":{"rendered":"<div class=\"wpb-content-wrapper\"><p>[vc_row bg_position=&#8221;right center&#8221; css=&#8221;.vc_custom_1666953873308{margin-bottom: 120px !important;background-position: center !important;background-repeat: no-repeat !important;background-size: contain !important;}&#8221; el_class=&#8221;hero-section-subpage&#8221; responsive_css=&#8221;margin_top_medium:32px&#8221;][vc_column width=&#8221;1\/2&#8243;][vc_column_text css=&#8221;.vc_custom_1671626073817{margin-bottom: 24px !important;}&#8221;]<\/p>\n<h1 id=\"kompetenzschulung-zur-kalibrierung-von-bremsprufstanden\">Kompetenzschulung zur Kalibrierung von Klimaschr\u00e4nken mittels Softwarel\u00f6sung ce+ CTC<\/h1>\n<p>[\/vc_column_text][vc_column_text css=&#8221;.vc_custom_1668068536856{margin-bottom: 32px !important;}&#8221; el_class=&#8221;hero-section-text&#8221;]<\/p>\n<div class=\"highlight\"><\/div>\n<p>[\/vc_column_text][\/vc_column][vc_column width=&#8221;1\/2&#8243;][vc_column_text css=&#8221;.vc_custom_1662636845792{margin-bottom: 48px !important;}&#8221; el_class=&#8221;hero-img&#8221;]<img loading=\"lazy\" decoding=\"async\" class=\"alignleft wp-image-1544 size-full\" src=\"https:\/\/www.esz-ag.de\/wp-content\/uploads\/yellow_header_kalibrierscheine_2.png\" alt=\"\" width=\"1074\" height=\"320\" title=\"\">[\/vc_column_text][\/vc_column][\/vc_row][vc_row css=&#8221;.vc_custom_1666954075949{margin-bottom: 64px !important;}&#8221;][vc_column offset=&#8221;vc_col-md-offset-2 vc_col-md-8&#8243;][vc_column_text]<\/p>\n<h2 id=\"inhalte\">Inhalte<\/h2>\n<ul>\n<li>Grundlagen Qualit\u00e4tsmanagement nach DIN EN ISO\/ IEC 17025<\/li>\n<li>Richtlinie DKD-R 5-7: Kalibrierung von Klimaschr\u00e4nken<\/li>\n<li>Messpraxis: Klimaschrank-Kalibrierung<\/li>\n<li>Erstellung, Aufbau und Inhalt von Klimaschr\u00e4nken<\/li>\n<\/ul>\n<p>[\/vc_column_text][\/vc_column][\/vc_row][vc_row css=&#8221;.vc_custom_1666954075949{margin-bottom: 64px !important;}&#8221;][vc_column offset=&#8221;vc_col-md-offset-2 vc_col-md-8&#8243;][vc_column_text]<\/p>\n<h2 id=\"voraussetzungen\">Zielgruppe<\/h2>\n<p>Techniker, Ingenieure und Quereinsteiger, die in Kalibrier-\/Pr\u00fcflaboren Kalibrierungen von Klimaschr\u00e4nken durchf\u00fchren[\/vc_column_text][\/vc_column][\/vc_row][vc_row css=&#8221;.vc_custom_1666954075949{margin-bottom: 64px !important;}&#8221;][vc_column offset=&#8221;vc_col-md-offset-2 vc_col-md-8&#8243;][vc_column_text]<\/p>\n<h2 id=\"voraussetzungen\">Ziel der Ausbildung<\/h2>\n<p>Teilnehmer werden bef\u00e4higt im Rahmen des esz-Bevollm\u00e4chtigtenkonzepts im Unterauftrag eigenst\u00e4ndig akkreditierte Kalibrierungen von Klimaschr\u00e4nken durchzuf\u00fchren[\/vc_column_text][\/vc_column][\/vc_row][vc_row css=&#8221;.vc_custom_1666954075949{margin-bottom: 64px !important;}&#8221;][vc_column offset=&#8221;vc_col-md-offset-2 vc_col-md-8&#8243;][vc_column_text]<\/p>\n<h2 id=\"mehrwert\">Mehrwert<\/h2>\n<ul>\n<li>Erweiterung des eigenen Portfolios im Rahmen Qualit\u00e4tsmanagement<\/li>\n<li>Vertiefte Kenntnis der Klimaschrankkalibrierung und richtlinienkonformes Arbeiten nach DKD-R 5-7<\/li>\n<li>\u201eKalibrierzertifikate auf Knopfdruck\u201c mittels Kalibriersoftware CTC<\/li>\n<li>F\u00e4higkeit der Bewertung und Analyse von Messergebnissen<\/li>\n<\/ul>\n<p>[\/vc_column_text][\/vc_column][\/vc_row][vc_row css=&#8221;.vc_custom_1714723675026{margin-bottom: 120px !important;}&#8221;][vc_column offset=&#8221;vc_col-md-offset-2 vc_col-md-8&#8243;][vc_column_text]<\/p>\n<h2 id=\"schulungszertifikat\">Schulungszertifikat<\/h2>\n<p>Am Ende der Schulung findet eine schriftliche Pr\u00fcfung statt. Nach erfolgreichem Bestehen der Schulung erhalten die Teilnehmer ein entsprechendes Schulungszertifikat.[\/vc_column_text][\/vc_column][\/vc_row][vc_row css=&#8221;.vc_custom_1714723680928{margin-bottom: 120px !important;}&#8221;][vc_column offset=&#8221;vc_col-md-offset-2 vc_col-md-8&#8243;][vc_column_text]<\/p>\n<h2 id=\"schulungsdauer\">Schulungsdauer*<\/h2>\n<p>2 Arbeitstage[\/vc_column_text][\/vc_column][\/vc_row][vc_row css=&#8221;.vc_custom_1714723690340{margin-bottom: 120px !important;}&#8221;][vc_column offset=&#8221;vc_col-md-offset-2 vc_col-md-8&#8243;][vc_column_text]<\/p>\n<h2>Schulungsorte und Termine*<\/h2>\n<p>Termine nach Vereinbarung. Fragen Sie gerne bei uns an![\/vc_column_text][\/vc_column][\/vc_row][vc_row css=&#8221;.vc_custom_1666954075949{margin-bottom: 64px !important;}&#8221;][vc_column offset=&#8221;vc_col-md-offset-2 vc_col-md-8&#8243;][vc_column_text]<\/p>\n<h2 id=\"voraussetzungen\">Voraussetzungen<\/h2>\n<ul>\n<li>F\u00fcr die Kalibrierung notwendige, r\u00fcckgef\u00fchrt kalibrierte Messmittel (Pr\u00fcfgasgemische inkl. Anschlusstechnik bzw. Tr\u00fcbungsfilter, Klimamessger\u00e4t &#8211; diese m\u00fcssen nicht zur Schulung mitgebracht werden)<\/li>\n<li>Laptop mit Windows 10 und Zugriff auf das Internet und E-Mails (kein Tablet)<\/li>\n<li>Beschriftungsger\u00e4t (bitte zur Schulung mitbringen) mit Schriftbandkassette<\/li>\n<li><a href=\"https:\/\/www.esz-ag.de\/wp-content\/uploads\/Rahmenvertrag-Blanko.pdf\">Rahmenvertrag (Partnervertrag)<\/a><\/li>\n<li><a href=\"https:\/\/www.esz-ag.de\/store\/files\/unterschriftenerfassung.pdf\" target=\"_blank\" rel=\"noopener\">Digitalisierte Unterschrift<\/a><\/li>\n<li>Teilnahmebescheinigung einer Wartungs- und Messpraxisschulung von den Herstellern, deren AU-Abgasmessger\u00e4te kalibriert werden sollen<\/li>\n<li>Teilnahmebescheinigung einer St\u00fcckpr\u00fcfungsschulung eines beliebigen Herstellers von Bremspr\u00fcfst\u00e4nden (Es werden mitunter kombinierte schulungen zu Wartung und St\u00fcckpr\u00fcfung angeboten).\u00a0Wir akzeptieren auch <a href=\"https:\/\/www.esz-ag.de\/wp-content\/uploads\/Formblatt-Musterformular-Nachweis-von-Kompetenzen.docx\">Selbsterkl\u00e4rungen<\/a>.<\/li>\n<li>Erfahrung mit Bedienung, Instandsetzung und Wartung von AU-Abgasmessger\u00e4ten<\/li>\n<\/ul>\n<p>[\/vc_column_text][\/vc_column][\/vc_row][vc_row css=&#8221;.vc_custom_1714723701020{margin-bottom: 120px !important;}&#8221;][vc_column offset=&#8221;vc_col-md-offset-2 vc_col-md-8&#8243;][vc_column_text]<\/p>\n<h2 id=\"anmeldeschluss\">Anmeldeschluss<\/h2>\n<p>14 Tage vor Schulungstermin<\/p>\n<h2><\/h2>\n<p>[\/vc_column_text][\/vc_column][\/vc_row][vc_row css=&#8221;.vc_custom_1714723708031{margin-bottom: 120px !important;}&#8221;][vc_column offset=&#8221;vc_col-md-offset-2 vc_col-md-8&#8243;][vc_column_text]<\/p>\n<h2 id=\"leistungen-und-teilnahmegebuhr\">Leistungen und Teilnahmegeb\u00fchr<\/h2>\n<p>Inklusive: Tagungsgetr\u00e4nke, Mittagessen, Abschlusstest, Teilnahmezertifikat, Teilnehmerunterlagen.<br \/>\nDie Teilnahmegeb\u00fchr betr\u00e4gt \u20ac 1200 zzgl. MwSt pro Person.<\/p>\n<p>Gerne f\u00fchren wir auch ab 6 Teilnehmern Schulungen bei Ihnen im Unternehmen durch. F\u00fcr ein Angebot kontaktieren Sie bitte: <a href=\"mailto:schulung@esz-ag.de\">schulung@esz-ag.de<\/a>[\/vc_column_text][\/vc_column][\/vc_row][vc_row css=&#8221;.vc_custom_1714723714087{margin-bottom: 120px !important;}&#8221;][vc_column offset=&#8221;vc_col-md-offset-2 vc_col-md-8&#8243;][vc_column_text]<\/p>\n<h2 id=\"anzahl-teilnehmer\">Anzahl Teilnehmer<\/h2>\n<p>min. 2 \/ max. 10 Pr\u00e4senz-Schulung oder min. 2 \/ max. 20 Online-Schulung[\/vc_column_text][\/vc_column][\/vc_row][vc_row css=&#8221;.vc_custom_1714723720533{margin-bottom: 120px !important;}&#8221;][vc_column offset=&#8221;vc_col-md-offset-2 vc_col-md-8&#8243;][vc_column_text]<\/p>\n<h2 id=\"anzahl-teilnehmer\">Austattung<\/h2>\n<p>Eigener Laptop\/PC. Technische Anforderungen siehe: Messmittelanforderung[\/vc_column_text][\/vc_column][\/vc_row][vc_row css=&#8221;.vc_custom_1714723726741{margin-bottom: 120px !important;}&#8221;][vc_column offset=&#8221;vc_col-md-offset-2 vc_col-md-8&#8243;][vc_column_text]<\/p>\n<h2 id=\"stornobedingungen\">Stornobedingungen<\/h2>\n<p>Bei einer Absage \/ Stornierung der Teilnahme bis 7 Tage vor dem Schulungstermin werden keine Stornogeb\u00fchren erhoben. Bei einer Absage \/ Stornierung der Teilnahme zwischen 7 und 2 Tagen vor dem Schulungstermin werden Stornogeb\u00fchren in H\u00f6he von 50 % der Teilnahmegeb\u00fchr erhoben. Bei einer kurzfristigen Absage \/ Stornierung von weniger als 2 Tagen vor dem Schulungsbeginn bzw. bei Nichterscheinen werden Stornogeb\u00fchren in H\u00f6he von 100 % der Teilnahmegeb\u00fchr erhoben.[\/vc_column_text][\/vc_column][\/vc_row][vc_row css=&#8221;.vc_custom_1714723732256{margin-bottom: 120px !important;}&#8221;][vc_column offset=&#8221;vc_col-md-offset-2 vc_col-md-8&#8243;][vc_column_text]<\/p>\n<h2>Kontakt<\/h2>\n<p id=\"stornobedingungen\">Bei Fragen zur Veranstaltung wenden Sie sich bitte an unser Schulungs-Team,<br \/>\nTel. 08141-88887-245<br \/>\nE-Mail:\u00a0<a href=\"mailto:schulung@esz-ag.de\">schulung@esz-ag.de<\/a><\/p>\n<p>[\/vc_column_text][\/vc_column][\/vc_row][vc_row css=&#8221;.vc_custom_1666954062888{margin-bottom: 120px !important;}&#8221;][vc_column offset=&#8221;vc_col-md-offset-2 vc_col-md-8&#8243;][vc_column_text]<sub>*\u00c4nderungen vorbehalten<\/sub><br \/>\n<sub>**Verf\u00fcgbarkeit wird werktags um 12h aktualisiert.<\/sub>[\/vc_column_text][\/vc_column][\/vc_row][vc_row style=&#8221;btn-solid&#8221; title=&#8221;Zum Anmelden hier klicken&#8221; transformation=&#8221;&#8221; link_type=&#8221;&#8221; shape=&#8221;circle&#8221; size=&#8221;btn-sm&#8221; border=&#8221;border-thin&#8221; i_add_icon=&#8221;true&#8221; i_type=&#8221;fontawesome&#8221; i_position=&#8221;&#8221; i_shape=&#8221;&#8221; i_shape_style=&#8221;&#8221; i_shape_bw=&#8221;&#8221; i_shape_size=&#8221;&#8221; i_ripple=&#8221;&#8221; enable_icon_shadowbox=&#8221;&#8221; i_icon_fontawesome=&#8221;far fa-arrow-alt-circle-right&#8221; link=&#8221;url:https%3A%2F%2Fwww.esz-ag.de%2Fsoftware-beratung%2Fschulungen%2Fteilnehmerinformation-wiederholungsschulung-von-abgas-partikelmessgeraeten%2F|title:Teilnahmeinformation%20Wiederholungsschulung%20zur%20Kalibrierung%20von%20Partikelmessger%C3%A4ten&#8221; scroll_speed=&#8221;&#8221; anchor_id=&#8221;&#8221; sh_styling=&#8221;&#8221; custom_size=&#8221;&#8221; custom_height=&#8221;&#8221; i_icon_linea=&#8221;&#8221; i_size=&#8221;&#8221; i_shape_custom_size=&#8221;&#8221; margin_label=&#8221;&#8221; i_margin_left=&#8221;&#8221; i_margin_right=&#8221;&#8221; i_margin_top=&#8221;&#8221; i_margin_bottom=&#8221;&#8221; icon_shadow_label=&#8221;&#8221; icon_box_shadow=&#8221;%5B%7B%7D%5D&#8221; h_icon_box_shadow=&#8221;%5B%7B%7D%5D&#8221; color=&#8221;&#8221; color2=&#8221;&#8221; hover_color=&#8221;&#8221; hover_color2=&#8221;&#8221; i_color=&#8221;&#8221; i_hcolor=&#8221;&#8221; i_fill_color=&#8221;&#8221; i_fill_hcolor=&#8221;&#8221; i_fill_color2=&#8221;&#8221; i_fill_hcolor2=&#8221;&#8221; sh_label=&#8221;&#8221; text_color=&#8221;&#8221; htext_color=&#8221;&#8221; fs=&#8221;&#8221; lh=&#8221;&#8221; fw=&#8221;&#8221; ls=&#8221;&#8221; sh_border=&#8221;&#8221; b_color=&#8221;&#8221; b_color2=&#8221;&#8221; h_b_color=&#8221;&#8221; h_b_color2=&#8221;&#8221; sh_shadowbox=&#8221;&#8221; button_box_shadow=&#8221;%5B%7B%7D%5D&#8221; hover_button_box_shadow=&#8221;%5B%7B%7D%5D&#8221;][vc_column align=&#8221;text-center&#8221;]<a href=\"https:\/\/www.esz-ag.de\/software-beratung\/schulungen\/teilnehmerinformation-kompetenzschulung-zur-kalibrierung-von-klimaschraenken-mittels-softwareloesung-ce-ctc\/\" class=\"btn btn-solid btn-sm circle btn-bordered border-thin ld_button_69fca386a468b\">\n\t<span>\n\t\t\n\t\t\t\t\t<span class=\"btn-txt\">Zum Anmelden hier klicken<\/span>\n\t\t\t\n\t<span class=\"btn-icon\"><i class=\"far fa-arrow-alt-circle-right\"><\/i><\/span>\t\t\t<\/span>\n<\/a>\n[\/vc_column][\/vc_row]<\/p>\n<\/div>","protected":false},"excerpt":{"rendered":"<p>[vc_row bg_position=&#8221;right center&#8221; css=&#8221;.vc_custom_1666953873308{margin-bottom: 120px !important;background-position: center !important;background-repeat: no-repeat !important;background-size: contain !important;}&#8221; el_class=&#8221;hero-section-subpage&#8221; responsive_css=&#8221;margin_top_medium:32px&#8221;][vc_column width=&#8221;1\/2&#8243;][vc_column_text&#8230;<\/p>\n","protected":false},"author":3,"featured_media":0,"parent":54128,"menu_order":36,"comment_status":"closed","ping_status":"closed","template":"","meta":{"_acf_changed":false,"inline_featured_image":false,"footnotes":""},"class_list":["post-54215","page","type-page","status-publish","hentry"],"acf":[],"_links":{"self":[{"href":"https:\/\/www.esz-ag.de\/en\/wp-json\/wp\/v2\/pages\/54215","targetHints":{"allow":["GET"]}}],"collection":[{"href":"https:\/\/www.esz-ag.de\/en\/wp-json\/wp\/v2\/pages"}],"about":[{"href":"https:\/\/www.esz-ag.de\/en\/wp-json\/wp\/v2\/types\/page"}],"author":[{"embeddable":true,"href":"https:\/\/www.esz-ag.de\/en\/wp-json\/wp\/v2\/users\/3"}],"replies":[{"embeddable":true,"href":"https:\/\/www.esz-ag.de\/en\/wp-json\/wp\/v2\/comments?post=54215"}],"version-history":[{"count":1,"href":"https:\/\/www.esz-ag.de\/en\/wp-json\/wp\/v2\/pages\/54215\/revisions"}],"predecessor-version":[{"id":55581,"href":"https:\/\/www.esz-ag.de\/en\/wp-json\/wp\/v2\/pages\/54215\/revisions\/55581"}],"up":[{"embeddable":true,"href":"https:\/\/www.esz-ag.de\/en\/wp-json\/wp\/v2\/pages\/54128"}],"wp:attachment":[{"href":"https:\/\/www.esz-ag.de\/en\/wp-json\/wp\/v2\/media?parent=54215"}],"curies":[{"name":"wp","href":"https:\/\/api.w.org\/{rel}","templated":true}]}}