{"id":54214,"date":"2022-12-21T13:54:22","date_gmt":"2022-12-21T12:54:22","guid":{"rendered":"https:\/\/esz.dyncom.de\/software-beratung\/schulungen\/kompetenzschulung-zur-kalibrierung-von-scheinwerfereinstellpruefsystemen\/"},"modified":"2024-11-20T15:02:04","modified_gmt":"2024-11-20T14:02:04","slug":"kompetenzschulung-zur-kalibrierung-von-scheinwerfereinstellpruefsystemen","status":"publish","type":"page","link":"https:\/\/www.esz-ag.de\/en\/software-beratung\/training-courses\/kompetenzschulung-zur-kalibrierung-von-scheinwerfereinstellpruefsystemen\/","title":{"rendered":"Kompetenzschulung Kalibrierung von Scheinwerfereinstellpr\u00fcfsystemen"},"content":{"rendered":"<div class=\"wpb-content-wrapper\"><p>[vc_row bg_position=&#8221;right center&#8221; css=&#8221;.vc_custom_1666953873308{margin-bottom: 120px !important;background-position: center !important;background-repeat: no-repeat !important;background-size: contain !important;}&#8221; el_class=&#8221;hero-section-subpage&#8221; responsive_css=&#8221;margin_top_medium:32px&#8221;][vc_column width=&#8221;1\/2&#8243;][vc_column_text css=&#8221;.vc_custom_1709898016844{margin-bottom: 24px !important;}&#8221;]<\/p>\n<h1 id=\"kompetenzschulung-zur-kalibrierung-von-bremsprufstanden\">Kompetenzschulung Kalibrierung von SEPS<\/h1>\n<p>[\/vc_column_text][vc_column_text css=&#8221;.vc_custom_1668068536856{margin-bottom: 32px !important;}&#8221; el_class=&#8221;hero-section-text&#8221;]<\/p>\n<div class=\"highlight\"><\/div>\n<p>[\/vc_column_text][\/vc_column][vc_column width=&#8221;1\/2&#8243;][vc_column_text css=&#8221;.vc_custom_1702481154963{margin-bottom: 48px !important;}&#8221; el_class=&#8221;hero-img&#8221;]<\/p>\n<h2><img loading=\"lazy\" decoding=\"async\" class=\"alignleft wp-image-1544 size-full\" src=\"https:\/\/www.esz-ag.de\/wp-content\/uploads\/yellow_header_kalibrierscheine_2.png\" alt=\"Kompetenzschulung Kalibrierung von Scheinwerfereinstellpr\u00fcfsystemen\" width=\"1074\" height=\"320\" title=\"\"><\/h2>\n<p>[\/vc_column_text][\/vc_column][\/vc_row][vc_row css=&#8221;.vc_custom_1666954075949{margin-bottom: 64px !important;}&#8221;][vc_column offset=&#8221;vc_col-md-offset-2 vc_col-md-8&#8243;][vc_column_text]<\/p>\n<h2 id=\"voraussetzungen\">Zielgruppe<\/h2>\n<p>Techniker von Herstellern, H\u00e4ndlern, Servicebetrieben und Pr\u00fcforganisationen, die bereits Instandsetzung, Wartung und St\u00fcckpr\u00fcfungen an SEPS durchgef\u00fchrt haben.[\/vc_column_text][\/vc_column][\/vc_row][vc_row css=&#8221;.vc_custom_1666954075949{margin-bottom: 64px !important;}&#8221;][vc_column offset=&#8221;vc_col-md-offset-2 vc_col-md-8&#8243;][vc_column_text]<\/p>\n<h2>Voraussetzungen<\/h2>\n<ul>\n<li>F\u00fcr die Pr\u00fcfung notwendige, r\u00fcckgef\u00fchrt kalibrierte Messmittel &#8211; diese m\u00fcssen nicht zur Schulung mitgebracht werden<\/li>\n<li>Laptop mit Windows 10 und Zugriff auf das Internet und E-Mails (kein Tablet)<\/li>\n<li>Beschriftungsger\u00e4t (bitte zur Schulung mitbringen) mit Schriftbandkassette<\/li>\n<li><a href=\"https:\/\/www.esz-ag.de\/wp-content\/uploads\/Rahmenvertrag-Blanko.pdf\">Rahmenvertrag (Partnervertrag)<\/a><\/li>\n<li><a href=\"https:\/\/www.esz-ag.de\/wp-content\/uploads\/Unterschriftenerfassung-2.pdf\" target=\"_blank\" rel=\"noopener\">Digitalisierte Unterschrift<\/a><\/li>\n<li>Teilnahmebescheinigung einer Wartungsschulung von den Herstellern, deren Scheinwerfereinstellpr\u00fcfger\u00e4te kalibriert werden sollen<\/li>\n<li>Teilnahmebescheinigung einer St\u00fcckpr\u00fcfungsschulung eines beliebigen Herstellers von Bremspr\u00fcfst\u00e4nden (Es werden mitunter kombinierte Schulungen zu Wartung und St\u00fcckpr\u00fcfung angeboten). Wir akzeptieren auch <a href=\"https:\/\/www.esz-ag.de\/wp-content\/uploads\/Formblatt-Musterformular-Nachweis-von-Kompetenzen.docx\">Selbsterkl\u00e4rungen<\/a>.<\/li>\n<li>Teilnahmebescheinigung einer Methodikschulung (Praxisseminar bei einem Hersteller f\u00fcr Scheinwerfereinstellpr\u00fcfger\u00e4te: Vermessung und Erstellung St\u00fcckpr\u00fcfungsbericht mit der Software sep PRO)<\/li>\n<li>Erfahrung mit Bedienung, Instandsetzung, Wartung und St\u00fcckpr\u00fcfung von Scheinwerferseinstellpr\u00fcfsystemen<\/li>\n<\/ul>\n<p>[\/vc_column_text][\/vc_column][\/vc_row][vc_row css=&#8221;.vc_custom_1714647147861{margin-bottom: 120px !important;}&#8221;][vc_column offset=&#8221;vc_col-md-offset-2 vc_col-md-8&#8243;][vc_column_text]<\/p>\n<h2 id=\"schulungszertifikat\">Schulungszertifikat<\/h2>\n<p>Am Ende der Schulung findet eine schriftliche Pr\u00fcfung statt. Nach erfolgreichem Bestehen der Schulung erhalten die Teilnehmer ein entsprechendes Schulungszertifikat.[\/vc_column_text][\/vc_column][\/vc_row][vc_row css=&#8221;.vc_custom_1714647153328{margin-bottom: 120px !important;}&#8221;][vc_column offset=&#8221;vc_col-md-offset-2 vc_col-md-8&#8243;][vc_column_text]<\/p>\n<h2 id=\"schulungsdauer\">Schulungsdauer*<\/h2>\n<p>1,5 Arbeitstage[\/vc_column_text][\/vc_column][\/vc_row][vc_row css=&#8221;.vc_custom_1714647158639{margin-bottom: 120px !important;}&#8221;][vc_column offset=&#8221;vc_col-md-offset-2 vc_col-md-8&#8243;][vc_column_text]<\/p>\n<h2>Schulungsorte und Termine*<\/h2>\n<table class=\"table\" style=\"width: 92.2981%;\">\n<thead>\n<tr>\n<th>Stadt<\/th>\n<th>Ort<\/th>\n<th>Termin<\/th>\n<th>Verf\u00fcgbare Pl\u00e4tze**<\/th>\n<\/tr>\n<\/thead>\n<tbody>\n<tr>\n<td>Oberhausen<\/td>\n<td>Oberhausen<\/td>\n<td>22.01.2025 &#8211; 23.01.2025<\/td>\n<td>5<\/td>\n<\/tr>\n<\/tbody>\n<\/table>\n<p>[\/vc_column_text][\/vc_column][\/vc_row][vc_row css=&#8221;.vc_custom_1714647164415{margin-bottom: 120px !important;}&#8221;][vc_column offset=&#8221;vc_col-md-offset-2 vc_col-md-8&#8243;][vc_column_text]<\/p>\n<h2 id=\"anmeldeschluss\">Anmeldeschluss<\/h2>\n<p>14 Tage vor Schulungstermin<\/p>\n<h2><\/h2>\n<p>[\/vc_column_text][\/vc_column][\/vc_row][vc_row css=&#8221;.vc_custom_1714647171442{margin-bottom: 120px !important;}&#8221;][vc_column offset=&#8221;vc_col-md-offset-2 vc_col-md-8&#8243;][vc_column_text]<\/p>\n<h2 id=\"leistungen-und-teilnahmegebuhr\">Leistungen und Teilnahmegeb\u00fchr<\/h2>\n<p>Inklusive: Tagungsgetr\u00e4nke, Mittagessen, Abschlusstest, Teilnahmezertifikat, Teilnehmerunterlagen.<br \/>\nDie Teilnahmegeb\u00fchr betr\u00e4gt \u20ac 930 zzgl. MwSt pro Person.<\/p>\n<p>Gerne f\u00fchren wir auch ab 6 Teilnehmern Schulungen bei Ihnen im Unternehmen durch. F\u00fcr ein Angebot kontaktieren Sie bitte: <a href=\"mailto:schulung@esz-ag.de\">schulung@esz-ag.de<\/a>[\/vc_column_text][\/vc_column][\/vc_row][vc_row css=&#8221;.vc_custom_1714647177942{margin-bottom: 120px !important;}&#8221;][vc_column offset=&#8221;vc_col-md-offset-2 vc_col-md-8&#8243;][vc_column_text]<\/p>\n<h2 id=\"stornobedingungen\">Stornobedingungen<\/h2>\n<p>Bei einer Absage \/ Stornierung der Teilnahme bis 7 Tage vor dem Schulungstermin werden keine Stornogeb\u00fchren erhoben. Bei einer Absage \/ Stornierung der Teilnahme zwischen 7 und 2 Tagen vor dem Schulungstermin werden Stornogeb\u00fchren in H\u00f6he von 50 % der Teilnahmegeb\u00fchr erhoben. Bei einer kurzfristigen Absage \/ Stornierung von weniger als 2 Tagen vor dem Schulungsbeginn bzw. bei Nichterscheinen werden Stornogeb\u00fchren in H\u00f6he von 100 % der Teilnahmegeb\u00fchr erhoben.[\/vc_column_text][\/vc_column][\/vc_row][vc_row css=&#8221;.vc_custom_1714647185244{margin-bottom: 120px !important;}&#8221;][vc_column offset=&#8221;vc_col-md-offset-2 vc_col-md-8&#8243;][vc_column_text]<\/p>\n<h2>Kontakt<\/h2>\n<p id=\"stornobedingungen\">Bei Fragen zur Veranstaltung wenden Sie sich bitte an unser Schulungs-Team,<br \/>\nTel. 08141-88887-245<br \/>\nE-Mail:\u00a0<a href=\"mailto:schulung@esz-ag.de\">schulung@esz-ag.de<\/a>[\/vc_column_text][\/vc_column][\/vc_row][vc_row css=&#8221;.vc_custom_1666954062888{margin-bottom: 120px !important;}&#8221;][vc_column offset=&#8221;vc_col-md-offset-2 vc_col-md-8&#8243;][vc_column_text]<sub>*\u00c4nderungen vorbehalten<\/sub><br \/>\n<sub>**Verf\u00fcgbarkeit wird werktags um 12h aktualisiert.<\/sub>[\/vc_column_text][\/vc_column][\/vc_row][vc_row][vc_column align=&#8221;text-center&#8221;]<a href=\"https:\/\/www.esz-ag.de\/software-beratung\/schulungen\/teilnehmerinformation-kompetenzschulung-zur-kalibrierung-von-sep\/\" title=\"Teilnehmerinformation Kompetenzschulung SEP\" class=\"btn btn-solid btn-sm circle btn-bordered border-thin ld_button_69fca391dd350\">\n\t<span>\n\t\t\n\t\t\t\t\t<span class=\"btn-txt\">Zum Anmelden hier klicken<\/span>\n\t\t\t\n\t<span class=\"btn-icon\"><i class=\"far fa-arrow-alt-circle-right\"><\/i><\/span>\t\t\t<\/span>\n<\/a>\n[\/vc_column][\/vc_row]<\/p>\n<\/div>","protected":false},"excerpt":{"rendered":"<p>[vc_row bg_position=&#8221;right center&#8221; css=&#8221;.vc_custom_1666953873308{margin-bottom: 120px !important;background-position: center !important;background-repeat: no-repeat !important;background-size: contain !important;}&#8221; el_class=&#8221;hero-section-subpage&#8221; responsive_css=&#8221;margin_top_medium:32px&#8221;][vc_column width=&#8221;1\/2&#8243;][vc_column_text&#8230;<\/p>\n","protected":false},"author":3,"featured_media":0,"parent":54128,"menu_order":14,"comment_status":"closed","ping_status":"closed","template":"","meta":{"_acf_changed":false,"inline_featured_image":false,"footnotes":""},"class_list":["post-54214","page","type-page","status-publish","hentry"],"acf":[],"_links":{"self":[{"href":"https:\/\/www.esz-ag.de\/en\/wp-json\/wp\/v2\/pages\/54214","targetHints":{"allow":["GET"]}}],"collection":[{"href":"https:\/\/www.esz-ag.de\/en\/wp-json\/wp\/v2\/pages"}],"about":[{"href":"https:\/\/www.esz-ag.de\/en\/wp-json\/wp\/v2\/types\/page"}],"author":[{"embeddable":true,"href":"https:\/\/www.esz-ag.de\/en\/wp-json\/wp\/v2\/users\/3"}],"replies":[{"embeddable":true,"href":"https:\/\/www.esz-ag.de\/en\/wp-json\/wp\/v2\/comments?post=54214"}],"version-history":[{"count":7,"href":"https:\/\/www.esz-ag.de\/en\/wp-json\/wp\/v2\/pages\/54214\/revisions"}],"predecessor-version":[{"id":56068,"href":"https:\/\/www.esz-ag.de\/en\/wp-json\/wp\/v2\/pages\/54214\/revisions\/56068"}],"up":[{"embeddable":true,"href":"https:\/\/www.esz-ag.de\/en\/wp-json\/wp\/v2\/pages\/54128"}],"wp:attachment":[{"href":"https:\/\/www.esz-ag.de\/en\/wp-json\/wp\/v2\/media?parent=54214"}],"curies":[{"name":"wp","href":"https:\/\/api.w.org\/{rel}","templated":true}]}}