{"id":54213,"date":"2022-12-21T13:59:27","date_gmt":"2022-12-21T12:59:27","guid":{"rendered":"https:\/\/esz.dyncom.de\/software-beratung\/schulungen\/wiederholungsschulung-zur-kalibrierung-von-scheinwerfereinstellpruefsystemen\/"},"modified":"2024-11-20T15:14:55","modified_gmt":"2024-11-20T14:14:55","slug":"wiederholungsschulung-zur-kalibrierung-von-scheinwerfereinstellpruefsystemen","status":"publish","type":"page","link":"https:\/\/www.esz-ag.de\/en\/software-beratung\/training-courses\/wiederholungsschulung-zur-kalibrierung-von-scheinwerfereinstellpruefsystemen\/","title":{"rendered":"Wiederholungsschulung zur Kalibrierung von Scheinwerfereinstellpr\u00fcfsystemen"},"content":{"rendered":"<div class=\"wpb-content-wrapper\"><p>[vc_row bg_position=&#8221;right center&#8221; css=&#8221;.vc_custom_1666953873308{margin-bottom: 120px !important;background-position: center !important;background-repeat: no-repeat !important;background-size: contain !important;}&#8221; el_class=&#8221;hero-section-subpage&#8221; responsive_css=&#8221;margin_top_medium:32px&#8221;][vc_column width=&#8221;1\/2&#8243;][vc_column_text css=&#8221;.vc_custom_1714649723508{margin-bottom: 24px !important;}&#8221;]<\/p>\n<h1 id=\"kompetenzschulung-zur-kalibrierung-von-bremsprufstanden\">Wiederholungsschulung Kalibrierung von SEPS<\/h1>\n<p>[\/vc_column_text][vc_column_text css=&#8221;.vc_custom_1668068536856{margin-bottom: 32px !important;}&#8221; el_class=&#8221;hero-section-text&#8221;]<\/p>\n<div class=\"highlight\"><\/div>\n<p>[\/vc_column_text][\/vc_column][vc_column width=&#8221;1\/2&#8243;][vc_column_text css=&#8221;.vc_custom_1662636845792{margin-bottom: 48px !important;}&#8221; el_class=&#8221;hero-img&#8221;]<img loading=\"lazy\" decoding=\"async\" class=\"alignleft wp-image-1544 size-full\" src=\"https:\/\/www.esz-ag.de\/wp-content\/uploads\/yellow_header_kalibrierscheine_2.png\" alt=\"\" width=\"1074\" height=\"320\" title=\"\">[\/vc_column_text][\/vc_column][\/vc_row][vc_row css=&#8221;.vc_custom_1666954075949{margin-bottom: 64px !important;}&#8221;][vc_column offset=&#8221;vc_col-md-offset-2 vc_col-md-8&#8243;][vc_column_text]Durch die regelm\u00e4\u00dfige Teilnahme an Auffrischungsschulungen halten Sie Ihre Bevollm\u00e4chtigung aktuell und k\u00f6nnen weiterhin unter der Akkreditierung der esz AG die Pr\u00fcftechnik Ihrer Kunden kalibrieren. Das nach DIN EN ISO\/IEC 17025:2018 akkreditierte Qualit\u00e4tsmanagementsystem der esz AG fordert regelm\u00e4\u00dfige Sicherstellung und Nachweis Ihrer Kompetenz. Dazu f\u00fchrt die esz AG pro Produktgruppe eine turnusm\u00e4\u00dfige Schulungseinheit alle 24 Monate durch. Bitte achten Sie daher darauf, sich selbst bzw. Ihre Mitarbeiter rechtzeitig zu den Schulungen anzumelden, um ein Aussetzen Ihrer Bevollm\u00e4chtigung vorzubeugen.[\/vc_column_text][\/vc_column][\/vc_row][vc_row css=&#8221;.vc_custom_1666954075949{margin-bottom: 64px !important;}&#8221;][vc_column offset=&#8221;vc_col-md-offset-2 vc_col-md-8&#8243;][vc_column_text]<\/p>\n<h2 id=\"Schulungsinhalte\">Schulungsinhalte<\/h2>\n<ul>\n<li>Vertiefung der Themen Kalibrieren, R\u00fcckf\u00fchrung und Qualit\u00e4tsmanagement<\/li>\n<li>Was ist neu?<\/li>\n<li>Tipps &amp; Tricks mit der Kalibriersoftware calibration expert<\/li>\n<li>Beispiele und Fragen aus der Praxis<\/li>\n<\/ul>\n<p>[\/vc_column_text][\/vc_column][\/vc_row][vc_row css=&#8221;.vc_custom_1666954075949{margin-bottom: 64px !important;}&#8221;][vc_column offset=&#8221;vc_col-md-offset-2 vc_col-md-8&#8243;][vc_column_text]<\/p>\n<h2 id=\"voraussetzungen\">Zielgruppe<\/h2>\n<p>Technikerinnen und Techniker von Herstellern, H\u00e4ndlern, Servicebetrieben und Pr\u00fcforganisationen, die bereits an einer esz-Kompetenzschulung f\u00fcr Scheinwerfereinstellpr\u00fcfsysteme teilgenommen haben.[\/vc_column_text][\/vc_column][\/vc_row][vc_row css=&#8221;.vc_custom_1666954075949{margin-bottom: 64px !important;}&#8221;][vc_column offset=&#8221;vc_col-md-offset-2 vc_col-md-8&#8243;][vc_column_text]<\/p>\n<h2>Voraussetzungen<\/h2>\n<ul>\n<li>Erfolgreich abgeschlossene esz-Kompetenzschulung f\u00fcr Scheinwerfereinstellpr\u00fcfsysteme<\/li>\n<\/ul>\n<p>[\/vc_column_text][\/vc_column][\/vc_row][vc_row css=&#8221;.vc_custom_1714649792954{margin-bottom: 120px !important;}&#8221;][vc_column offset=&#8221;vc_col-md-offset-2 vc_col-md-8&#8243;][vc_column_text]<\/p>\n<h2 id=\"schulungszertifikat\">Schulungszertifikat<\/h2>\n<p>Nach der erfolgreichen Teilnahme der Schulung erhalten Sie ein entsprechendes Schulungszertifikat.[\/vc_column_text][\/vc_column][\/vc_row][vc_row css=&#8221;.vc_custom_1714649799969{margin-bottom: 120px !important;}&#8221;][vc_column offset=&#8221;vc_col-md-offset-2 vc_col-md-8&#8243;][vc_column_text]<\/p>\n<h2 id=\"schulungsdauer\">Schulungsdauer*<\/h2>\n<p>1 Arbeitstag[\/vc_column_text][\/vc_column][\/vc_row][vc_row css=&#8221;.vc_custom_1714649808088{margin-bottom: 120px !important;}&#8221;][vc_column offset=&#8221;vc_col-md-offset-2 vc_col-md-8&#8243;][vc_column_text]<\/p>\n<h2>Schulungsorte und Termine*<\/h2>\n<table class=\"table\" style=\"width: 65.1911%; height: 50px;\">\n<thead>\n<tr style=\"height: 27px;\">\n<th style=\"height: 27px;\">Stadt<\/th>\n<th style=\"height: 27px;\">Ort<\/th>\n<th style=\"height: 27px;\">Termin<\/th>\n<th style=\"height: 27px;\">Verf\u00fcgbare Pl\u00e4tze**<\/th>\n<\/tr>\n<tr style=\"height: 23px;\">\n<td style=\"height: 23px;\">Online<\/td>\n<td style=\"height: 23px;\">Online<\/td>\n<td style=\"height: 23px;\">05.03.2025<\/td>\n<td style=\"height: 23px;\">5<\/td>\n<\/tr>\n<\/thead>\n<\/table>\n<p>&nbsp;[\/vc_column_text][\/vc_column][\/vc_row][vc_row css=&#8221;.vc_custom_1714651937053{margin-bottom: 120px !important;}&#8221;][vc_column offset=&#8221;vc_col-md-offset-2 vc_col-md-8&#8243;][vc_column_text]<\/p>\n<h2 id=\"anmeldeschluss\">Anmeldeschluss<\/h2>\n<p>14 Tage vor Schulungstermin<\/p>\n<h2><\/h2>\n<p>[\/vc_column_text][\/vc_column][\/vc_row][vc_row css=&#8221;.vc_custom_1714651943634{margin-bottom: 120px !important;}&#8221;][vc_column offset=&#8221;vc_col-md-offset-2 vc_col-md-8&#8243;][vc_column_text]<\/p>\n<h2 id=\"leistungen-und-teilnahmegebuhr\">Leistungen und Teilnahmegeb\u00fchr<\/h2>\n<p>Inklusive: Tagungsgetr\u00e4nke, Mittagessen, Teilnahmezertifikat, Teilnehmerunterlagen.<br \/>\nDie Teilnahmegeb\u00fchr betr\u00e4gt \u20ac 545 zzgl. MwSt pro Person.<\/p>\n<p>Gerne f\u00fchren wir auch ab 6 Teilnehmern Schulungen bei Ihnen im Unternehmen durch. F\u00fcr ein Angebot kontaktieren Sie bitte: <a href=\"mailto:schulung@esz-ag.de\">schulung@esz-ag.de<\/a>[\/vc_column_text][\/vc_column][\/vc_row][vc_row css=&#8221;.vc_custom_1714651974755{margin-bottom: 120px !important;}&#8221;][vc_column offset=&#8221;vc_col-md-offset-2 vc_col-md-8&#8243;][vc_column_text]<\/p>\n<h2 id=\"stornobedingungen\">Stornobedingungen<\/h2>\n<p>Bei einer Absage \/ Stornierung der Teilnahme bis 7 Tage vor dem Schulungstermin werden keine Stornogeb\u00fchren erhoben. Bei einer Absage \/ Stornierung der Teilnahme zwischen 7 und 2 Tagen vor dem Schulungstermin werden Stornogeb\u00fchren in H\u00f6he von 50 % der Teilnahmegeb\u00fchr erhoben. Bei einer kurzfristigen Absage \/ Stornierung von weniger als 2 Tagen vor dem Schulungsbeginn bzw. bei Nichterscheinen werden Stornogeb\u00fchren in H\u00f6he von 100 % der Teilnahmegeb\u00fchr erhoben.[\/vc_column_text][\/vc_column][\/vc_row][vc_row css=&#8221;.vc_custom_1714651980465{margin-bottom: 120px !important;}&#8221;][vc_column offset=&#8221;vc_col-md-offset-2 vc_col-md-8&#8243;][vc_column_text]<\/p>\n<h2>Kontakt<\/h2>\n<p id=\"stornobedingungen\">Bei Fragen zur Veranstaltung wenden Sie sich bitte an unser Schulungs-Team,<br \/>\nTel. 08141-88887-245<br \/>\nE-Mail:\u00a0<a href=\"mailto:schulung@esz-ag.de\">schulung@esz-ag.de<\/a>[\/vc_column_text][\/vc_column][\/vc_row][vc_row css=&#8221;.vc_custom_1714651984752{margin-bottom: 120px !important;}&#8221;][vc_column offset=&#8221;vc_col-md-offset-2 vc_col-md-8&#8243;][vc_column_text]<sub>*\u00c4nderungen vorbehalten<\/sub><br \/>\n<sub>**Verf\u00fcgbarkeit wird werktags um 12h aktualisiert.<\/sub>[\/vc_column_text][\/vc_column][\/vc_row][vc_row][vc_column align=&#8221;text-center&#8221;]<a href=\"https:\/\/www.esz-ag.de\/software-beratung\/schulungen\/teilnehmerinformation-wiederholungsschulung-zur-kalibrierung-von-sep\/\" title=\"Teilnehmerinformation Wiederholungsschulung Kalibrierung von SEP\" class=\"btn btn-solid btn-sm circle btn-bordered border-thin ld_button_69fca36ce8c48\">\n\t<span>\n\t\t\n\t\t\t\t\t<span class=\"btn-txt\">Zum Anmelden hier klicken<\/span>\n\t\t\t\n\t<span class=\"btn-icon\"><i class=\"far fa-arrow-alt-circle-right\"><\/i><\/span>\t\t\t<\/span>\n<\/a>\n[\/vc_column][\/vc_row]<\/p>\n<\/div>","protected":false},"excerpt":{"rendered":"<p>[vc_row bg_position=&#8221;right center&#8221; css=&#8221;.vc_custom_1666953873308{margin-bottom: 120px !important;background-position: center !important;background-repeat: no-repeat !important;background-size: contain !important;}&#8221; el_class=&#8221;hero-section-subpage&#8221; responsive_css=&#8221;margin_top_medium:32px&#8221;][vc_column width=&#8221;1\/2&#8243;][vc_column_text&#8230;<\/p>\n","protected":false},"author":3,"featured_media":0,"parent":54128,"menu_order":17,"comment_status":"closed","ping_status":"closed","template":"","meta":{"_acf_changed":false,"inline_featured_image":false,"footnotes":""},"class_list":["post-54213","page","type-page","status-publish","hentry"],"acf":[],"_links":{"self":[{"href":"https:\/\/www.esz-ag.de\/en\/wp-json\/wp\/v2\/pages\/54213","targetHints":{"allow":["GET"]}}],"collection":[{"href":"https:\/\/www.esz-ag.de\/en\/wp-json\/wp\/v2\/pages"}],"about":[{"href":"https:\/\/www.esz-ag.de\/en\/wp-json\/wp\/v2\/types\/page"}],"author":[{"embeddable":true,"href":"https:\/\/www.esz-ag.de\/en\/wp-json\/wp\/v2\/users\/3"}],"replies":[{"embeddable":true,"href":"https:\/\/www.esz-ag.de\/en\/wp-json\/wp\/v2\/comments?post=54213"}],"version-history":[{"count":10,"href":"https:\/\/www.esz-ag.de\/en\/wp-json\/wp\/v2\/pages\/54213\/revisions"}],"predecessor-version":[{"id":56070,"href":"https:\/\/www.esz-ag.de\/en\/wp-json\/wp\/v2\/pages\/54213\/revisions\/56070"}],"up":[{"embeddable":true,"href":"https:\/\/www.esz-ag.de\/en\/wp-json\/wp\/v2\/pages\/54128"}],"wp:attachment":[{"href":"https:\/\/www.esz-ag.de\/en\/wp-json\/wp\/v2\/media?parent=54213"}],"curies":[{"name":"wp","href":"https:\/\/api.w.org\/{rel}","templated":true}]}}