{"id":54205,"date":"2023-03-03T00:28:24","date_gmt":"2023-03-02T23:28:24","guid":{"rendered":"https:\/\/esz.dyncom.de\/service\/sicherheitspruefung\/"},"modified":"2025-11-26T14:19:57","modified_gmt":"2025-11-26T13:19:57","slug":"safety-check","status":"publish","type":"page","link":"https:\/\/www.esz-ag.de\/en\/service\/safety-check\/","title":{"rendered":"Safety Check"},"content":{"rendered":"<div class=\"wpb-content-wrapper\"><p>[vc_row content_placement=&#8221;top&#8221; el_class=&#8221;hero-section-subpage&#8221; css=&#8221;.vc_custom_1706537261135{margin-bottom: 128px !important;}&#8221; responsive_css=&#8221;margin_top_medium:64px&#8221;][vc_column width=&#8221;1\/2&#8243;][vc_column_text el_class=&#8221;hero-section-text&#8221; css=&#8221;.vc_custom_1715851425847{margin-bottom: 16px !important;}&#8221;]<\/p>\n<p class=\"subline\">Safety check<\/p>\n<p>[\/vc_column_text][vc_column_text css=&#8221;.vc_custom_1717099571579{margin-bottom: 24px !important;}&#8221;]<\/p>\n<h1>Safety check<br \/>\naccording to DGUV V3<\/h1>\n<p>If you use electrical measuring devices in your company, you must ensure that they are regularly checked and maintained. This is the only way to ensure that your test equipment works safely and correctly. esz AG carries out the safety testing of your electrical measuring equipment in accordance with DGUV V3 as part of your calibration order or as a separate individual order. A trained specialist carries out the test steps in accordance with DGUV V3 before calibration in our laboratories. If the result is positive in accordance with DGUV V3 and VDE 0701-0702, you will receive a legally compliant test report and the device will be marked with a test sticker.[\/vc_column_text]<a href=\"#heading_test-interval\" class=\"btn btn-default btn-sm circle btn-bordered border-thin ld_button_69f2aeb7463bc\">\n\t<span>\n\t\t\n\t\t\t\t\t<span class=\"btn-txt\">Learn more<\/span>\n\t\t\t\n\t\t\t\t<\/span>\n<\/a>\n[\/vc_column][vc_column width=&#8221;1\/2&#8243;][vc_column_text el_class=&#8221;hero-img&#8221; css=&#8221;.vc_custom_1704194475413{margin-bottom: 48px !important;}&#8221;]<img loading=\"lazy\" decoding=\"async\" class=\"alignleft wp-image-49521 size-full\" src=\"https:\/\/www.esz-ag.de\/wp-content\/uploads\/yellow_header_sicherheitspruefung.jpg\" alt=\"Sicherheitspr\u00fcfung\" width=\"1074\" height=\"320\" title=\"\">[\/vc_column_text][\/vc_column][\/vc_row][vc_row disable_element=&#8221;yes&#8221; css=&#8221;.vc_custom_1693561845755{margin-bottom: 128px !important;}&#8221;][vc_column][vc_row_inner][vc_column_inner width=&#8221;1\/2&#8243; offset=&#8221;vc_hidden-lg vc_hidden-md vc_hidden-sm&#8221;][vc_column_text el_class=&#8221;home-service-text&#8221; css=&#8221;.vc_custom_1691750573039{margin-bottom: 32px !important;}&#8221;]<\/p>\n<h2>Ihre Sicherheitspr\u00fcfung anfragen<\/h2>\n<p>Wir erstellen Ihnen gerne ein unverbindliches Angebot f\u00fcr die Sicherheitspr\u00fcfung Ihrer Messger\u00e4te.[\/vc_column_text][\/vc_column_inner][vc_column_inner width=&#8221;1\/2&#8243; align=&#8221;text-center&#8221; offset=&#8221;vc_hidden-lg vc_hidden-md vc_hidden-sm&#8221;][vc_single_image image=&#8221;47643&#8243; img_size=&#8221;full&#8221; style=&#8221;vc_box_rounded&#8221;][vc_raw_html]JTNDYSUyMGRhdGEtaWQlM0QlMjIxNTklMjIlMjBkYXRhLXBvc3RfaWQlM0QlMjIzOCUyMiUyMGRhdGEtZm9ybV9zdHlsZSUzRCUyMiUyMiUyMGRhdGEtYWxsb3dfb3V0c2lkZV9jbGljayUzRCUyMjElMjIlMjBkYXRhLXdpZHRoJTNEJTIyNTAwcHglMjIlMjBocmVmJTNEJTIyJTIzJTIyJTIwY2xhc3MlM0QlMjJ3cGItcGNmLWZvcm0tZmlyZSUyMGJ0biUyMGJ0bi1zb2xpZCUyMGJ0bi1sZyUyMGNpcmNsZSUyMGJ0bi1ib3JkZXJlZCUyMGJvcmRlci10aGluJTIwYnRuLWljb24tbGVmdCUyMGJ0bi1vcGVuLWZvcm0lMjIlM0VKZXR6dCUyMGFuZnJhZ2VuJTNDJTJGYSUzRQ==[\/vc_raw_html][\/vc_column_inner][\/vc_row_inner][vc_row_inner content_placement=&#8221;middle&#8221;][vc_column_inner width=&#8221;1\/2&#8243; el_class=&#8221;service-img&#8221; offset=&#8221;vc_hidden-xs&#8221;][vc_single_image image=&#8221;47643&#8243; img_size=&#8221;full&#8221; style=&#8221;vc_box_rounded&#8221;][\/vc_column_inner][vc_column_inner width=&#8221;1\/2&#8243; offset=&#8221;vc_hidden-xs&#8221;][vc_column_text el_class=&#8221;home-service-text&#8221; css=&#8221;.vc_custom_1691750573039{margin-bottom: 32px !important;}&#8221;]<\/p>\n<h2>Ihre Sicherheitspr\u00fcfung anfragen<\/h2>\n<p>Wir erstellen Ihnen gerne ein unverbindliches Angebot f\u00fcr die Sicherheitspr\u00fcfung Ihrer Messger\u00e4te.[\/vc_column_text][vc_raw_html]JTNDYSUyMGRhdGEtaWQlM0QlMjIxNTklMjIlMjBkYXRhLXBvc3RfaWQlM0QlMjIzOCUyMiUyMGRhdGEtZm9ybV9zdHlsZSUzRCUyMiUyMiUyMGRhdGEtYWxsb3dfb3V0c2lkZV9jbGljayUzRCUyMjElMjIlMjBkYXRhLXdpZHRoJTNEJTIyNTAwcHglMjIlMjBocmVmJTNEJTIyJTIzJTIyJTIwY2xhc3MlM0QlMjJ3cGItcGNmLWZvcm0tZmlyZSUyMGJ0biUyMGJ0bi1zb2xpZCUyMGJ0bi1sZyUyMGNpcmNsZSUyMGJ0bi1ib3JkZXJlZCUyMGJvcmRlci10aGluJTIwYnRuLWljb24tbGVmdCUyMGJ0bi1vcGVuLWZvcm0lMjIlM0VKZXR6dCUyMGFuZnJhZ2VuJTNDJTJGYSUzRQ==[\/vc_raw_html][\/vc_column_inner][\/vc_row_inner][\/vc_column][\/vc_row][vc_row content_placement=&#8221;middle&#8221; el_class=&#8221;ce-img-text&#8221;][vc_column css=&#8221;.vc_custom_1655063802147{margin-bottom: 140px !important;}&#8221;][vc_row_inner content_placement=&#8221;middle&#8221;][vc_column_inner width=&#8221;1\/2&#8243; el_class=&#8221;img-left&#8221;][vc_single_image image=&#8221;48508&#8243; img_size=&#8221;full&#8221; style=&#8221;vc_box_rounded&#8221;][\/vc_column_inner][vc_column_inner width=&#8221;1\/2&#8243;][vc_column_text css=&#8221;.vc_custom_1716541052251{margin-bottom: 24px !important;}&#8221;]<\/p>\n<h2>Safety testing and documentation in accordance with DGUV V3 test protocols<\/h2>\n<p>Safety tests of electrical devices are divided into the following three sections:<\/p>\n<ul>\n<li>visual inspection<\/li>\n<li>functional test<\/li>\n<li>measurement control<\/li>\n<\/ul>\n<p>We test your devices comprehensively for functionality and safety in these three steps. We also determine how your measuring devices react to different scenarios, such as a short circuit. We document all inspection steps and the values determined during the inspection in our inspection software in accordance with the DGUV V3 inspection protocol.[\/vc_column_text]<a href=\"#heading_electrical-equipment-type\" class=\"btn btn-default btn-sm circle btn-bordered border-thin ld_button_69f2aeb7466a7\">\n\t<span>\n\t\t\n\t\t\t\t\t<span class=\"btn-txt\">Learn more<\/span>\n\t\t\t\n\t\t\t\t<\/span>\n<\/a>\n[\/vc_column_inner][\/vc_row_inner][\/vc_column][\/vc_row][vc_row content_placement=&#8221;middle&#8221; el_class=&#8221;ce-img-text&#8221;][vc_column css=&#8221;.vc_custom_1655063802147{margin-bottom: 140px !important;}&#8221;][vc_row_inner content_placement=&#8221;middle&#8221;][vc_column_inner width=&#8221;1\/2&#8243;][vc_column_text css=&#8221;.vc_custom_1715851683677{margin-bottom: 24px !important;}&#8221;]<\/p>\n<h2>Repair and calibration directly in-house<\/h2>\n<p>If your device is found to be faulty or defective during the inspection, we will inform you immediately. On request, we can repair your defective device quickly and competently. This saves you time and money. We then carry out your calibration job in our laboratories.[\/vc_column_text]<a href=\"https:\/\/www.esz-ag.de\/en\/service\/measuring-device-repair\/\" title=\"Measuring device repair\" class=\"btn btn-solid btn-sm circle btn-bordered border-thin ld_button_69f2aeb7468aa\">\n\t<span>\n\t\t\n\t\t\t\t\t<span class=\"btn-txt\">Repair service<\/span>\n\t\t\t\n\t<span class=\"btn-icon\"><i class=\"far fa-arrow-alt-circle-right\"><\/i><\/span>\t\t\t<\/span>\n<\/a>\n[\/vc_column_inner][vc_column_inner width=&#8221;1\/2&#8243; el_class=&#8221;img-right&#8221;][vc_single_image image=&#8221;48512&#8243; img_size=&#8221;full&#8221; style=&#8221;vc_box_rounded&#8221;][\/vc_column_inner][\/vc_row_inner][\/vc_column][\/vc_row][vc_row content_placement=&#8221;middle&#8221; el_class=&#8221;ce-img-text&#8221;][vc_column css=&#8221;.vc_custom_1655063802147{margin-bottom: 140px !important;}&#8221;][vc_row_inner content_placement=&#8221;middle&#8221;][vc_column_inner width=&#8221;1\/2&#8243; el_class=&#8221;img-left&#8221;][vc_single_image image=&#8221;58763&#8243; img_size=&#8221;full&#8221; style=&#8221;vc_box_rounded&#8221;][\/vc_column_inner][vc_column_inner width=&#8221;1\/2&#8243;][vc_column_text css=&#8221;.vc_custom_1749809946688{margin-bottom: 24px !important;}&#8221;]<\/p>\n<h3 data-start=\"168\" data-end=\"193\">The Inspection Label<\/h3>\n<p data-start=\"195\" data-end=\"624\">After the completion of the safety inspection, the device is marked with a inspection label. This label features a QR code that allows the safety inspection report to be downloaded directly. The six-digit number ensures the unique identification of the tested equipment. In the center of the inspection label, there is a reference to the standards EN 50678 \/ EN 50699, which form the basis for the safety inspection.<\/p>\n<p>[\/vc_column_text][vc_single_image image=&#8221;58703&#8243; img_size=&#8221;200&#215;87&#8243;][\/vc_column_inner][\/vc_row_inner][\/vc_column][\/vc_row][vc_row css=&#8221;.vc_custom_1691662648200{margin-bottom: 128px !important;padding-right: 24px !important;padding-left: 24px !important;}&#8221; el_id=&#8221;reparatur-form&#8221;][vc_column offset=&#8221;vc_col-md-offset-1 vc_col-md-10&#8243;][vc_row_inner el_class=&#8221;card-white home-register&#8221; css=&#8221;.vc_custom_1655132661704{padding-top: 70px !important;}&#8221;][vc_column_inner width=&#8221;1\/2&#8243; css=&#8221;.vc_custom_1655218283841{margin-bottom: 32px !important;}&#8221;][vc_column_text css=&#8221;.vc_custom_1715851781675{margin-bottom: 16px !important;}&#8221;]<\/p>\n<p class=\"subline\">Request a safety check now<\/p>\n<h2>Submit your request for a safety check here<\/h2>\n<p>[\/vc_column_text][vc_column_text el_class=&#8221;home-register-text&#8221;]We have more than 40,000 manufacturer-independent operating instructions and thousands of spare parts for a wide range of devices.<\/p>\n<p>Phone: +49 8141 88887-0[\/vc_column_text][\/vc_column_inner][vc_column_inner width=&#8221;1\/2&#8243; responsive_css=&#8221;padding_left_large:80px|padding_right_medium:16px|padding_left_medium:100px&#8221;][vc_column_text]\n<div class=\"wpcf7 no-js\" id=\"wpcf7-f54919-o1\" lang=\"en-US\" dir=\"ltr\" data-wpcf7-id=\"54919\">\n<div class=\"screen-reader-response\"><p role=\"status\" aria-live=\"polite\" aria-atomic=\"true\"><\/p> <ul><\/ul><\/div>\n<form action=\"\/en\/wp-json\/wp\/v2\/pages\/54205#wpcf7-f54919-o1\" method=\"post\" class=\"wpcf7-form init\" id=\"49172\" name=\"Sicherheitsprfung\" aria-label=\"Contact form\" novalidate=\"novalidate\" data-status=\"init\">\n<fieldset class=\"hidden-fields-container\"><input type=\"hidden\" name=\"_wpcf7\" value=\"54919\" \/><input type=\"hidden\" name=\"_wpcf7_version\" value=\"6.1.5\" \/><input type=\"hidden\" name=\"_wpcf7_locale\" value=\"en_US\" \/><input type=\"hidden\" name=\"_wpcf7_unit_tag\" value=\"wpcf7-f54919-o1\" \/><input type=\"hidden\" name=\"_wpcf7_container_post\" value=\"0\" \/><input type=\"hidden\" name=\"_wpcf7_posted_data_hash\" value=\"\" \/><input type=\"hidden\" name=\"_wpcf7cf_hidden_group_fields\" value=\"[]\" \/><input type=\"hidden\" name=\"_wpcf7cf_hidden_groups\" value=\"[]\" \/><input type=\"hidden\" name=\"_wpcf7cf_visible_groups\" value=\"[]\" \/><input type=\"hidden\" name=\"_wpcf7cf_repeaters\" value=\"[]\" \/><input type=\"hidden\" name=\"_wpcf7cf_steps\" value=\"{}\" \/><input type=\"hidden\" name=\"_wpcf7cf_options\" value=\"{&quot;form_id&quot;:54919,&quot;conditions&quot;:[{&quot;then_field&quot;:&quot;group-personal-data&quot;,&quot;and_rules&quot;:[{&quot;if_field&quot;:&quot;your-email&quot;,&quot;operator&quot;:&quot;not empty&quot;,&quot;if_value&quot;:&quot;&quot;}]}],&quot;settings&quot;:{&quot;animation&quot;:&quot;yes&quot;,&quot;animation_intime&quot;:200,&quot;animation_outtime&quot;:200,&quot;conditions_ui&quot;:&quot;normal&quot;,&quot;notice_dismissed&quot;:false,&quot;notice_dismissed_update-cf7-5.6.3&quot;:true,&quot;notice_dismissed_rollback-cf7-5.6.3&quot;:true,&quot;notice_dismissed_update-cf7-5.8.1&quot;:true,&quot;notice_dismissed_update-cf7-5.9.8&quot;:true}}\" \/>\n<\/fieldset>\n<div><span class=\"wpcf7-form-control-wrap\" data-name=\"your-email\"><input size=\"40\" maxlength=\"400\" class=\"wpcf7-form-control wpcf7-email wpcf7-validates-as-required wpcf7-text wpcf7-validates-as-email\" aria-required=\"true\" aria-invalid=\"false\" placeholder=\"Your email adress *\" value=\"\" type=\"email\" name=\"your-email\" \/><\/span><\/div>\n<div data-id=\"group-personal-data\" data-orig_data_id=\"group-personal-data\"  class=\"\" data-class=\"wpcf7cf_group\">\n<div><span class=\"wpcf7-form-control-wrap\" data-name=\"Vorname\"><input size=\"40\" maxlength=\"400\" class=\"wpcf7-form-control wpcf7-text\" aria-invalid=\"false\" placeholder=\"First name\" value=\"\" type=\"text\" name=\"Vorname\" \/><\/span><\/div>\n<div><span class=\"wpcf7-form-control-wrap\" data-name=\"Nachname\"><input size=\"40\" maxlength=\"400\" class=\"wpcf7-form-control wpcf7-text wpcf7-validates-as-required\" aria-required=\"true\" aria-invalid=\"false\" placeholder=\"Last name*\" value=\"\" type=\"text\" name=\"Nachname\" \/><\/span><\/div>\n<div><span class=\"wpcf7-form-control-wrap\" data-name=\"Kundennummer\"><input size=\"40\" maxlength=\"400\" class=\"wpcf7-form-control wpcf7-text\" aria-invalid=\"false\" placeholder=\"Customer number\" value=\"\" type=\"text\" name=\"Kundennummer\" \/><\/span><\/div>\n<div><span class=\"wpcf7-form-control-wrap\" data-name=\"Firma\"><input size=\"40\" maxlength=\"400\" class=\"wpcf7-form-control wpcf7-text wpcf7-validates-as-required\" aria-required=\"true\" aria-invalid=\"false\" placeholder=\"Company name *\" value=\"\" type=\"text\" name=\"Firma\" \/><\/span><\/div>\n<div><span class=\"wpcf7-form-control-wrap\" data-name=\"PLZ\"><input size=\"40\" maxlength=\"400\" class=\"wpcf7-form-control wpcf7-text wpcf7-validates-as-required\" aria-required=\"true\" aria-invalid=\"false\" placeholder=\"Postal code *\" value=\"\" type=\"text\" name=\"PLZ\" \/><\/span><\/div>\n<div><span class=\"wpcf7-form-control-wrap\" data-name=\"Ort\"><input size=\"40\" maxlength=\"400\" class=\"wpcf7-form-control wpcf7-text\" aria-invalid=\"false\" placeholder=\"Location\" value=\"\" type=\"text\" name=\"Ort\" \/><\/span><\/div>\n<div><span class=\"wpcf7-form-control-wrap\" data-name=\"Telefon\"><input size=\"40\" maxlength=\"400\" class=\"wpcf7-form-control wpcf7-text\" aria-invalid=\"false\" placeholder=\"Phone\" value=\"\" type=\"text\" name=\"Telefon\" \/><\/span><\/div>\n<\/div>\n<div class=\"checkbox-nachricht-headline\"><p><strong>Your message to us:<\/strong><\/p><p><\/p><\/div>\n<div><span class=\"wpcf7-form-control-wrap\" data-name=\"your-message\"><textarea cols=\"40\" rows=\"3\" maxlength=\"2000\" class=\"wpcf7-form-control wpcf7-textarea form-control\" aria-invalid=\"false\" name=\"your-message\">Please send me information about the safety check of...<\/textarea><\/span><\/div>\n<div class=\"acceptance\"><span class=\"wpcf7-form-control-wrap\" data-name=\"acceptance-453\"><span class=\"wpcf7-form-control wpcf7-acceptance\"><span class=\"wpcf7-list-item\"><label><input type=\"checkbox\" name=\"acceptance-453\" value=\"1\" aria-invalid=\"false\" \/><span class=\"wpcf7-list-item-label\">I agree to the <a href=\"https:\/\/www.esz-ag.de\/datenschutzerklaerung\/\">Privacy policy<\/a>.<\/span><\/label><\/span><\/span><\/span><\/div>\n<input class=\"wpcf7-form-control wpcf7-submit has-spinner\" type=\"submit\" value=\"Next\" \/><div class=\"wpcf7-response-output\" aria-hidden=\"true\"><\/div>\n<\/form>\n<\/div>\n[\/vc_column_text][\/vc_column_inner][\/vc_row_inner][vc_single_image image=&#8221;43517&#8243; el_class=&#8221;bubble-register&#8221;][\/vc_column][\/vc_row][vc_row css=&#8221;.vc_custom_1691747948425{margin-bottom: 128px !important;}&#8221;][vc_column offset=&#8221;vc_col-lg-offset-2 vc_col-lg-8 vc_col-md-offset-1 vc_col-md-10 vc_col-xs-12&#8243; el_class=&#8221;card-white box-benefits&#8221;][vc_row_inner css=&#8221;.vc_custom_1688547536211{margin-bottom: 24px !important;background-color: #fec804 !important;}&#8221;][vc_column_inner css=&#8221;.vc_custom_1688547706778{padding-top: 16px !important;padding-right: 16px !important;padding-bottom: 16px !important;padding-left: 16px !important;}&#8221;][vc_column_text]<\/p>\n<h2>Your benefits<\/h2>\n<p>[\/vc_column_text][\/vc_column_inner][\/vc_row_inner][vc_row_inner css=&#8221;.vc_custom_1688547695156{padding-right: 16px !important;padding-left: 16px !important;}&#8221;][vc_column_inner width=&#8221;1\/2&#8243;][vc_column_text]<\/p>\n<ul>\n<li>Everything from a single source<\/li>\n<li>Safety check As part of the calibration of your electrical measuring devices<\/li>\n<li>Reduced downtime and service life of your test equipment<\/li>\n<li>Repair and adjustment directly in the connected service laboratory<\/li>\n<li>Optimal price-performance ratio<\/li>\n<\/ul>\n<p>[\/vc_column_text][\/vc_column_inner][vc_column_inner width=&#8221;1\/2&#8243;][vc_column_text]<\/p>\n<ul>\n<li>Use of the latest measurement technology<\/li>\n<li>Lower maintenance and repair costs<\/li>\n<li>Increased safety for your employees<\/li>\n<li>Clear cost planning thanks to standardised prices<\/li>\n<li>Test protocols for added safety<\/li>\n<\/ul>\n<p>[\/vc_column_text][\/vc_column_inner][\/vc_row_inner][\/vc_column][\/vc_row][vc_row css=&#8221;.vc_custom_1715862255610{margin-bottom: 128px !important;padding-right: 24px !important;padding-left: 24px !important;}&#8221; el_class=&#8221;row-accordion&#8221; el_id=&#8221;more-information&#8221;][vc_column offset=&#8221;vc_col-lg-offset-2 vc_col-lg-8 vc_col-md-offset-1 vc_col-md-10&#8243; el_class=&#8221;card-white card-accordion&#8221; responsive_css=&#8221;padding_top_medium:24px|padding_right_medium:66px|padding_bottom_medium:48px|padding_left_medium:66px&#8221; css=&#8221;.vc_custom_1657727642707{margin-right: 8px !important;margin-left: 8px !important;}&#8221;][vc_column_text el_class=&#8221;hero-section-text&#8221; css=&#8221;.vc_custom_1715852071370{margin-bottom: 16px !important;}&#8221;]<\/p>\n<h2 style=\"text-align: center;\">More information<\/h2>\n<p>[\/vc_column_text]<div class=\"accordion accordion-md vc_accordion_69f2aeb747f1b\" id=\"vc_accordion_69f2aeb747f1b\" role=\"tablist\" aria-multiselectable=\"true\">\n\n\t<div class=\"accordion-item panel  active \">\n\n\t\t<div class=\"accordion-heading\" role=\"tab\" id=\"heading_test-interval\">\n\t\t\t<h3 class=\"accordion-title\">\n\t\t\t\t<a class=\"\" data-toggle=\"collapse\" data-parent=\"#vc_accordion_69f2aeb747f1b\" href=\"#test-interval\" aria-expanded=\"true\" aria-controls=\"test-interval\">\n\t\t\t\t\t\n\t\t\t\t\t\n\t\t\t\t\tHow often must electrical equipment be tested?\n\t\t\t\t\t\t\t\t\t\t<span class=\"accordion-expander\">\n\t\t\t\t\t\t<i class=\"fa fa-plus\"><\/i>\n\t\t\t\t\t\t<i class=\"fa fa-minus\"><\/i>\n\t\t\t\t\t<\/span>\n\t\t\t\t\t\n\t\t\t\t<\/a>\n\t\t\t\t\n\t\t\t<\/h3>\n\t\t<\/div>\n\n\t\t<div id=\"test-interval\" class=\"accordion-collapse collapse in\" role=\"tabpanel\" aria-labelledby=\"heading_test-interval\">\n\t\t\t<div class=\"accordion-content\">\n\t\t\t<p>[vc_column_text]The testing of electrical devices, the testing of portable devices and the testing of electrical equipment is generally due every four years. However, certain factors, such as increased stress, increased wear or increased risk, may mean that testing is required more frequently.[\/vc_column_text]<\/p>\n\t\t\t<\/div>\n\t\t<\/div>\n\t<\/div>\n\t<div class=\"accordion-item panel  \">\n\n\t\t<div class=\"accordion-heading\" role=\"tab\" id=\"heading_electrical-equipment-type\">\n\t\t\t<h3 class=\"accordion-title\">\n\t\t\t\t<a class=\"collapsed\" data-toggle=\"collapse\" data-parent=\"#vc_accordion_69f2aeb747f1b\" href=\"#electrical-equipment-type\" aria-expanded=\"false\" aria-controls=\"electrical-equipment-type\">\n\t\t\t\t\t\n\t\t\t\t\t\n\t\t\t\t\tWhat type of test is required for electrical equipment?\n\t\t\t\t\t\t\t\t\t\t<span class=\"accordion-expander\">\n\t\t\t\t\t\t<i class=\"fa fa-plus\"><\/i>\n\t\t\t\t\t\t<i class=\"fa fa-minus\"><\/i>\n\t\t\t\t\t<\/span>\n\t\t\t\t\t\n\t\t\t\t<\/a>\n\t\t\t\t\n\t\t\t<\/h3>\n\t\t<\/div>\n\n\t\t<div id=\"electrical-equipment-type\" class=\"accordion-collapse collapse\" role=\"tabpanel\" aria-labelledby=\"heading_electrical-equipment-type\">\n\t\t\t<div class=\"accordion-content\">\n\t\t\t<p>[vc_column_text]A functional test is generally required for the testing of electrical devices, the testing of portable devices and the testing of electrical equipment. This checks whether the device meets the requirements and is working properly.[\/vc_column_text]<\/p>\n\t\t\t<\/div>\n\t\t<\/div>\n\t<\/div>\n\t<div class=\"accordion-item panel  \">\n\n\t\t<div class=\"accordion-heading\" role=\"tab\" id=\"heading_consistency-deficient-examination\">\n\t\t\t<h3 class=\"accordion-title\">\n\t\t\t\t<a class=\"collapsed\" data-toggle=\"collapse\" data-parent=\"#vc_accordion_69f2aeb747f1b\" href=\"#consistency-deficient-examination\" aria-expanded=\"false\" aria-controls=\"consistency-deficient-examination\">\n\t\t\t\t\t\n\t\t\t\t\t\n\t\t\t\t\tWhat are the consequences of an inadequate check?\n\t\t\t\t\t\t\t\t\t\t<span class=\"accordion-expander\">\n\t\t\t\t\t\t<i class=\"fa fa-plus\"><\/i>\n\t\t\t\t\t\t<i class=\"fa fa-minus\"><\/i>\n\t\t\t\t\t<\/span>\n\t\t\t\t\t\n\t\t\t\t<\/a>\n\t\t\t\t\n\t\t\t<\/h3>\n\t\t<\/div>\n\n\t\t<div id=\"consistency-deficient-examination\" class=\"accordion-collapse collapse\" role=\"tabpanel\" aria-labelledby=\"heading_consistency-deficient-examination\">\n\t\t\t<div class=\"accordion-content\">\n\t\t\t<p>[vc_column_text]Inadequate testing of electrical devices, testing of portable devices and testing of electrical equipment can result in the device concerned no longer meeting the safety requirements and therefore posing an increased risk of accidents and damage.[\/vc_column_text]<\/p>\n\t\t\t<\/div>\n\t\t<\/div>\n\t<\/div>\n\t<div class=\"accordion-item panel  \">\n\n\t\t<div class=\"accordion-heading\" role=\"tab\" id=\"heading_safety-inspection\">\n\t\t\t<h3 class=\"accordion-title\">\n\t\t\t\t<a class=\"collapsed\" data-toggle=\"collapse\" data-parent=\"#vc_accordion_69f2aeb747f1b\" href=\"#safety-inspection\" aria-expanded=\"false\" aria-controls=\"safety-inspection\">\n\t\t\t\t\t\n\t\t\t\t\t\n\t\t\t\t\tHow does a safety inspection work?\n\t\t\t\t\t\t\t\t\t\t<span class=\"accordion-expander\">\n\t\t\t\t\t\t<i class=\"fa fa-plus\"><\/i>\n\t\t\t\t\t\t<i class=\"fa fa-minus\"><\/i>\n\t\t\t\t\t<\/span>\n\t\t\t\t\t\n\t\t\t\t<\/a>\n\t\t\t\t\n\t\t\t<\/h3>\n\t\t<\/div>\n\n\t\t<div id=\"safety-inspection\" class=\"accordion-collapse collapse\" role=\"tabpanel\" aria-labelledby=\"heading_safety-inspection\">\n\t\t\t<div class=\"accordion-content\">\n\t\t\t<p>[vc_column_text]The technician begins with a visual inspection of the device. He looks for visible damage such as cracks, dents or soiling. If any damage is found, it should be repaired before proceeding with further testing procedures.<\/p>\n<p>This is followed by the functional test. For this purpose, the equipment is connected to a current or voltage source and the technician tests whether the equipment complies with the required operating voltage and current range and whether it functions correctly. If necessary, measurements of the insulation resistance and the contact resistances should also be carried out. Finally, the equipment is tested for effectiveness.<\/p>\n<p>The technician documents all results within our calibration expert laboratory software and then creates a test report.[\/vc_column_text]<\/p>\n\t\t\t<\/div>\n\t\t<\/div>\n\t<\/div>\n<\/div>[\/vc_column][\/vc_row]<\/p>\n<\/div>","protected":false},"excerpt":{"rendered":"<p>[vc_row content_placement=&#8221;top&#8221; el_class=&#8221;hero-section-subpage&#8221; css=&#8221;.vc_custom_1706537261135{margin-bottom: 128px !important;}&#8221; responsive_css=&#8221;margin_top_medium:64px&#8221;][vc_column width=&#8221;1\/2&#8243;][vc_column_text el_class=&#8221;hero-section-text&#8221; css=&#8221;.vc_custom_1715851425847{margin-bottom: 16px !important;}&#8221;] Safety check [\/vc_column_text][vc_column_text&#8230;<\/p>\n","protected":false},"author":1,"featured_media":0,"parent":54123,"menu_order":4,"comment_status":"closed","ping_status":"closed","template":"","meta":{"_acf_changed":false,"inline_featured_image":false,"footnotes":""},"class_list":["post-54205","page","type-page","status-publish","hentry"],"acf":[],"_links":{"self":[{"href":"https:\/\/www.esz-ag.de\/en\/wp-json\/wp\/v2\/pages\/54205","targetHints":{"allow":["GET"]}}],"collection":[{"href":"https:\/\/www.esz-ag.de\/en\/wp-json\/wp\/v2\/pages"}],"about":[{"href":"https:\/\/www.esz-ag.de\/en\/wp-json\/wp\/v2\/types\/page"}],"author":[{"embeddable":true,"href":"https:\/\/www.esz-ag.de\/en\/wp-json\/wp\/v2\/users\/1"}],"replies":[{"embeddable":true,"href":"https:\/\/www.esz-ag.de\/en\/wp-json\/wp\/v2\/comments?post=54205"}],"version-history":[{"count":10,"href":"https:\/\/www.esz-ag.de\/en\/wp-json\/wp\/v2\/pages\/54205\/revisions"}],"predecessor-version":[{"id":58765,"href":"https:\/\/www.esz-ag.de\/en\/wp-json\/wp\/v2\/pages\/54205\/revisions\/58765"}],"up":[{"embeddable":true,"href":"https:\/\/www.esz-ag.de\/en\/wp-json\/wp\/v2\/pages\/54123"}],"wp:attachment":[{"href":"https:\/\/www.esz-ag.de\/en\/wp-json\/wp\/v2\/media?parent=54205"}],"curies":[{"name":"wp","href":"https:\/\/api.w.org\/{rel}","templated":true}]}}