{"id":54199,"date":"2023-03-03T00:38:11","date_gmt":"2023-03-02T23:38:11","guid":{"rendered":"https:\/\/esz.dyncom.de\/software-beratung\/ceps\/"},"modified":"2025-02-13T14:44:44","modified_gmt":"2025-02-13T13:44:44","slug":"ceps","status":"publish","type":"page","link":"https:\/\/www.esz-ag.de\/en\/software-beratung\/ceps\/","title":{"rendered":"CEPS"},"content":{"rendered":"<div class=\"wpb-content-wrapper\"><p>[vc_row bg_position=&#8221;right center&#8221; css=&#8221;.vc_custom_1693929312459{margin-bottom: 128px !important;background-position: center !important;background-repeat: no-repeat !important;background-size: contain !important;}&#8221; el_class=&#8221;hero-section-subpage&#8221; responsive_css=&#8221;margin_top_medium:64px&#8221;][vc_column width=&#8221;1\/2&#8243;][vc_column_text el_class=&#8221;hero-section-text&#8221; css=&#8221;.vc_custom_1693470103155{margin-bottom: 16px !important;}&#8221;]<\/p>\n<p class=\"subline\">CEPS<\/p>\n<p>[\/vc_column_text][vc_column_text css=&#8221;.vc_custom_1692708010148{margin-bottom: 24px !important;}&#8221;]<\/p>\n<h1>CEPS \u2013 Calibration Expert Partner System<\/h1>\n<p>[\/vc_column_text][vc_column_text css=&#8221;.vc_custom_1716360356927{margin-bottom: 32px !important;}&#8221; el_class=&#8221;hero-section-text&#8221;]As part of the CEPS network, our contractually bound partners carry out accredited calibrations without having to be accredited for the measurement task themselves by the German Accreditation Body. The technicians are qualified as part of training courses. Calibrations in the field of Automotive testing technology and the calibration of climatic chambers in accordance with DKD-R 5-7 Method A are already established at CEPS. In addition, a number of individual projects have been successfully implemented. Other solutions are possible on request after checking the feasibility. In addition to accredited calibrations, traceable ISO calibrations are also possible within the framework of CEPS.[\/vc_column_text][\/vc_column][vc_column width=&#8221;1\/2&#8243;][vc_column_text el_class=&#8221;hero-img&#8221;]<img loading=\"lazy\" decoding=\"async\" class=\"alignnone wp-image-47823 size-full\" src=\"https:\/\/www.esz-ag.de\/wp-content\/uploads\/Aufmacher_CEPS-2.png\" alt=\"CEPS\" width=\"1024\" height=\"469\" title=\"\">[\/vc_column_text][vc_single_image image=&#8221;43517&#8243; el_class=&#8221;bubble-header&#8221;][\/vc_column][\/vc_row][vc_row el_class=&#8221;ce-img-text&#8221; css=&#8221;.vc_custom_1661456686824{margin-bottom: 120px !important;}&#8221;][vc_column width=&#8221;1\/2&#8243; offset=&#8221;vc_col-md-8&#8243;][vc_column_text css=&#8221;.vc_custom_1717100551667{margin-bottom: 32px !important;}&#8221;]<\/p>\n<h2>Automotive testing technology<\/h2>\n<h3 id=\"europaweite-vor-ort-kalibrierung.auch-am-nachsten-tag\">Accredited calibration with CEPS<\/h3>\n<p>esz AG was the first provider in Germany to fulfil the extensive requirements profile of the German Accreditation Body (DAkkS) for validated measurement procedures in the field of automotive testing technology. The digital networking of partners, manufacturers and service organisations forms the platform for compliant calibrations: CEPS &#8211; Calibration Expert Partner System<\/p>\n<p>With CEPS, qualified technicians from manufacturers, dealers and service companies can calibrate the above-mentioned vehicle inspection technology in esz AG&#8217;s quality management system in accordance with the requirements of DIN EN ISO\/IEC 17025:2018.<\/p>\n<p>Since 2017, together with our <a href=\"https:\/\/www.esz-ag.de\/en\/esz-partner-automotive-testing-technology\/\">Partners <\/a> we have offered accredited calibrations for <a href=\"https:\/\/www.esz-ag.de\/en\/industries-solutions\/automotive-testing-technology\/#calibration-of-brake-testers\">Brake testers<\/a>, <a href=\"https:\/\/www.esz-ag.de\/en\/industries-solutions\/automotive-testing-technology\/#calibration-of-headlamp-alignment-test-systems\">Headlight alignment testers<\/a> and <a href=\"https:\/\/www.esz-ag.de\/en\/industries-solutions\/automotive-testing-technology\/#calibration-of-exhaust-emission-test-devices\">Exhaust gas measuring devices<\/a><em>.\u00a0\u00a0<\/em><\/p>\n<p>Our partners are supported by the calibration expert laboratory management software.[\/vc_column_text]<a href=\"https:\/\/www.esz-ag.de\/esz-partner-im-bereich-kfz-prueftechnik\/\" title=\"esz Partner im Bereich Kfz-Pr\u00fcftechnik\" class=\"btn btn-solid btn-sm circle btn-bordered border-thin home-jobs-btn ld_button_69f5072734e80 vc_custom_1716360646934\">\n\t<span>\n\t\t\n\t\t\t\t\t<span class=\"btn-txt\">Partner list<\/span>\n\t\t\t\n\t<span class=\"btn-icon\"><i class=\"far fa-arrow-alt-circle-right\"><\/i><\/span>\t\t\t<\/span>\n<\/a>\n<a href=\"https:\/\/www.esz-ag.de\/branchen-loesungen\/kfz-prueftechnik\" title=\"Kfz-Pr\u00fcftechnik\" class=\"btn btn-solid btn-sm circle btn-bordered border-thin home-jobs-btn ld_button_69f5072735152 vc_custom_1716360656351\">\n\t<span>\n\t\t\n\t\t\t\t\t<span class=\"btn-txt\">Automotive testing technology<\/span>\n\t\t\t\n\t<span class=\"btn-icon\"><i class=\"far fa-arrow-alt-circle-right\"><\/i><\/span>\t\t\t<\/span>\n<\/a>\n<a href=\"https:\/\/www.esz-ag.de\/software-beratung\/software\/\" title=\"Software\" class=\"btn btn-solid btn-sm circle btn-bordered border-thin home-jobs-btn ld_button_69f5072735361\">\n\t<span>\n\t\t\n\t\t\t\t\t<span class=\"btn-txt\">calibration expert<\/span>\n\t\t\t\n\t<span class=\"btn-icon\"><i class=\"far fa-arrow-alt-circle-right\"><\/i><\/span>\t\t\t<\/span>\n<\/a>\n[\/vc_column][\/vc_row][vc_row el_class=&#8221;ce-text-img&#8221; css=&#8221;.vc_custom_1714387292471{margin-bottom: 120px !important;}&#8221;][vc_column width=&#8221;1\/2&#8243; offset=&#8221;vc_col-md-8&#8243;][vc_column_text css=&#8221;.vc_custom_1739454011507{margin-bottom: 32px !important;}&#8221;]<\/p>\n<h2>Temperature and climate cabinets<\/h2>\n<p>[\/vc_column_text][vc_column_text css=&#8221;.vc_custom_1716361199785{margin-bottom: 24px !important;}&#8221;]CEPS employees carry out the accredited calibration of temperature and climate cabinets in accordance with DKD-R 5-7, Method A, directly on site. In addition to the technical requirements, all that is necessary is the qualification of employees through regular training.<\/p>\n<p>Thanks to CEPS, the qualified technicians calibrate your own climate cabinets independently and at the time of your choice. This reduces downtimes to a minimum and eliminates the need for planning with a service provider. You can then act much more flexibly and in line with your operational processes.<br \/>\nThe CTC module within our ce+ software enables quick and easy recording of measured values and creates your calibration certificates.[\/vc_column_text]<a href=\"https:\/\/www.esz-ag.de\/wp-content\/uploads\/esz-climatic-test-chamber-required-test-equipment-1.pdf\" title=\"climatic-test-chamber pdf\" target=\"_blank\" class=\"btn btn-solid btn-sm circle btn-bordered border-thin home-jobs-btn ld_button_69f5072735553 vc_custom_1739454276121\">\n\t<span>\n\t\t\n\t\t\t\t\t<span class=\"btn-txt\">Measuring equipment requirement<\/span>\n\t\t\t\n\t<span class=\"btn-icon\"><i class=\"far fa-arrow-alt-circle-down\"><\/i><\/span>\t\t\t<\/span>\n<\/a>\n<a href=\"https:\/\/www.esz-ag.de\/software-beratung\/ceps\/#enquiry-ceps\" title=\"Consulting\" class=\"btn btn-default btn-sm circle btn-bordered border-thin home-jobs-btn ld_button_69f5072735751 vc_custom_1716361235032\">\n\t<span>\n\t\t\n\t\t\t\t\t<span class=\"btn-txt\">Request for CEPS<\/span>\n\t\t\t\n\t\t\t\t<\/span>\n<\/a>\n[\/vc_column][\/vc_row][vc_row css=&#8221;.vc_custom_1716289155440{margin-bottom: 128px !important;}&#8221; el_id=&#8221;enquiry-ceps&#8221;][vc_column offset=&#8221;vc_col-md-offset-1 vc_col-md-10&#8243;][vc_row_inner el_class=&#8221;card-white home-register&#8221; css=&#8221;.vc_custom_1655132661704{padding-top: 70px !important;}&#8221;][vc_column_inner width=&#8221;1\/2&#8243; css=&#8221;.vc_custom_1655218283841{margin-bottom: 32px !important;}&#8221;][vc_column_text css=&#8221;.vc_custom_1716364102544{margin-bottom: 16px !important;}&#8221;]<\/p>\n<p class=\"subline\">Become a Calibration Expert Partner now<\/p>\n<h2>Submit your enquiry about CEPS<\/h2>\n<p>[\/vc_column_text][vc_column_text el_class=&#8221;home-register-text&#8221;]Become a Calibration Expert Partner now<\/p>\n<ul>\n<li>Are you interested in a project? Please do not hesitate to contact us. Let us know which devices you would like to calibrate (data sheet, calibration certificates with calibration scope), which quantities you require and which calibration procedure and test equipment should be used.<\/li>\n<li>Software developments in cooperation with partners are also possible.<\/li>\n<\/ul>\n<p>Phone: +49 8141 88887-0[\/vc_column_text][\/vc_column_inner][vc_column_inner width=&#8221;1\/2&#8243; responsive_css=&#8221;padding_left_large:80px|padding_right_medium:16px|padding_left_medium:100px&#8221;][vc_column_text]\n<div class=\"wpcf7 no-js\" id=\"wpcf7-f49327-o1\" lang=\"de-DE\" dir=\"ltr\" data-wpcf7-id=\"49327\">\n<div class=\"screen-reader-response\"><p role=\"status\" aria-live=\"polite\" aria-atomic=\"true\"><\/p> <ul><\/ul><\/div>\n<form action=\"\/en\/wp-json\/wp\/v2\/pages\/54199#wpcf7-f49327-o1\" method=\"post\" class=\"wpcf7-form init\" id=\"49327\" name=\"CEPS\" aria-label=\"Kontaktformular\" novalidate=\"novalidate\" data-status=\"init\">\n<fieldset class=\"hidden-fields-container\"><input type=\"hidden\" name=\"_wpcf7\" value=\"49327\" \/><input type=\"hidden\" name=\"_wpcf7_version\" value=\"6.1.5\" \/><input type=\"hidden\" name=\"_wpcf7_locale\" value=\"de_DE\" \/><input type=\"hidden\" name=\"_wpcf7_unit_tag\" value=\"wpcf7-f49327-o1\" \/><input type=\"hidden\" name=\"_wpcf7_container_post\" value=\"0\" \/><input type=\"hidden\" name=\"_wpcf7_posted_data_hash\" value=\"\" \/><input type=\"hidden\" name=\"_wpcf7cf_hidden_group_fields\" value=\"[]\" \/><input type=\"hidden\" name=\"_wpcf7cf_hidden_groups\" value=\"[]\" \/><input type=\"hidden\" name=\"_wpcf7cf_visible_groups\" value=\"[]\" \/><input type=\"hidden\" name=\"_wpcf7cf_repeaters\" value=\"[]\" \/><input type=\"hidden\" name=\"_wpcf7cf_steps\" value=\"{}\" \/><input type=\"hidden\" name=\"_wpcf7cf_options\" value=\"{&quot;form_id&quot;:49327,&quot;conditions&quot;:[{&quot;then_field&quot;:&quot;group-personal-data&quot;,&quot;and_rules&quot;:[{&quot;if_field&quot;:&quot;your-email&quot;,&quot;operator&quot;:&quot;not empty&quot;,&quot;if_value&quot;:&quot;&quot;}]}],&quot;settings&quot;:{&quot;animation&quot;:&quot;yes&quot;,&quot;animation_intime&quot;:200,&quot;animation_outtime&quot;:200,&quot;conditions_ui&quot;:&quot;normal&quot;,&quot;notice_dismissed&quot;:false,&quot;notice_dismissed_update-cf7-5.6.3&quot;:true,&quot;notice_dismissed_rollback-cf7-5.6.3&quot;:true,&quot;notice_dismissed_update-cf7-5.8.1&quot;:true,&quot;notice_dismissed_update-cf7-5.9.8&quot;:true}}\" \/>\n<\/fieldset>\n<div><span class=\"wpcf7-form-control-wrap\" data-name=\"your-email\"><input size=\"40\" maxlength=\"400\" class=\"wpcf7-form-control wpcf7-email wpcf7-validates-as-required wpcf7-text wpcf7-validates-as-email\" aria-required=\"true\" aria-invalid=\"false\" placeholder=\"Ihre E-Mail-Adresse*\" value=\"\" type=\"email\" name=\"your-email\" \/><\/span><\/div>\n<div data-id=\"group-personal-data\" data-orig_data_id=\"group-personal-data\"  class=\"\" data-class=\"wpcf7cf_group\">\n<div><span class=\"wpcf7-form-control-wrap\" data-name=\"Vorname\"><input size=\"40\" maxlength=\"400\" class=\"wpcf7-form-control wpcf7-text\" aria-invalid=\"false\" placeholder=\"Vorname\" value=\"\" type=\"text\" name=\"Vorname\" \/><\/span><\/div>\n<div><span class=\"wpcf7-form-control-wrap\" data-name=\"Nachname\"><input size=\"40\" maxlength=\"400\" class=\"wpcf7-form-control wpcf7-text wpcf7-validates-as-required\" aria-required=\"true\" aria-invalid=\"false\" placeholder=\"Nachname*\" value=\"\" type=\"text\" name=\"Nachname\" \/><\/span><\/div>\n<div><span class=\"wpcf7-form-control-wrap\" data-name=\"Kundennummer\"><input size=\"40\" maxlength=\"400\" class=\"wpcf7-form-control wpcf7-text\" aria-invalid=\"false\" placeholder=\"Kundennummer\" value=\"\" type=\"text\" name=\"Kundennummer\" \/><\/span><\/div>\n<div><span class=\"wpcf7-form-control-wrap\" data-name=\"Firma\"><input size=\"40\" maxlength=\"400\" class=\"wpcf7-form-control wpcf7-text wpcf7-validates-as-required\" aria-required=\"true\" aria-invalid=\"false\" placeholder=\"Firma*\" value=\"\" type=\"text\" name=\"Firma\" \/><\/span><\/div>\n<div><span class=\"wpcf7-form-control-wrap\" data-name=\"PLZ\"><input size=\"40\" maxlength=\"400\" class=\"wpcf7-form-control wpcf7-text wpcf7-validates-as-required\" aria-required=\"true\" aria-invalid=\"false\" placeholder=\"Postleitzahl*\" value=\"\" type=\"text\" name=\"PLZ\" \/><\/span><\/div>\n<div><span class=\"wpcf7-form-control-wrap\" data-name=\"Ort\"><input size=\"40\" maxlength=\"400\" class=\"wpcf7-form-control wpcf7-text\" aria-invalid=\"false\" placeholder=\"Ort\" value=\"\" type=\"text\" name=\"Ort\" \/><\/span><\/div>\n<div><span class=\"wpcf7-form-control-wrap\" data-name=\"Telefon\"><input size=\"40\" maxlength=\"400\" class=\"wpcf7-form-control wpcf7-text\" aria-invalid=\"false\" placeholder=\"Telefon\" value=\"\" type=\"text\" name=\"Telefon\" \/><\/span><\/div>\n<\/div>\n<div class=\"checkbox-nachricht-headline\"><p><strong>Bemerkung:<\/strong><\/p><p><\/p><\/div>\n<div><span class=\"wpcf7-form-control-wrap\" data-name=\"your-message\"><textarea cols=\"40\" rows=\"3\" maxlength=\"2000\" class=\"wpcf7-form-control wpcf7-textarea form-control\" aria-invalid=\"false\" name=\"your-message\">Haben Sie Anmerkungen?<\/textarea><\/span><\/div>\n<div class=\"acceptance\"><span class=\"wpcf7-form-control-wrap\" data-name=\"acceptance-453\"><span class=\"wpcf7-form-control wpcf7-acceptance\"><span class=\"wpcf7-list-item\"><label><input type=\"checkbox\" name=\"acceptance-453\" value=\"1\" aria-invalid=\"false\" \/><span class=\"wpcf7-list-item-label\">Ich stimme den <a href=\"https:\/\/www.esz-ag.de\/unsere-datenschutzerklaerung\/\">Datenschutzrichtlinien<\/a> zu.<\/span><\/label><\/span><\/span><\/span><\/div>\n<input class=\"wpcf7-form-control wpcf7-submit has-spinner\" type=\"submit\" value=\"Weiter\" \/><div class=\"wpcf7-response-output\" aria-hidden=\"true\"><\/div>\n<\/form>\n<\/div>\n[\/vc_column_text][\/vc_column_inner][\/vc_row_inner][vc_single_image image=&#8221;43517&#8243; el_class=&#8221;bubble-register&#8221;][\/vc_column][\/vc_row][vc_row content_placement=&#8221;middle&#8221; css=&#8221;.vc_custom_1705054846687{margin-bottom: 128px !important;}&#8221; el_class=&#8221;ce-img-text&#8221;][vc_column][vc_row_inner content_placement=&#8221;middle&#8221;][vc_column_inner width=&#8221;1\/2&#8243; el_class=&#8221;img-left&#8221;][vc_single_image image=&#8221;52477&#8243; img_size=&#8221;full&#8221; style=&#8221;vc_box_rounded&#8221; el_class=&#8221;img-left&#8221;][\/vc_column_inner][vc_column_inner width=&#8221;1\/2&#8243;][vc_column_text css=&#8221;.vc_custom_1716363749364{margin-bottom: 32px !important;}&#8221;]<\/p>\n<h2>Qualification through training<\/h2>\n<p class=\"esz-Standardtext\">As part of the CEPS network, our contractually bound partners carry out accredited calibrations without having to be accredited for the measurement task themselves by the German Accreditation Body. The technicians are qualified as part of training courses. Participants learn the tools for creating ISO 17025-compliant calibration certificates and the content and requirements of the current calibration guidelines.<\/p>\n<p class=\"esz-Standardtext\">Are you also interested in qualifying your technicians to meet the new challenges and becoming part of the esz AG network? Then take a look at the training courses for further education.<\/p>\n<p>[\/vc_column_text]<a href=\"https:\/\/www.esz-ag.de\/software-beratung\/schulungen\/\" title=\"Schulungen\" class=\"btn btn-solid btn-sm circle btn-bordered border-thin ld_button_69f507273d0ba\">\n\t<span>\n\t\t\n\t\t\t\t\t<span class=\"btn-txt\">Training offer<\/span>\n\t\t\t\n\t<span class=\"btn-icon\"><i class=\"far fa-arrow-alt-circle-right\"><\/i><\/span>\t\t\t<\/span>\n<\/a>\n[\/vc_column_inner][\/vc_row_inner][\/vc_column][\/vc_row][vc_row disable_element=&#8221;yes&#8221; el_class=&#8221;ce-img-text&#8221; css=&#8221;.vc_custom_1688382586461{margin-bottom: 120px !important;}&#8221;][vc_column offset=&#8221;vc_col-md-8&#8243;][vc_column_text css=&#8221;.vc_custom_1682330704302{margin-bottom: 32px !important;}&#8221;]<\/p>\n<h2 id=\"expresskalibrierung-und-wochenendservice\">Expresskalibrierung und Wochenendservice<\/h2>\n<p class=\"esz-Standardtext\">Eine Alternative zur Vor-Ort-Kalibrierung bietet der Kalibrierservice im 24h-Express oder \u00fcbers Wochenende.<\/p>\n<p><em><strong>\u00a0<\/strong><\/em>[\/vc_column_text]<a href=\"#\" class=\"btn btn-solid btn-sm circle btn-bordered border-thin home-jobs-btn ld_button_69f507273d37e\">\n\t<span>\n\t\t\n\t\t\t\t\t<span class=\"btn-txt\">Kalibrierung anfragen<\/span>\n\t\t\t\n\t\t\t\t<\/span>\n<\/a>\n[\/vc_column][\/vc_row][vc_row css=&#8221;.vc_custom_1680254578994{margin-bottom: 140px !important;}&#8221;][vc_column offset=&#8221;vc_col-lg-offset-2 vc_col-lg-8 vc_col-md-offset-1 vc_col-md-10 vc_col-xs-12&#8243; el_class=&#8221;card-white box-benefits&#8221;][vc_row_inner css=&#8221;.vc_custom_1688386014628{margin-bottom: 24px !important;background-color: #fec804 !important;}&#8221;][vc_column_inner css=&#8221;.vc_custom_1688386052537{padding-top: 16px !important;padding-right: 16px !important;padding-bottom: 16px !important;padding-left: 16px !important;}&#8221;][vc_column_text]<\/p>\n<h2>Your benefits<\/h2>\n<p>[\/vc_column_text][\/vc_column_inner][\/vc_row_inner][vc_row_inner css=&#8221;.vc_custom_1688386039171{padding-right: 16px !important;padding-left: 16px !important;}&#8221;][vc_column_inner width=&#8221;1\/2&#8243;][vc_column_text]<\/p>\n<ul>\n<li>Integration of the existing service structure into the QM system in accordance with DIN EN ISO\/IEC 17025:\n<ul>\n<li>Training and education<\/li>\n<li>Monitoring and supervision<\/li>\n<li>Audit and monitoring<\/li>\n<\/ul>\n<\/li>\n<li>Traceability of the calibration equipment \/ standards used, verification and test equipment monitoring<\/li>\n<li>Organisation, processing and evaluation of interlaboratory comparisons (proficiency tests)<\/li>\n<\/ul>\n<p>[\/vc_column_text][\/vc_column_inner][vc_column_inner width=&#8221;1\/2&#8243;][vc_column_text]<\/p>\n<ul>\n<li>Creation and provision of necessary templates, software, test equipment database and digital calibration certificates with hosting in the cloud<\/li>\n<li>Application, official processing, maintenance and assumption of all costs for accreditation with the DAkkS<\/li>\n<li>Contact person and constant support<\/li>\n<\/ul>\n<p>[\/vc_column_text][\/vc_column_inner][\/vc_row_inner][\/vc_column][\/vc_row][vc_row disable_element=&#8221;yes&#8221;][vc_column][vc_column_text][vc_row el_class=\"block-service\"][vc_column][vc_row_inner][vc_column_inner width=\"1\/2\" offset=\"vc_hidden-lg vc_hidden-md vc_hidden-sm\"][vc_column_text css=\".vc_custom_1699285981384{margin-bottom: 32px !important;}\" el_class=\"home-service-text\"]\r\n<p class=\"subline\">Service<\/p>\r\n\r\n<h2>Logistik Expert<\/h2>\r\nMit dem Abhol- und Lieferservice der esz AG sind Ihre empfindlichen Pr\u00fcfmittel immer in sicheren H\u00e4nden. W\u00e4hlen Sie zwischen einer individuellen Abholung und Zustellung oder unserem w\u00f6chentlichen Lieferservice mit festen Touren.[\/vc_column_text][\/vc_column_inner][vc_column_inner width=\"1\/2\" align=\"text-center\" offset=\"vc_hidden-lg vc_hidden-md vc_hidden-sm\"][vc_single_image image=\"50940\" img_size=\"full\" style=\"vc_box_rounded\" css=\".vc_custom_1699286265006{margin-bottom: 0px !important;}\"]<a href=\"https:\/\/www.esz-ag.de\/service\/abhol-und-lieferservice\/\" title=\"Abhol- &amp; Lieferservice\" class=\"btn btn-solid btn-sm circle btn-bordered border-thin btn-icon-left service-block-btn ld_button_69f507273d71d vc_custom_1698355039742\">\n\t<span>\n\t\t\n\t\t\t\t\t<span class=\"btn-txt\">Mehr erfahren<\/span>\n\t\t\t\n\t<span class=\"btn-icon\"><i class=\"fas fa-shipping-fast\"><\/i><\/span>\t\t\t<\/span>\n<\/a>\n[\/vc_column_inner][\/vc_row_inner][vc_row_inner content_placement=\"middle\"][vc_column_inner width=\"1\/2\" el_class=\"service-img\" offset=\"vc_hidden-xs\"][vc_single_image image=\"50940\" img_size=\"full\" style=\"vc_box_rounded\"][\/vc_column_inner][vc_column_inner width=\"1\/2\" offset=\"vc_hidden-xs\"][vc_column_text css=\".vc_custom_1686743783084{margin-bottom: 32px !important;}\" el_class=\"home-service-text\"]\r\n<p class=\"subline\">Service<\/p>\r\n\r\n<h2>Logistik Expert<\/h2>\r\nMit dem Abhol- und Lieferservice der esz AG sind Ihre empfindlichen Pr\u00fcfmittel immer in sicheren H\u00e4nden. W\u00e4hlen Sie zwischen einer individuellen Abholung und Zustellung oder unserem w\u00f6chentlichen Lieferservice mit festen Touren.[\/vc_column_text]<a href=\"https:\/\/www.esz-ag.de\/service\/abhol-und-lieferservice\/\" title=\"Abhol- &amp; Lieferservice\" class=\"btn btn-solid btn-sm circle btn-bordered border-thin btn-icon-left service-block-btn ld_button_69f507273d95e vc_custom_1698355039742\">\n\t<span>\n\t\t\n\t\t\t\t\t<span class=\"btn-txt\">Mehr erfahren<\/span>\n\t\t\t\n\t<span class=\"btn-icon\"><i class=\"fas fa-shipping-fast\"><\/i><\/span>\t\t\t<\/span>\n<\/a>\n[\/vc_column_inner][\/vc_row_inner][\/vc_column][\/vc_row][\/vc_column_text][\/vc_column][\/vc_row]<\/p>\n<\/div>","protected":false},"excerpt":{"rendered":"<p>[vc_row bg_position=&#8221;right center&#8221; css=&#8221;.vc_custom_1693929312459{margin-bottom: 128px !important;background-position: center !important;background-repeat: no-repeat !important;background-size: contain !important;}&#8221; el_class=&#8221;hero-section-subpage&#8221; responsive_css=&#8221;margin_top_medium:64px&#8221;][vc_column width=&#8221;1\/2&#8243;][vc_column_text&#8230;<\/p>\n","protected":false},"author":1,"featured_media":0,"parent":54124,"menu_order":3,"comment_status":"closed","ping_status":"closed","template":"","meta":{"_acf_changed":false,"inline_featured_image":false,"footnotes":""},"class_list":["post-54199","page","type-page","status-publish","hentry"],"acf":[],"_links":{"self":[{"href":"https:\/\/www.esz-ag.de\/en\/wp-json\/wp\/v2\/pages\/54199","targetHints":{"allow":["GET"]}}],"collection":[{"href":"https:\/\/www.esz-ag.de\/en\/wp-json\/wp\/v2\/pages"}],"about":[{"href":"https:\/\/www.esz-ag.de\/en\/wp-json\/wp\/v2\/types\/page"}],"author":[{"embeddable":true,"href":"https:\/\/www.esz-ag.de\/en\/wp-json\/wp\/v2\/users\/1"}],"replies":[{"embeddable":true,"href":"https:\/\/www.esz-ag.de\/en\/wp-json\/wp\/v2\/comments?post=54199"}],"version-history":[{"count":13,"href":"https:\/\/www.esz-ag.de\/en\/wp-json\/wp\/v2\/pages\/54199\/revisions"}],"predecessor-version":[{"id":56791,"href":"https:\/\/www.esz-ag.de\/en\/wp-json\/wp\/v2\/pages\/54199\/revisions\/56791"}],"up":[{"embeddable":true,"href":"https:\/\/www.esz-ag.de\/en\/wp-json\/wp\/v2\/pages\/54124"}],"wp:attachment":[{"href":"https:\/\/www.esz-ag.de\/en\/wp-json\/wp\/v2\/media?parent=54199"}],"curies":[{"name":"wp","href":"https:\/\/api.w.org\/{rel}","templated":true}]}}