{"id":54185,"date":"2023-07-14T10:08:47","date_gmt":"2023-07-14T08:08:47","guid":{"rendered":"https:\/\/esz.dyncom.de\/impressum\/"},"modified":"2026-02-04T15:53:08","modified_gmt":"2026-02-04T14:53:08","slug":"impressum","status":"publish","type":"page","link":"https:\/\/www.esz-ag.de\/en\/impressum\/","title":{"rendered":"Impressum"},"content":{"rendered":"<div class=\"wpb-content-wrapper\"><p>[vc_row bg_position=&#8221;right center&#8221; css=&#8221;.vc_custom_1699879341356{margin-bottom: 120px !important;background-position: center !important;background-repeat: no-repeat !important;background-size: contain !important;}&#8221; el_class=&#8221;hero-section-subpage&#8221; responsive_css=&#8221;margin_top_medium:32px&#8221;][vc_column width=&#8221;1\/2&#8243;][vc_column_text css=&#8221;.vc_custom_1699879454707{margin-bottom: 24px !important;}&#8221;][\/vc_column_text][vc_column_text css=&#8221;.vc_custom_1689322051899{margin-bottom: 24px !important;}&#8221;]<\/p>\n<h1 id=\"dkd-labor-und-dakks-kalibrierung\">Impressum<\/h1>\n<p>[\/vc_column_text][vc_column_text]esz AG calibration &amp; metrology<br \/>\nMax-Planck-Stra\u00dfe 16<br \/>\n82223 Eichenau<\/p>\n<p>Telefon: +49-8141-88887-0<br \/>\nE-Mail: info(@)esz-ag.de<\/p>\n<p>Allgemeine Gesch\u00e4ftsbedingungen: <a href=\"https:\/\/www.esz-ag.de\/wp-content\/uploads\/AGB-2025-DE-EN-1.pdf\" target=\"_blank\" rel=\"noopener\">Dokument<\/a><\/p>\n<table class=\"table-no-border\">\n<tbody>\n<tr>\n<td>Aufsichtsratsvorsitzender:<\/td>\n<td>Dipl.-Ing. Siegfried Fleischmann<\/td>\n<\/tr>\n<tr>\n<td>Vorstand:<\/td>\n<td>Dipl.-Kfm. Oliver T. Fleischmann<br \/>\nDipl.-Ing. Univ. Philip M. Fleischmann<\/td>\n<\/tr>\n<\/tbody>\n<\/table>\n<p>Registergericht: Amtsgericht M\u00fcnchen<br \/>\nRegisternummer: HRB 179122<\/p>\n<p>Umsatzsteuer-Identifikationsnummer gem\u00e4\u00df \u00a7 27 a Umsatzsteuergesetz:<br \/>\nDE 128223184<\/p>\n<p>D-U-N-S\u00ae Nummer: 324 42 3771<\/p>\n<p>Inhaltlich Verantwortlicher gem\u00e4\u00df \u00a7 55 Abs. 2 RStV:<br \/>\nDipl.-Ing. Univ. Philip M. Fleischmann (Anschrift wie oben)[\/vc_column_text][\/vc_column][vc_column width=&#8221;1\/2&#8243;][vc_column_text css=&#8221;.vc_custom_1702459167748{margin-bottom: 48px !important;}&#8221; el_class=&#8221;hero-img&#8221;]<img loading=\"lazy\" decoding=\"async\" class=\"alignleft wp-image-1544 size-full\" src=\"https:\/\/www.esz-ag.de\/wp-content\/uploads\/yellow_header_kalibrierscheine_2.png\" alt=\"Impressum\" width=\"1074\" height=\"320\" title=\"\">[\/vc_column_text][\/vc_column][\/vc_row][vc_row css=&#8221;.vc_custom_1666911392809{margin-bottom: 32px !important;}&#8221;][vc_column offset=&#8221;vc_col-md-offset-2 vc_col-md-8&#8243;][vc_column_text css=&#8221;.vc_custom_1699879519266{margin-bottom: 32px !important;}&#8221;]<\/p>\n<h2>Haftungsausschluss<\/h2>\n<p>[\/vc_column_text][vc_column_text]<\/p>\n<h3><span style=\"font-size: 16px;\">Haftung f\u00fcr Inhalte<\/span><\/h3>\n<p>Die Inhalte unserer Seiten wurden mit gr\u00f6\u00dfter Sorgfalt erstellt. F\u00fcr die Richtigkeit, Vollst\u00e4ndigkeit und Aktualit\u00e4t der Inhalte k\u00f6nnen wir jedoch keine Gew\u00e4hr \u00fcbernehmen. Als Diensteanbieter sind wir gem\u00e4\u00df \u00a7 7 Abs.1 TMG f\u00fcr eigene Inhalte auf diesen Seiten nach den allgemeinen Gesetzen verantwortlich. Nach \u00a7\u00a7 8 bis 10 TMG sind wir als Diensteanbieter jedoch nicht verpflichtet, \u00fcbermittelte oder gespeicherte fremde Informationen zu \u00fcberwachen oder nach Umst\u00e4nden zu forschen, die auf eine rechtswidrige T\u00e4tigkeit hinweisen. Verpflichtungen zur Entfernung oder Sperrung der Nutzung von Informationen nach den allgemeinen Gesetzen bleiben hiervon unber\u00fchrt. Eine diesbez\u00fcgliche Haftung ist jedoch erst ab dem Zeitpunkt der Kenntnis einer konkreten Rechtsverletzung m\u00f6glich. Bei Bekanntwerden von entsprechenden Rechtsverletzungen werden wir diese Inhalte umgehend entfernen.<\/p>\n<h3><span style=\"font-size: 16px;\">Haftung f\u00fcr Links<\/span><\/h3>\n<p>Unser Angebot enth\u00e4lt Links zu externen Webseiten Dritter, auf deren Inhalte wir keinen Einfluss haben. Deshalb k\u00f6nnen wir f\u00fcr diese fremden Inhalte auch keine Gew\u00e4hr \u00fcbernehmen. F\u00fcr die Inhalte der verlinkten Seiten ist stets der jeweilige Anbieter oder Betreiber der Seiten verantwortlich. Die verlinkten Seiten wurden zum Zeitpunkt der Verlinkung auf m\u00f6gliche Rechtsverst\u00f6\u00dfe \u00fcberpr\u00fcft. Rechtswidrige Inhalte waren zum Zeitpunkt der Verlinkung nicht erkennbar. Eine permanente inhaltliche Kontrolle der verlinkten Seiten ist jedoch ohne konkrete Anhaltspunkte einer Rechtsverletzung nicht zumutbar. Bei Bekanntwerden von Rechtsverletzungen werden wir derartige Links umgehend entfernen.<\/p>\n<h3><span style=\"font-size: 16px;\">Urheberrecht<\/span><\/h3>\n<p>Die durch die Seitenbetreiber erstellten Inhalte und Werke auf diesen Seiten unterliegen dem deutschen Urheberrecht. Die Vervielf\u00e4ltigung, Bearbeitung, Verbreitung und jede Art der Verwertung au\u00dferhalb der Grenzen des Urheberrechtes bed\u00fcrfen der schriftlichen Zustimmung des jeweiligen Autors bzw. Erstellers. Downloads und Kopien dieser Seite sind nur f\u00fcr den privaten, nicht kommerziellen Gebrauch gestattet. Soweit die Inhalte auf dieser Seite nicht vom Betreiber erstellt wurden, werden die Urheberrechte Dritter beachtet. Insbesondere werden Inhalte Dritter als solche gekennzeichnet. Sollten Sie trotzdem auf eine Urheberrechtsverletzung aufmerksam werden, bitten wir um einen entsprechenden Hinweis. Bei Bekanntwerden von Rechtsverletzungen werden wir derartige Inhalte umgehend entfernen.<\/p>\n<h3 id=\"datenschutz\"><span style=\"font-size: 16px;\">Datenschutz<\/span><\/h3>\n<p>Wir weisen darauf hin, dass die Daten\u00fcbertragung im Internet (z.B. bei der Kommunikation per E-Mail) Sicherheitsl\u00fccken aufweisen kann. Ein l\u00fcckenloser Schutz der Daten vor dem Zugriff durch Dritte ist nicht m\u00f6glich.<\/p>\n<p>Der Nutzung von im Rahmen der Impressumspflicht ver\u00f6ffentlichten Kontaktdaten durch Dritte zur \u00dcbersendung von nicht ausdr\u00fccklich angeforderter Werbung und Informationsmaterialien wird hiermit ausdr\u00fccklich widersprochen. Die Betreiber der Seiten behalten sich ausdr\u00fccklich rechtliche Schritte im Falle der unverlangten Zusendung von Werbeinformationen, etwa durch Spam-Mails, vor.<\/p>\n<p>Unsere Datenschutzerkl\u00e4rung finden Sie <a href=\"https:\/\/www.esz-ag.de\/en\/privacy-policy\/\">hier<\/a>.[\/vc_column_text][vc_column_text css=&#8221;.vc_custom_1762328934181{margin-top: 50px !important;}&#8221;]<\/p>\n<h3><span style=\"font-size: 16px;\">Beschwerdemanagement<\/span><\/h3>\n<p>Bei Beschwerden oder Einspr\u00fcchen wenden Sie sich bitte an <a href=\"mailto:beschwerdemanagement@esz-ag.de\">beschwerdemanagement@esz-ag.de<\/a>. Ihre Beschwerden oder Einspr\u00fcche werden gem\u00e4\u00df den Anforderungen der ISO 17025\/ISO 17043 behandelt.[\/vc_column_text][vc_column_text css=&#8221;.vc_custom_1770216585215{margin-top: 50px !important;margin-bottom: 25px !important;}&#8221;]<\/p>\n<h3><span style=\"font-size: 16px;\">Beauftragter f\u00fcr Medizinproduktesicherheit (MPS)<\/span><\/h3>\n<p>Bei Fragen rund um den Betrieb und die Sicherheit von Medizinprodukten (z. B. AED) wenden Sie sich bitte an: <a class=\"decorated-link cursor-pointer\" href=\"mailto:beauftragermps@esz-ag.de\" rel=\"noopener\" data-start=\"2632\" data-end=\"2656\">beauftragermps@esz-ag.de<\/a>.[\/vc_column_text][\/vc_column][\/vc_row][vc_row css=&#8221;.vc_custom_1666911392809{margin-bottom: 32px !important;}&#8221;][vc_column offset=&#8221;vc_col-md-offset-2 vc_col-md-8&#8243;][vc_column_text css=&#8221;.vc_custom_1770216671589{margin-bottom: 32px !important;}&#8221;]<\/p>\n<h2>Hinweise zu Identit\u00e4tsbetrug, SPAM- und Phishing E-Mails<\/h2>\n<p>[\/vc_column_text][vc_column_text]Von Identit\u00e4tsbetrug spricht man, wenn sich ein Betr\u00fcger als eine vertrauensw\u00fcrdige Organisation oder Person ausgibt, um auf diesem Weg Geld oder pers\u00f6nliche Informationen zu erlangen. Solche Betrugsversuche erfolgen \u00fcber unterschiedliche Kan\u00e4le, etwa per Telefon, E-Mail, SMS oder auch \u00fcber Nachrichten in sozialen Medien. Ziel der Betr\u00fcger ist es h\u00e4ufig, das Opfer zu einer Zahlung zu bewegen, zur Herausgabe pers\u00f6nlicher Daten zu verleiten oder Zugriff auf den Computer zu erhalten. Dabei geben sie sich als bekannte Organisation aus, mit der das Opfer vermutlich bereits Kontakt hatte.<\/p>\n<h3><span style=\"font-size: 16px;\">Identit\u00e4tsbetrug und Phishing-E-Mails<\/span><\/h3>\n<p>Phishing-E-Mails und Spam-Nachrichten sind eine h\u00e4ufige Form des Identit\u00e4tsbetrugs. Dabei geben sich Betr\u00fcger als seri\u00f6se Unternehmen oder bekannte Absender aus, um Empf\u00e4nger zur Preisgabe vertraulicher Informationen zu verleiten. Typische Inhalte solcher E-Mails sind angebliche Sicherheitswarnungen, Zahlungsaufforderungen oder Hinweise auf ungew\u00f6hnliche Aktivit\u00e4ten.<\/p>\n<p>Die esz AG fordert ihre Kunden und Gesch\u00e4ftspartner <strong>niemals<\/strong> per E-Mail dazu auf, Passw\u00f6rter, Zahlungsdaten oder andere sensible Informationen zu \u00fcbermitteln oder \u00fcber Links in E-Mails zu best\u00e4tigen. Verd\u00e4chtige Nachrichten enthalten oft eine hohe Dringlichkeit, unklare Absenderadressen, Rechtschreibfehler oder Links, die nicht auf die offizielle Website f\u00fchren.<\/p>\n<p>Spam- oder Phishing-E-Mails sollten nicht beantwortet, keine Anh\u00e4nge ge\u00f6ffnet und keine enthaltenen Links angeklickt werden. Solche Nachrichten sind umgehend zu l\u00f6schen oder gem\u00e4\u00df den internen Sicherheitsrichtlinien zu melden.<\/p>\n<h3><span style=\"font-size: 16px;\">Wie l\u00e4sst sich Identit\u00e4tsbetrug erkennen?<\/span><\/h3>\n<p>Versuchter Identit\u00e4tsbetrug ist oft schwer zu durchschauen. Es gibt jedoch einige Hinweise, die auf einen Betrugsversuch hindeuten k\u00f6nnen:<\/p>\n<ul>\n<li><strong>Erzeugung falscher Dringlichkeit:<\/strong> Betr\u00fcger setzen h\u00e4ufig auf Zeitdruck, um das Opfer zu un\u00fcberlegten Handlungen zu bewegen.<\/li>\n<li><strong>Abfrage pers\u00f6nlicher Daten:<\/strong> Es kann versucht werden, sensible Informationen wie Adressen, Zahlungsdaten, Zugangsdaten oder andere Finanzinformationen telefonisch zu erlangen.<\/li>\n<li><strong>K\u00e4ufe au\u00dferhalb der esz AG:<\/strong> In manchen F\u00e4llen wird dazu aufgefordert, Geld \u00fcber Drittanbieter-Websites oder per Bank\u00fcberweisung au\u00dferhalb der offiziellen Website oder App der esz AG zu senden.<\/li>\n<li><strong>Zahlung mit Gutscheinen:<\/strong> Betr\u00fcger verlangen m\u00f6glicherweise den Kauf von Gutscheinen und deren Nutzung als alleiniges Zahlungsmittel. Dabei fragen sie nach Gutscheinnummern, Einl\u00f6sungscodes oder PINs.<\/li>\n<li><strong>Unerwartete Bestellungen:<\/strong> Es kann vorkommen, dass Benachrichtigungen \u00fcber Bestellungen oder Lieferungen eingehen, die nicht selbst veranlasst wurden.<\/li>\n<\/ul>\n<p>Erh\u00e4lt eine Person eine Nachricht zu einer Bestellung, die sie nicht aufgegeben hat, stammt diese mit hoher Wahrscheinlichkeit nicht von der esz AG. Zur \u00dcberpr\u00fcfung kann der Bestellverlauf eingesehen oder eine verd\u00e4chtige Nachricht gemeldet werden.<\/p>\n<h3><span style=\"font-size: 16px;\">Einen Betrug melden<\/span><\/h3>\n<p>Wer verd\u00e4chtige Mitteilungen erh\u00e4lt, die angeblich von der esz AG stammen, obwohl kein Kundenkonto besteht, sollte diese bitte an <a href=\"mailto:vertrieb@esz-ag.de\">vertrieb@esz-ag.de<\/a> melden.[\/vc_column_text][\/vc_column][\/vc_row]<\/p>\n<\/div>","protected":false},"excerpt":{"rendered":"<p>[vc_row bg_position=&#8221;right center&#8221; css=&#8221;.vc_custom_1699879341356{margin-bottom: 120px !important;background-position: center !important;background-repeat: no-repeat !important;background-size: contain !important;}&#8221; el_class=&#8221;hero-section-subpage&#8221; responsive_css=&#8221;margin_top_medium:32px&#8221;][vc_column width=&#8221;1\/2&#8243;][vc_column_text&#8230;<\/p>\n","protected":false},"author":22,"featured_media":0,"parent":0,"menu_order":53,"comment_status":"closed","ping_status":"closed","template":"","meta":{"_acf_changed":false,"inline_featured_image":false,"footnotes":""},"class_list":["post-54185","page","type-page","status-publish","hentry"],"acf":[],"_links":{"self":[{"href":"https:\/\/www.esz-ag.de\/en\/wp-json\/wp\/v2\/pages\/54185","targetHints":{"allow":["GET"]}}],"collection":[{"href":"https:\/\/www.esz-ag.de\/en\/wp-json\/wp\/v2\/pages"}],"about":[{"href":"https:\/\/www.esz-ag.de\/en\/wp-json\/wp\/v2\/types\/page"}],"author":[{"embeddable":true,"href":"https:\/\/www.esz-ag.de\/en\/wp-json\/wp\/v2\/users\/22"}],"replies":[{"embeddable":true,"href":"https:\/\/www.esz-ag.de\/en\/wp-json\/wp\/v2\/comments?post=54185"}],"version-history":[{"count":19,"href":"https:\/\/www.esz-ag.de\/en\/wp-json\/wp\/v2\/pages\/54185\/revisions"}],"predecessor-version":[{"id":59475,"href":"https:\/\/www.esz-ag.de\/en\/wp-json\/wp\/v2\/pages\/54185\/revisions\/59475"}],"wp:attachment":[{"href":"https:\/\/www.esz-ag.de\/en\/wp-json\/wp\/v2\/media?parent=54185"}],"curies":[{"name":"wp","href":"https:\/\/api.w.org\/{rel}","templated":true}]}}