{"id":54182,"date":"2023-09-07T09:19:45","date_gmt":"2023-09-07T07:19:45","guid":{"rendered":"https:\/\/esz.dyncom.de\/software-beratung\/schulungen\/kompetenzschulung-zur-kalibrierung-von-druckmessgeraeten\/"},"modified":"2024-08-29T15:00:24","modified_gmt":"2024-08-29T13:00:24","slug":"kompetenzschulung-zur-kalibrierung-von-druckmessgeraeten","status":"publish","type":"page","link":"https:\/\/www.esz-ag.de\/en\/software-beratung\/training-courses\/kompetenzschulung-zur-kalibrierung-von-druckmessgeraeten\/","title":{"rendered":"Kompetenzschulung Druckmessger\u00e4te"},"content":{"rendered":"<div class=\"wpb-content-wrapper\"><p>[vc_row bg_position=&#8221;right center&#8221; css=&#8221;.vc_custom_1666953873308{margin-bottom: 120px !important;background-position: center !important;background-repeat: no-repeat !important;background-size: contain !important;}&#8221; el_class=&#8221;hero-section-subpage&#8221; responsive_css=&#8221;margin_top_medium:32px&#8221;][vc_column width=&#8221;1\/2&#8243;][vc_column_text css=&#8221;.vc_custom_1668154550033{margin-bottom: 24px !important;}&#8221;]<\/p>\n<h1 id=\"kompetenzschulung-zur-kalibrierung-von-druckmessgeraten\">Kompetenzschulung zur Kalibrierung von Druckmessger\u00e4ten<\/h1>\n<p>[\/vc_column_text][vc_column_text css=&#8221;.vc_custom_1668068536856{margin-bottom: 32px !important;}&#8221; el_class=&#8221;hero-section-text&#8221;]<\/p>\n<div class=\"highlight\"><\/div>\n<p>[\/vc_column_text][\/vc_column][vc_column width=&#8221;1\/2&#8243;][vc_column_text css=&#8221;.vc_custom_1702460379966{margin-bottom: 48px !important;}&#8221; el_class=&#8221;hero-img&#8221;]<\/p>\n<h2><img loading=\"lazy\" decoding=\"async\" class=\"alignleft wp-image-1544 size-full\" src=\"https:\/\/www.esz-ag.de\/wp-content\/uploads\/yellow_header_kalibrierscheine_2.png\" alt=\"Kompetenzschulung zur Kalibrierung von Druckmessger\u00e4ten\" width=\"1074\" height=\"320\" title=\"\"><\/h2>\n<p>[\/vc_column_text][\/vc_column][\/vc_row][vc_row css=&#8221;.vc_custom_1666954075949{margin-bottom: 64px !important;}&#8221;][vc_column offset=&#8221;vc_col-md-offset-2 vc_col-md-8&#8243;][vc_column_text]<\/p>\n<h2 id=\"voraussetzungen\">Zielgruppe<\/h2>\n<p>Technikerinnen und Techniker von Herstellern, H\u00e4ndlern, Servicebetrieben und Pr\u00fcforganisationen, die Messger\u00e4te (Federmanometer oder elektrische Druckmessger\u00e4te) in KFZ-Werkst\u00e4tten kalibrieren m\u00f6chten, welche f\u00fcr die Funktionspr\u00fcfung von Druckluftbremsanlagen eingesetzt werden.[\/vc_column_text][\/vc_column][\/vc_row][vc_row css=&#8221;.vc_custom_1666954075949{margin-bottom: 64px !important;}&#8221;][vc_column offset=&#8221;vc_col-md-offset-2 vc_col-md-8&#8243;][vc_column_text]<\/p>\n<h2 id=\"voraussetzungen\">Voraussetzungen<\/h2>\n<ul>\n<li>F\u00fcr die Kalibrierung notwendige, r\u00fcckgef\u00fchrt kalibrierte Messmittel (z.B. Referenzdruckmessger\u00e4t und Handpumpe zur Druckerzeugung). Diese sind zur Schulung mitbringen.<\/li>\n<li>Laptop mit Windows 10 und Zugriff auf das Internet und E-Mails (kein Tablet)<\/li>\n<li>Beschriftungsger\u00e4t (bitte zur Schulung mitbringen) mit Schriftbandkassette<\/li>\n<li><a href=\"https:\/\/www.esz-ag.de\/wp-content\/uploads\/Rahmenvertrag-Blanko.pdf\">Rahmenvertrag (Partnervertrag)<\/a><\/li>\n<li><a href=\"https:\/\/www.esz-ag.de\/wp-content\/uploads\/Unterschriftenerfassung-2.pdf\" target=\"_blank\" rel=\"noopener\">Digitalisierte Unterschrift<\/a><\/li>\n<\/ul>\n<p>[\/vc_column_text][\/vc_column][\/vc_row][vc_row css=&#8221;.vc_custom_1714645771505{margin-bottom: 120px !important;}&#8221;][vc_column offset=&#8221;vc_col-md-offset-2 vc_col-md-8&#8243;][vc_column_text]<\/p>\n<h2 id=\"schulungszertifikat\">Schulungszertifikat<\/h2>\n<p>Am Ende der Schulung findet eine schriftliche Pr\u00fcfung statt. Nach erfolgreichem Bestehen der Schulung erhalten die Teilnehmer ein entsprechendes Schulungszertifikat.[\/vc_column_text][\/vc_column][\/vc_row][vc_row css=&#8221;.vc_custom_1714645759706{margin-bottom: 120px !important;}&#8221;][vc_column offset=&#8221;vc_col-md-offset-2 vc_col-md-8&#8243;][vc_column_text]<\/p>\n<h2 id=\"schulungsdauer\">Schulungsdauer*<\/h2>\n<p>2 Arbeitstage[\/vc_column_text][\/vc_column][\/vc_row][vc_row gap=&#8221;5&#8243; css=&#8221;.vc_custom_1668085023751{margin-bottom: 120px !important;}&#8221;][vc_column offset=&#8221;vc_col-md-offset-2 vc_col-md-8&#8243;][vc_column_text]<\/p>\n<h2>Schulungsorte und Termine*<\/h2>\n<table class=\"table\">\n<thead>\n<tr>\n<th>Stadt<\/th>\n<th>Ort<\/th>\n<th>Termin<\/th>\n<th>Verf\u00fcgbare Pl\u00e4tze**<\/th>\n<\/tr>\n<tr>\n<td>&#8211;<\/td>\n<td>&#8211;<\/td>\n<td>&#8211;<\/td>\n<td>&#8211;<\/td>\n<\/tr>\n<\/thead>\n<\/table>\n<p>&nbsp;[\/vc_column_text][\/vc_column][\/vc_row][vc_row css=&#8221;.vc_custom_1714645785312{margin-bottom: 120px !important;}&#8221;][vc_column offset=&#8221;vc_col-md-offset-2 vc_col-md-8&#8243;][vc_column_text]<\/p>\n<h2 id=\"anmeldeschluss\">Anmeldeschluss<\/h2>\n<p>14 Tage vor Schulungstermin<\/p>\n<h2><\/h2>\n<p>[\/vc_column_text][\/vc_column][\/vc_row][vc_row css=&#8221;.vc_custom_1714645791816{margin-bottom: 120px !important;}&#8221;][vc_column offset=&#8221;vc_col-md-offset-2 vc_col-md-8&#8243;][vc_column_text]<\/p>\n<h2 id=\"leistungen-und-teilnahmegebuhr\">Leistungen und Teilnahmegeb\u00fchr<\/h2>\n<p>Inklusive: Tagungsgetr\u00e4nke, Mittagessen, Abschlusstest, Teilnahmezertifikat, Teilnehmerunterlagen.<br \/>\nDie Teilnahmegeb\u00fchr betr\u00e4gt \u20ac 930 zzgl. MwSt pro Person.<\/p>\n<p>Gerne f\u00fchren wir auch ab 4 Teilnehmern Schulungen bei Ihnen im Unternehmen durch. F\u00fcr ein Angebot kontaktieren Sie bitte:\u00a0<a href=\"mailto:schulung@esz-ag.de\">schulung@esz-ag.de<\/a>[\/vc_column_text][\/vc_column][\/vc_row][vc_row css=&#8221;.vc_custom_1714645806114{margin-bottom: 120px !important;}&#8221;][vc_column offset=&#8221;vc_col-md-offset-2 vc_col-md-8&#8243;][vc_column_text]<\/p>\n<h2 id=\"stornobedingungen\">Stornobedingungen<\/h2>\n<ul>\n<li>Bei einer Absage \/ Stornierung der Teilnahme bis 7 Tage vor dem Schulungstermin werden keine Stornogeb\u00fchren erhoben.<\/li>\n<li>Bei einer Absage \/ Stornierung der Teilnahme zwischen 7 und 2 Tagen vor dem Schulungstermin werden Stornogeb\u00fchren in H\u00f6he von 50 % der Teilnahmegeb\u00fchr erhoben.<\/li>\n<li>Bei einer kurzfristigen Absage \/ Stornierung von weniger als 2 Tagen vor dem Schulungsbeginn bzw. bei Nichterscheinen werden Stornogeb\u00fchren in H\u00f6he von 100 % der Teilnahmegeb\u00fchr erhoben.<\/li>\n<\/ul>\n<p>[\/vc_column_text][\/vc_column][\/vc_row][vc_row css=&#8221;.vc_custom_1714645813744{margin-bottom: 120px !important;}&#8221;][vc_column offset=&#8221;vc_col-md-offset-2 vc_col-md-8&#8243;][vc_column_text]<\/p>\n<h2>Kontakt<\/h2>\n<p id=\"stornobedingungen\">Bei Fragen zur Veranstaltung wenden Sie sich bitte an unser Schulungs-Team,<br \/>\nTel. 08141-88887-245<br \/>\nE-Mail:\u00a0<a href=\"mailto:schulung@esz-ag.de\">schulung@esz-ag.de<\/a>[\/vc_column_text][\/vc_column][\/vc_row][vc_row css=&#8221;.vc_custom_1714645819690{margin-bottom: 120px !important;}&#8221;][vc_column offset=&#8221;vc_col-md-offset-2 vc_col-md-8&#8243;][vc_column_text]<sub>*\u00c4nderungen vorbehalten<\/sub><br \/>\n<sub>**Verf\u00fcgbarkeit wird werktags um 12h aktualisiert.<\/sub>[\/vc_column_text][\/vc_column][\/vc_row][vc_row][vc_column align=&#8221;text-center&#8221;]<a href=\"https:\/\/www.esz-ag.de\/software-beratung\/schulungen\/teilnehmerinformation-kompetenzschulung-zur-kalibrierung-von-druckmessgeraeten\/\" class=\"btn btn-solid btn-sm circle btn-bordered border-thin ld_button_69fca3192e808\">\n\t<span>\n\t\t\n\t\t\t\t\t<span class=\"btn-txt\">Zum Anmelden hier klicken<\/span>\n\t\t\t\n\t<span class=\"btn-icon\"><i class=\"far fa-arrow-alt-circle-right\"><\/i><\/span>\t\t\t<\/span>\n<\/a>\n[\/vc_column][\/vc_row]<\/p>\n<\/div>","protected":false},"excerpt":{"rendered":"<p>[vc_row bg_position=&#8221;right center&#8221; css=&#8221;.vc_custom_1666953873308{margin-bottom: 120px !important;background-position: center !important;background-repeat: no-repeat !important;background-size: contain !important;}&#8221; el_class=&#8221;hero-section-subpage&#8221; responsive_css=&#8221;margin_top_medium:32px&#8221;][vc_column width=&#8221;1\/2&#8243;][vc_column_text&#8230;<\/p>\n","protected":false},"author":22,"featured_media":0,"parent":54128,"menu_order":8,"comment_status":"closed","ping_status":"closed","template":"","meta":{"_acf_changed":false,"inline_featured_image":false,"footnotes":""},"class_list":["post-54182","page","type-page","status-publish","hentry"],"acf":[],"_links":{"self":[{"href":"https:\/\/www.esz-ag.de\/en\/wp-json\/wp\/v2\/pages\/54182","targetHints":{"allow":["GET"]}}],"collection":[{"href":"https:\/\/www.esz-ag.de\/en\/wp-json\/wp\/v2\/pages"}],"about":[{"href":"https:\/\/www.esz-ag.de\/en\/wp-json\/wp\/v2\/types\/page"}],"author":[{"embeddable":true,"href":"https:\/\/www.esz-ag.de\/en\/wp-json\/wp\/v2\/users\/22"}],"replies":[{"embeddable":true,"href":"https:\/\/www.esz-ag.de\/en\/wp-json\/wp\/v2\/comments?post=54182"}],"version-history":[{"count":4,"href":"https:\/\/www.esz-ag.de\/en\/wp-json\/wp\/v2\/pages\/54182\/revisions"}],"predecessor-version":[{"id":55715,"href":"https:\/\/www.esz-ag.de\/en\/wp-json\/wp\/v2\/pages\/54182\/revisions\/55715"}],"up":[{"embeddable":true,"href":"https:\/\/www.esz-ag.de\/en\/wp-json\/wp\/v2\/pages\/54128"}],"wp:attachment":[{"href":"https:\/\/www.esz-ag.de\/en\/wp-json\/wp\/v2\/media?parent=54182"}],"curies":[{"name":"wp","href":"https:\/\/api.w.org\/{rel}","templated":true}]}}