{"id":54179,"date":"2023-09-07T14:12:09","date_gmt":"2023-09-07T12:12:09","guid":{"rendered":"https:\/\/esz.dyncom.de\/software-beratung\/schulungen\/teilnehmerinformation-kompetenzschulung-zur-kalibrierung-von-sep\/"},"modified":"2024-08-08T15:02:02","modified_gmt":"2024-08-08T13:02:02","slug":"teilnehmerinformation-kompetenzschulung-zur-kalibrierung-von-sep","status":"publish","type":"page","link":"https:\/\/www.esz-ag.de\/en\/software-beratung\/training-courses\/teilnehmerinformation-kompetenzschulung-zur-kalibrierung-von-sep\/","title":{"rendered":"Teilnehmerinformation Kompetenzschulung zur Kalibrierung von SEP"},"content":{"rendered":"<div class=\"wpb-content-wrapper\"><p>[vc_row bg_position=&#8221;right center&#8221; css=&#8221;.vc_custom_1666953873308{margin-bottom: 120px !important;background-position: center !important;background-repeat: no-repeat !important;background-size: contain !important;}&#8221; el_class=&#8221;hero-section-subpage&#8221; responsive_css=&#8221;margin_top_medium:32px&#8221;][vc_column width=&#8221;1\/2&#8243;][vc_column_text css=&#8221;.vc_custom_1668070125698{margin-bottom: 24px !important;}&#8221;]<\/p>\n<h1 class=\"text-center\">Wichtige Teilnahmeinformationen<\/h1>\n<p>[\/vc_column_text][vc_column_text css=&#8221;.vc_custom_1668068536856{margin-bottom: 32px !important;}&#8221; el_class=&#8221;hero-section-text&#8221;]<\/p>\n<div class=\"highlight\"><\/div>\n<p>[\/vc_column_text][vc_text_separator title=&#8221;Bitte sorgf\u00e4ltig lesen und beachten&#8221;][\/vc_column][vc_column width=&#8221;1\/2&#8243;][vc_column_text css=&#8221;.vc_custom_1702481373100{margin-bottom: 48px !important;}&#8221; el_class=&#8221;hero-img&#8221;]<\/p>\n<h2><img loading=\"lazy\" decoding=\"async\" class=\"alignleft wp-image-1544 size-full\" src=\"https:\/\/www.esz-ag.de\/wp-content\/uploads\/yellow_header_kalibrierscheine_2.png\" alt=\"Kompetenzschulung zur Kalibrierung von SEP\" width=\"1074\" height=\"320\" title=\"\"><\/h2>\n<p>[\/vc_column_text][\/vc_column][\/vc_row][vc_row css=&#8221;.vc_custom_1666954075949{margin-bottom: 64px !important;}&#8221;][vc_column offset=&#8221;vc_col-md-offset-2 vc_col-md-8&#8243;][vc_column_text]Sehr geehrte Damen und Herren,<\/p>\n<p>schon bald qualifizieren Sie bzw. Ihre Mitarbeiter sich im Rahmen einer esz-Kompetenzschulung zur Kalibrierung von Pr\u00fcfmitteln in Kfz-Inspektionsstellen gem\u00e4\u00df Verkehrsblatt 14\/2016 Nr. 115. Um an der Schulung teilzunehmen, beachten Sie bitte folgende Rahmenbedingungen und Fristen.[\/vc_column_text][\/vc_column][\/vc_row][vc_row css=&#8221;.vc_custom_1666954075949{margin-bottom: 64px !important;}&#8221;][vc_column offset=&#8221;vc_col-md-offset-2 vc_col-md-8&#8243;][vc_column_text]<\/p>\n<h2>Messmittel<\/h2>\n<ul>\n<li>Im Rahmen der Messunsicherheitsbestimmung und R\u00fcckf\u00fchrung der Messergebnisse sind speziell definierte Messmittel und die Einhaltung von Pr\u00fcfmittelanforderungen f\u00fcr Scheinwerfereinstellpr\u00fcfsysteme erforderlich.<br \/>\nBitte lesen Sie sich unbedingt die detaillierten Informationen zu den Messmitteln unter folgendem Link durch:\u00a0<a href=\"https:\/\/www.esz-ag.de\/en\/list-of-calibratable-seps\/\" target=\"_blank\" rel=\"noopener\" download=\"\">SEPS-Pr\u00fcfmittelanforderungen<\/a>.<\/li>\n<\/ul>\n<ul>\n<li>Die zur Pr\u00fcfung notwendigen Messmittel m\u00fcssen in jedem Fall durch die esz AG r\u00fcckgef\u00fchrt kalibriert und f\u00fcr die Freigabe zum Einsatz \u00fcberpr\u00fcft sein.<br \/>\nAngebote hierzu erhalten Sie auf Wunsch durch unseren\u00a0<a href=\"mailto:vertrieb@esz-ag.de\">Vertrieb<\/a>.<br \/>\nDAkkS-akkreditierte Kalibrierzertifikate externer Labore k\u00f6nnen wir leider nicht akzeptieren.<\/li>\n<\/ul>\n<p>[\/vc_column_text][\/vc_column][\/vc_row][vc_row css=&#8221;.vc_custom_1666954062888{margin-bottom: 120px !important;}&#8221;][vc_column offset=&#8221;vc_col-md-offset-2 vc_col-md-8&#8243;][vc_column_text]<\/p>\n<h2>Systemvoraussetzungen<\/h2>\n<ul>\n<li>Im Rahmen der Schulung findet ein PC-basierter Praxisteil statt, um Sie oder Ihre Mitarbeiter mit der Software \u201ecalibration expert\u201c zur Erstellung der Kalibrierzertifikate vertraut zu machen.<br \/>\nEs ist daher notwendig, pro Teilnehmer je einen Laptop bereitzustellen. Die Systemvoraussetzungen sind gering, m\u00fcssen jedoch erf\u00fcllt werden:<\/p>\n<ul>\n<li>Windows 10 (inkl. Microsoft dotNet Framework 4.8. oder h\u00f6her)<\/li>\n<li>Internetzugriff auf die Domain calibration-expert.de mittels http und https Protokoll (f\u00fcr den sp\u00e4teren Einsatz vor-Ort wird der Internetzugriff \u00fcber LTE oder UMTS empfohlen).<\/li>\n<li>Adobe Acrobat Reader (Version 9 oder h\u00f6her)<\/li>\n<li>Der Teilnehmer muss die vollen administrativen Rechte f\u00fcr den Laptop besitzen (F\u00fcr das Arbeiten mit calibration expert ist eine dauerhafte und stabile Internetverbindung erforderlich, und der Zugang zum Internet muss offen und uneingeschr\u00e4nkt sein)<\/li>\n<li>Die Schriften des Schriftpakets esz-DinPro muss auf dem Computer installiert sein. Es steht im Downloadbereich von calibration expert zur Verf\u00fcgung.<\/li>\n<\/ul>\n<p>Zur Installation von calibration expert folgen Sie bitte dem Link:<br \/>\n<a href=\"https:\/\/calibration-expert.de\/prod\/package\/publish.html\" target=\"_blank\" rel=\"noopener\">https:\/\/calibration-expert.de\/prod\/package\/publish.html<\/a><\/p>\n<p>Bitte stellen Sie sicher, dass die Software vor Schulungsbeginn installiert wurde und der Zugang zur Domain sichergestellt ist.<br \/>\n<b>Sollte w\u00e4hrend der Schulung bekannt werden, dass die Voraussetzungen nicht erf\u00fcllt sind, m\u00fcssen Sie damit rechnen, dass die Teilnahme nicht erfolgreich beendet werden kann.<\/b><\/li>\n<li>F\u00fcr den Druck der elektronischen Kalibriersiegel zum Verkleben der Kalibriermarke ist ein Beschriftungsger\u00e4t der Serie Brother P-touch P700 mit USB-Schnittstelle und laminierten, blauen 18 mm-Schriftb\u00e4ndern (Brother Art.-Nr.: TZe-541) n\u00f6tig. Dieses bitte inklusive Schriftbandkassette auch zur Schulung mitbringen.<br \/>\nZur Installation des Treibers und der CE-Drucker-Schnittstelle folgen Sie bitte beiden Links:<br \/>\n<a href=\"http:\/\/support.brother.com\/g\/b\/downloadtop.aspx?c=de&amp;lang=de&amp;prod=p700euk\" target=\"_blank\" rel=\"noopener\">http:\/\/support.brother.com\/g\/b\/downloadtop.aspx?c=de&amp;lang=de&amp;prod=p700euk<\/a><br \/>\n<a href=\"http:\/\/www.brother.com\/product\/dev\/label\/bpac\/download\/\" target=\"_blank\" rel=\"noopener\">http:\/\/www.brother.com\/product\/dev\/label\/bpac\/download\/<\/a><\/li>\n<\/ul>\n<p>[\/vc_column_text][\/vc_column][\/vc_row][vc_row css=&#8221;.vc_custom_1666954062888{margin-bottom: 120px !important;}&#8221;][vc_column offset=&#8221;vc_col-md-offset-2 vc_col-md-8&#8243;][vc_column_text]<\/p>\n<h2 style=\"text-align: left;\">Dienstleistungsvertrag<\/h2>\n<ul>\n<li>Ihre Mitarbeiter werden die Kalibrierungen an den Pr\u00fcfger\u00e4ten zuk\u00fcnftig im sog. \u201eBevollm\u00e4chtigtensystem\u201c im Namen der esz AG durchf\u00fchren. Die esz AG ist als verantwortlicher Tr\u00e4ger des Kalibrierlaboratoriums dabei an die Vorgaben der DIN EN ISO\/ IEC 17025 gebunden. Die zu erf\u00fcllende Sorgfaltspflicht wird demnach an Sie bzw. Ihre Mitarbeiter \u00fcbertragen. Das Laboratorium muss insoweit sicherstellen, dass die Mitarbeiter aller Partner, die Kalibrierungen durchf\u00fchren, kompetent im Sinne der DIN EN ISO\/ IEC 17025 sind. Der Dienstleistungsvertrag (sofern nicht bereits vorhanden) muss daher durch Sie als Vertragspartner und Arbeitgeber Ihrer Mitarbeiter ausgef\u00fcllt und unterschrieben im Rahmen der Anmeldung als PDF hochgeladen werden.<br \/>\nDownload Dienstleistungsvertrag\u00a0(bitte\u00a0<a href=\"mailto:schulung@esz-ag.de\">anfragen<\/a>)<\/li>\n<li>Sollten Sie, bzw. Ihr Arbeitgeber durch eine vorherige Zusammenarbeit mit der esz AG bereits einen g\u00fcltigen Dienstleistungsvertrag vorliegen haben, so hat dieser weiterhin Bestand und muss nicht erneut abgeschlossen werden.<\/li>\n<\/ul>\n<p>[\/vc_column_text][\/vc_column][\/vc_row][vc_row css=&#8221;.vc_custom_1666954062888{margin-bottom: 120px !important;}&#8221;][vc_column offset=&#8221;vc_col-md-offset-2 vc_col-md-8&#8243;][vc_column_text]<\/p>\n<h2 style=\"text-align: left;\">Unterschrift + Fachkundenachweis<\/h2>\n<ul>\n<li>Um Sie bzw. Ihre Mitarbeiter als Nutzer in der Datenbank anlegen und f\u00fcr die Kalibriersoftware registrieren zu k\u00f6nnen ben\u00f6tigen wir zus\u00e4tzlich die Teilnahmebescheinigung einer erfolgreichen und g\u00fcltigen St\u00fcckpr\u00fcfungsschulung inkl. Pr\u00fcfplatz-Vermessungs-Praxis-Methodik als PDF, wobei die Inhalte dieser vom Hersteller geschult werden:\n<ul>\n<li>Pr\u00fcfpl\u00e4tze definieren<\/li>\n<li>Pr\u00fcfpl\u00e4tze markieren<\/li>\n<li>Pr\u00fcfpl\u00e4tze vermessen<\/li>\n<li>Verarbeitung und Bewertung der gemessenen Daten mit der Software sep PRO<\/li>\n<li>Messpraxis mit vorgeschriebenen Pr\u00fcf- und Hilfsmitteln<\/li>\n<\/ul>\n<p>Zudem ben\u00f6tigen wir eine digitalisierte Unterschrift des Teilnehmers, welche sp\u00e4ter auf den Kalibrierzertifikaten zu finden sein wird. Ihre Unterschrift ben\u00f6tigen wir in blauer Farbe im PDF, JPG oder PNG Format.<br \/>\nAls Hilfsmittel k\u00f6nnen Sie gerne folgende Vorlage verwenden:<br \/>\n<a href=\"https:\/\/www.esz-ag.de\/wp-content\/uploads\/Unterschriftenerfassung-2.pdf\" target=\"_blank\" rel=\"noopener\">Download Unterschriftenvorlage<\/a><\/li>\n<li>Sollten Sie bereits eine digitale Unterschrift im Rahmen eines aktiven calibration expert-Accounts besitzen, so m\u00fcssen Sie diese nicht erneut leisten.<\/li>\n<\/ul>\n<p>[\/vc_column_text][\/vc_column][\/vc_row][vc_row css=&#8221;.vc_custom_1666954062888{margin-bottom: 120px !important;}&#8221;][vc_column offset=&#8221;vc_col-md-offset-2 vc_col-md-8&#8243;][vc_column_text]<\/p>\n<h2>Stornobedingungen bei Absage oder Nichterscheinen<\/h2>\n<ul>\n<li>Bei einer Absage\/Stornierung der Teilnahme bis 7 Tage vor dem Schulungstermin werden keine Stornogeb\u00fchren erhoben.<\/li>\n<li>Bei einer Absage\/Stornierung der Teilnahme zwischen 7 und 2 Tagen vor dem Schulungstermin werden Stornogeb\u00fchren in H\u00f6he von 50 % der Teilnahmegeb\u00fchr erhoben.<\/li>\n<li>Bei einer kurzfristigen Absage\/Stornierung von weniger als 2 Tagen vor dem Schulungsbeginn bzw. bei Nichterscheinen werden Stornogeb\u00fchren in H\u00f6he von 100 % der Teilnahmegeb\u00fchr erhoben.<\/li>\n<\/ul>\n<p>[\/vc_column_text][\/vc_column][\/vc_row][vc_row css=&#8221;.vc_custom_1666954062888{margin-bottom: 120px !important;}&#8221;][vc_column offset=&#8221;vc_col-md-offset-2 vc_col-md-8&#8243;][vc_column_text]Sollten Sie Hilfe beim Ausf\u00fcllen des Formulars ben\u00f6tigen oder Fragen dazu haben, wenden Sie sich bitte an\u00a0<a href=\"mailto:schulung@esz-ag.de\">schulung@esz-ag.de<\/a>.[\/vc_column_text][\/vc_column][\/vc_row][vc_row][vc_column align=&#8221;text-center&#8221;]<a href=\"https:\/\/www.esz-ag.de\/software-beratung\/schulungen\/anmeldung-zur-kompetenzschulung-zur-kalibrierung-von-scheinwerfereinstellpruefsystemen-sep\/\" class=\"btn btn-solid btn-sm circle btn-bordered border-thin ld_button_69fcb753bf194\">\n\t<span>\n\t\t\n\t\t\t\t\t<span class=\"btn-txt\">Hinweise gelesen und beachtet<br \/>\nWeiter zur Anmeldung<\/span>\n\t\t\t\n\t\t\t\t<\/span>\n<\/a>\n[\/vc_column][\/vc_row]<\/p>\n<\/div>","protected":false},"excerpt":{"rendered":"<p>[vc_row bg_position=&#8221;right center&#8221; css=&#8221;.vc_custom_1666953873308{margin-bottom: 120px !important;background-position: center !important;background-repeat: no-repeat !important;background-size: contain !important;}&#8221; el_class=&#8221;hero-section-subpage&#8221; responsive_css=&#8221;margin_top_medium:32px&#8221;][vc_column width=&#8221;1\/2&#8243;][vc_column_text&#8230;<\/p>\n","protected":false},"author":22,"featured_media":0,"parent":54128,"menu_order":15,"comment_status":"closed","ping_status":"closed","template":"","meta":{"_acf_changed":false,"inline_featured_image":false,"footnotes":""},"class_list":["post-54179","page","type-page","status-publish","hentry"],"acf":[],"_links":{"self":[{"href":"https:\/\/www.esz-ag.de\/en\/wp-json\/wp\/v2\/pages\/54179","targetHints":{"allow":["GET"]}}],"collection":[{"href":"https:\/\/www.esz-ag.de\/en\/wp-json\/wp\/v2\/pages"}],"about":[{"href":"https:\/\/www.esz-ag.de\/en\/wp-json\/wp\/v2\/types\/page"}],"author":[{"embeddable":true,"href":"https:\/\/www.esz-ag.de\/en\/wp-json\/wp\/v2\/users\/22"}],"replies":[{"embeddable":true,"href":"https:\/\/www.esz-ag.de\/en\/wp-json\/wp\/v2\/comments?post=54179"}],"version-history":[{"count":1,"href":"https:\/\/www.esz-ag.de\/en\/wp-json\/wp\/v2\/pages\/54179\/revisions"}],"predecessor-version":[{"id":55637,"href":"https:\/\/www.esz-ag.de\/en\/wp-json\/wp\/v2\/pages\/54179\/revisions\/55637"}],"up":[{"embeddable":true,"href":"https:\/\/www.esz-ag.de\/en\/wp-json\/wp\/v2\/pages\/54128"}],"wp:attachment":[{"href":"https:\/\/www.esz-ag.de\/en\/wp-json\/wp\/v2\/media?parent=54179"}],"curies":[{"name":"wp","href":"https:\/\/api.w.org\/{rel}","templated":true}]}}