{"id":54176,"date":"2023-09-07T15:01:59","date_gmt":"2023-09-07T13:01:59","guid":{"rendered":"https:\/\/esz.dyncom.de\/software-beratung\/schulungen\/teilnehmerinformation-wiederholungsschulung-zur-kalibrierung-von-abgasmessgeraeten-au-geraete\/"},"modified":"2024-08-08T15:13:33","modified_gmt":"2024-08-08T13:13:33","slug":"teilnehmerinformation-wiederholungsschulung-zur-kalibrierung-von-abgasmessgeraeten-au-geraete","status":"publish","type":"page","link":"https:\/\/www.esz-ag.de\/en\/software-beratung\/training-courses\/teilnehmerinformation-wiederholungsschulung-zur-kalibrierung-von-abgasmessgeraeten-au-geraete\/","title":{"rendered":"Teilnehmerinformation Wiederholungsschulung zur Kalibrierung von Abgasmessger\u00e4ten (AU-Ger\u00e4te)"},"content":{"rendered":"<div class=\"wpb-content-wrapper\"><p>[vc_row bg_position=&#8221;right center&#8221; css=&#8221;.vc_custom_1666953873308{margin-bottom: 120px !important;background-position: center !important;background-repeat: no-repeat !important;background-size: contain !important;}&#8221; el_class=&#8221;hero-section-subpage&#8221; responsive_css=&#8221;margin_top_medium:32px&#8221;][vc_column width=&#8221;1\/2&#8243;][vc_column_text css=&#8221;.vc_custom_1668070125698{margin-bottom: 24px !important;}&#8221;]<\/p>\n<h1 class=\"text-center\">Wichtige Teilnahmeinformationen<\/h1>\n<p>[\/vc_column_text][vc_column_text css=&#8221;.vc_custom_1668068536856{margin-bottom: 32px !important;}&#8221; el_class=&#8221;hero-section-text&#8221;]<\/p>\n<div class=\"highlight\"><\/div>\n<p>[\/vc_column_text][vc_text_separator title=&#8221;Bitte sorgf\u00e4ltig lesen und beachten&#8221;][\/vc_column][vc_column width=&#8221;1\/2&#8243;][vc_column_text css=&#8221;.vc_custom_1662636845792{margin-bottom: 48px !important;}&#8221; el_class=&#8221;hero-img&#8221;]<img loading=\"lazy\" decoding=\"async\" class=\"alignleft wp-image-1544 size-full\" src=\"https:\/\/www.esz-ag.de\/wp-content\/uploads\/yellow_header_kalibrierscheine_2.png\" alt=\"\" width=\"1074\" height=\"320\" title=\"\">[\/vc_column_text][\/vc_column][\/vc_row][vc_row css=&#8221;.vc_custom_1666954075949{margin-bottom: 64px !important;}&#8221;][vc_column offset=&#8221;vc_col-md-offset-2 vc_col-md-8&#8243;][vc_column_text]Sehr geehrte Damen und Herren,<\/p>\n<p>schon bald nehmen Sie bzw. Ihre Mitarbeiter an einer esz Wiederholungsschulung f\u00fcr AU-Ger\u00e4te gem\u00e4\u00df AU-Ger\u00e4te-Kalibrierrichtlinie Verkehrsblatt 11\/2018 Nr. 100 teil. Um an der Schulung teilzunehmen, beachten Sie bitte folgende Rahmenbedingungen und Fristen.[\/vc_column_text][\/vc_column][\/vc_row][vc_row css=&#8221;.vc_custom_1666954075949{margin-bottom: 64px !important;}&#8221;][vc_column offset=&#8221;vc_col-md-offset-2 vc_col-md-8&#8243;][vc_column_text]<\/p>\n<h2>Messmittel<\/h2>\n<p>Im Rahmen der Messunsicherheitsbestimmung und R\u00fcckf\u00fchrung der Messergebnisse sind folgende Messmittel f\u00fcr die Kalibrierung von AU-Abgasmessger\u00e4ten erforderlich:<\/p>\n<ul>\n<li>F\u00fcr die Kalibrierung von AU-Abgasmessger\u00e4ten f\u00fcr Fremdz\u00fcndungsmotoren:\n<ul>\n<li>Pr\u00fcfgasgemische A, B, C (je nach Ger\u00e4teklasse)<\/li>\n<li>Anschlusstechnik wie von den jeweiligen AU-Ger\u00e4teherstellern empfohlen<\/li>\n<\/ul>\n<\/li>\n<li>F\u00fcr die Kalibrierung von AU-Abgasmessger\u00e4ten f\u00fcr Selbstz\u00fcndermotoren:\n<ul>\n<li>Tr\u00fcbungsfilter 10 %, 30 %, 50 %, 70 % (je nach Ger\u00e4tefehlergrenze)<\/li>\n<\/ul>\n<\/li>\n<li>Klimamessger\u00e4t: Temperatur \u00b11 K, Feuchte \u00b13 %, Luftdruck \u00b15 mbar<\/li>\n<\/ul>\n<p>Detaillierte Informationen zu den Pr\u00fcfmitteln und deren erforderlicher R\u00fcckf\u00fchrung sowie weitere Informationen zur AU-Ger\u00e4te-Kalibrierung finden Sie im\u00a0esz-Leitfaden \u201eAU-Ger\u00e4te-Kalibrierung\u201c.<\/p>\n<ul>\n<li>Die notwendigen Messmittel m\u00fcssen in jedem Fall r\u00fcckgef\u00fchrt kalibriert sein. Zur l\u00fcckenlosen R\u00fcckf\u00fchrung empfehlen wir Ihnen die Messmittel mindestens 4 Wochen vor geplantem Schulungstermin durch die esz AG kalibrieren und registrieren zu lassen. Angebote hierzu erhalten Sie auf Wunsch durch unseren\u00a0<a href=\"mailto:sales.kfz@esz-ag.de\">Vertrieb<\/a>.<br \/>\nPr\u00fcfgasgemische k\u00f6nnen nur beim Gaslieferanten kalibriert werden. N\u00e4here Informationen finden Sie im esz-Leitfaden\u00a0esz-Leitfaden \u201eAU-Ger\u00e4te-Kalibrierung\u201c.<\/li>\n<\/ul>\n<p>[\/vc_column_text][\/vc_column][\/vc_row][vc_row css=&#8221;.vc_custom_1666954062888{margin-bottom: 120px !important;}&#8221;][vc_column offset=&#8221;vc_col-md-offset-2 vc_col-md-8&#8243;][vc_column_text]<\/p>\n<h2>Systemvoraussetzungen<\/h2>\n<p>Im Rahmen der Schulung findet ein PC-basierter Praxisteil statt, um Sie oder Ihre Mitarbeiter mit der Software \u201ecalibration expert\u201c zur Erstellung der Kalibrierzertifikate vertraut zu machen.<br \/>\nEs ist daher notwendig, pro Teilnehmer je einen Laptop bereitzustellen. Die Systemvoraussetzungen sind gering, m\u00fcssen jedoch erf\u00fcllt werden:<\/p>\n<ul>\n<li>Windows 10 (inkl. Microsoft dotNet Framework 4.8. oder h\u00f6her)<\/li>\n<li>Internetzugriff auf die Domain calibration-expert.de mittels http und https Protokoll (f\u00fcr den sp\u00e4teren Einsatz vor-Ort wird der Internetzugriff \u00fcber LTE oder UMTS empfohlen).<\/li>\n<li>Zugriff auf die firmenbezogene E-Mail-Adresse w\u00e4hrend der Schulung<\/li>\n<li>Adobe Acrobat Reader (Version 9 oder h\u00f6her)<\/li>\n<li>Der Teilnehmer muss die vollen administrativen Rechte f\u00fcr den Laptop besitzen (F\u00fcr das Arbeiten mit calibration expert ist eine dauerhafte und stabile Internetverbindung erforderlich, und der Zugang zum Internet muss offen und uneingeschr\u00e4nkt sein)<\/li>\n<li>Die Schriften des Schriftpakets esz-DinPro muss auf dem Computer installiert sein. Dieses steht im Buchungsportal von calibration expert zum Download bereit.<\/li>\n<\/ul>\n<p>Zur Installation von calibration expert folgen Sie bitte dem Link:<br \/>\n<a href=\"https:\/\/calibration-expert.de\/prod\/package\/publish.html\" target=\"_blank\" rel=\"noopener\">https:\/\/calibration-expert.de\/prod\/package\/publish.html<\/a><\/p>\n<p>Bitte stellen Sie sicher, dass die Software vor Schulungsbeginn installiert wurde und der Zugang zur Domain sichergestellt ist.<br \/>\n<b>Sollte w\u00e4hrend der Schulung bekannt werden, dass die Voraussetzungen nicht erf\u00fcllt sind, m\u00fcssen Sie damit rechnen, dass die Teilnahme nicht erfolgreich beendet werden kann.<\/b><\/p>\n<ul>\n<li>F\u00fcr den Druck der elektronischen Kalibriersiegel zum Verkleben der Kalibriermarke ist ein Beschriftungsger\u00e4t der Serie Brother P-touch P700 mit USB-Schnittstelle und laminierten, blauen 18 mm-Schriftb\u00e4ndern (Brother Art.-Nr.: TZe-541) n\u00f6tig. Dieses bitte inklusive Schriftbandkasette auch zur Schulung mitbringen.<br \/>\nZur Installation des Treibers und der CE-Drucker-Schnittstelle folgen Sie bitte beiden Links:<br \/>\n<a href=\"http:\/\/support.brother.com\/g\/b\/downloadtop.aspx?c=de&amp;lang=de&amp;prod=p700euk\" target=\"_blank\" rel=\"noopener\">http:\/\/support.brother.com\/g\/b\/downloadtop.aspx?c=de&amp;lang=de&amp;prod=p700euk<\/a><br \/>\n<a href=\"http:\/\/www.brother.com\/product\/dev\/label\/bpac\/download\/\" target=\"_blank\" rel=\"noopener\">http:\/\/www.brother.com\/product\/dev\/label\/bpac\/download\/<\/a><\/li>\n<\/ul>\n<p>[\/vc_column_text][\/vc_column][\/vc_row][vc_row css=&#8221;.vc_custom_1666954062888{margin-bottom: 120px !important;}&#8221;][vc_column offset=&#8221;vc_col-md-offset-2 vc_col-md-8&#8243;][vc_column_text]<\/p>\n<h2>Stornobedingungen bei Absage oder Nichterscheinen<\/h2>\n<ul>\n<li>Bei einer Absage\/Stornierung der Teilnahme bis 7 Tage vor dem Schulungstermin werden keine Stornogeb\u00fchren erhoben.<\/li>\n<li>Bei einer Absage\/Stornierung der Teilnahme zwischen 7 und 2 Tagen vor dem Schulungstermin werden Stornogeb\u00fchren in H\u00f6he von 50 % der Teilnahmegeb\u00fchr erhoben.<\/li>\n<li>Bei einer kurzfristigen Absage\/Stornierung von weniger als 2 Tagen vor dem Schulungsbeginn bzw. bei Nichterscheinen werden Stornogeb\u00fchren in H\u00f6he von 100 % der Teilnahmegeb\u00fchr erhoben.<\/li>\n<\/ul>\n<p>[\/vc_column_text][\/vc_column][\/vc_row][vc_row gap=&#8221;5&#8243; css=&#8221;.vc_custom_1668084916183{margin-bottom: 120px !important;}&#8221;][vc_column offset=&#8221;vc_col-md-offset-2 vc_col-md-8&#8243;][vc_column_text]Sollten Sie Hilfe beim Ausf\u00fcllen des Formulars ben\u00f6tigen oder Fragen dazu haben, wenden Sie sich bitte an\u00a0<a href=\"mailto:schulung@esz-ag.de\">schulung@esz-ag.de<\/a>.[\/vc_column_text][\/vc_column][\/vc_row][vc_row gap=&#8221;5&#8243; css=&#8221;.vc_custom_1668084921415{margin-bottom: 120px !important;}&#8221;][vc_column offset=&#8221;vc_col-md-offset-2 vc_col-md-8&#8243;][vc_column_text][\/vc_column_text][\/vc_column][\/vc_row][vc_row][vc_column align=&#8221;text-center&#8221;]<a href=\"https:\/\/www.esz-ag.de\/software-beratung\/schulungen\/anmeldung-zur-wiederholungsschulung-zur-kalibrierung-von-abgasmessgeraeten\/\" class=\"btn btn-solid btn-md circle btn-bordered border-thin ld_button_69fcb03be3497\">\n\t<span>\n\t\t\n\t\t\t\t\t<span class=\"btn-txt\">Hinweise gelesen und beachtet <br \/> Weiter zur Anmeldung<\/span>\n\t\t\t\n\t\t\t\t<\/span>\n<\/a>\n[\/vc_column][\/vc_row]<\/p>\n<\/div>","protected":false},"excerpt":{"rendered":"<p>[vc_row bg_position=&#8221;right center&#8221; css=&#8221;.vc_custom_1666953873308{margin-bottom: 120px !important;background-position: center !important;background-repeat: no-repeat !important;background-size: contain !important;}&#8221; el_class=&#8221;hero-section-subpage&#8221; responsive_css=&#8221;margin_top_medium:32px&#8221;][vc_column width=&#8221;1\/2&#8243;][vc_column_text&#8230;<\/p>\n","protected":false},"author":22,"featured_media":0,"parent":54128,"menu_order":25,"comment_status":"closed","ping_status":"closed","template":"","meta":{"_acf_changed":false,"inline_featured_image":false,"footnotes":""},"class_list":["post-54176","page","type-page","status-publish","hentry"],"acf":[],"_links":{"self":[{"href":"https:\/\/www.esz-ag.de\/en\/wp-json\/wp\/v2\/pages\/54176","targetHints":{"allow":["GET"]}}],"collection":[{"href":"https:\/\/www.esz-ag.de\/en\/wp-json\/wp\/v2\/pages"}],"about":[{"href":"https:\/\/www.esz-ag.de\/en\/wp-json\/wp\/v2\/types\/page"}],"author":[{"embeddable":true,"href":"https:\/\/www.esz-ag.de\/en\/wp-json\/wp\/v2\/users\/22"}],"replies":[{"embeddable":true,"href":"https:\/\/www.esz-ag.de\/en\/wp-json\/wp\/v2\/comments?post=54176"}],"version-history":[{"count":4,"href":"https:\/\/www.esz-ag.de\/en\/wp-json\/wp\/v2\/pages\/54176\/revisions"}],"predecessor-version":[{"id":55649,"href":"https:\/\/www.esz-ag.de\/en\/wp-json\/wp\/v2\/pages\/54176\/revisions\/55649"}],"up":[{"embeddable":true,"href":"https:\/\/www.esz-ag.de\/en\/wp-json\/wp\/v2\/pages\/54128"}],"wp:attachment":[{"href":"https:\/\/www.esz-ag.de\/en\/wp-json\/wp\/v2\/media?parent=54176"}],"curies":[{"name":"wp","href":"https:\/\/api.w.org\/{rel}","templated":true}]}}