{"id":54175,"date":"2023-09-07T15:16:24","date_gmt":"2023-09-07T13:16:24","guid":{"rendered":"https:\/\/esz.dyncom.de\/software-beratung\/schulungen\/kompetenzschulung-kalibrierung-von-abgas-partikelmessgeraeten\/"},"modified":"2024-11-20T14:30:09","modified_gmt":"2024-11-20T13:30:09","slug":"kompetenzschulung-kalibrierung-von-abgas-partikelmessgeraeten","status":"publish","type":"page","link":"https:\/\/www.esz-ag.de\/en\/software-beratung\/training-courses\/kompetenzschulung-kalibrierung-von-abgas-partikelmessgeraeten\/","title":{"rendered":"Kompetenzschulung Kalibrierung von Abgas-Partikelmessger\u00e4ten"},"content":{"rendered":"<div class=\"wpb-content-wrapper\"><p>[vc_row bg_position=&#8221;right center&#8221; css=&#8221;.vc_custom_1666953873308{margin-bottom: 120px !important;background-position: center !important;background-repeat: no-repeat !important;background-size: contain !important;}&#8221; el_class=&#8221;hero-section-subpage&#8221; responsive_css=&#8221;margin_top_medium:32px&#8221;][vc_column width=&#8221;1\/2&#8243;][vc_column_text css=&#8221;.vc_custom_1694097486638{margin-bottom: 24px !important;}&#8221;]<\/p>\n<h1 id=\"kompetenzschulung-zur-kalibrierung-von-bremsprufstanden\">Kompetenzschulung zur Kalibrierung von Abgas-Partikelmessger\u00e4ten (AU-PN)<\/h1>\n<p>[\/vc_column_text][vc_column_text css=&#8221;.vc_custom_1668068536856{margin-bottom: 32px !important;}&#8221; el_class=&#8221;hero-section-text&#8221;]<\/p>\n<div class=\"highlight\"><\/div>\n<p>[\/vc_column_text][\/vc_column][vc_column width=&#8221;1\/2&#8243;][vc_column_text css=&#8221;.vc_custom_1662636845792{margin-bottom: 48px !important;}&#8221; el_class=&#8221;hero-img&#8221;]<img loading=\"lazy\" decoding=\"async\" class=\"alignleft wp-image-1544 size-full\" src=\"https:\/\/www.esz-ag.de\/wp-content\/uploads\/yellow_header_kalibrierscheine_2.png\" alt=\"\" width=\"1074\" height=\"320\" title=\"\">[\/vc_column_text][\/vc_column][\/vc_row][vc_row css=&#8221;.vc_custom_1666954075949{margin-bottom: 64px !important;}&#8221;][vc_column offset=&#8221;vc_col-md-offset-2 vc_col-md-8&#8243;][vc_column_text]<\/p>\n<h2 id=\"voraussetzungen\">Zielgruppe<\/h2>\n<p>Technikerinnen und Techniker von Herstellern, H\u00e4ndlern, Servicebetrieben und Pr\u00fcforganisationen, die bereits Instandsetzungen und Wartungen an Abgaspartikelmessger\u00e4ten durchgef\u00fchrt haben, die im Rahmen der Untersuchung der Abgase der Fahrzeuge nach Nummer 6.8.2 der Anlage VIIa zur StVZO eingesetzt werden.[\/vc_column_text][\/vc_column][\/vc_row][vc_row css=&#8221;.vc_custom_1666954075949{margin-bottom: 64px !important;}&#8221;][vc_column offset=&#8221;vc_col-md-offset-2 vc_col-md-8&#8243;][vc_column_text]<\/p>\n<h2 id=\"voraussetzungen\">Voraussetzungen<\/h2>\n<ul>\n<li>F\u00fcr die Kalibrierung notwendige, r\u00fcckgef\u00fchrt kalibrierte Messmittel (PKS 100 E oder ein Kalibrierger\u00e4t, das von der esz-AG f\u00fcr die PM-Kalibrierung freigegeben wurde und in ce als Pr\u00fcfmittel hinterlegt ist &#8211; inkl. Anschlusstechnik bzw. Klimamessger\u00e4t m\u00fcssen zur Schulung mitgebracht werden)<\/li>\n<li>Laptop mit Windows 10 und Zugriff auf das Internet \/ E-Mails (kein Tablet)<\/li>\n<li>Beschriftungsger\u00e4t (bitte zur Schulung mitbringen) mit Schriftbandkassette<\/li>\n<li><a href=\"https:\/\/www.esz-ag.de\/wp-content\/uploads\/Rahmenvertrag-Blanko.pdf\">Rahmenvertrag (Partnervertrag)<\/a><\/li>\n<li><a href=\"https:\/\/www.esz-ag.de\/wp-content\/uploads\/Unterschriftenerfassung-2.pdf\" target=\"_blank\" rel=\"noopener\">Digitalisierte Unterschrift<\/a><\/li>\n<li>Teilnahmebescheinigung einer Wartungs- und Messpraxisschulung von den Herstellern, deren Abgaspartikelmessger\u00e4ten kalibriert werden sollen<\/li>\n<li>Erfahrung mit Bedienung, Instandsetzung und Wartung von Abgaspartikelmessger\u00e4ten<\/li>\n<\/ul>\n<p>[\/vc_column_text][\/vc_column][\/vc_row][vc_row gap=&#8221;5&#8243; css=&#8221;.vc_custom_1668085005969{margin-bottom: 120px !important;}&#8221;][vc_column offset=&#8221;vc_col-md-offset-2 vc_col-md-8&#8243;][vc_column_text]<\/p>\n<h2 id=\"schulungszertifikat\">Schulungszertifikat<\/h2>\n<p>Am Ende der Schulung findet eine schriftliche Pr\u00fcfung statt. Nach erfolgreichem Bestehen der Schulung erhalten die Teilnehmer ein entsprechendes Schulungszertifikat.[\/vc_column_text][\/vc_column][\/vc_row][vc_row gap=&#8221;5&#8243; css=&#8221;.vc_custom_1668085018531{margin-bottom: 120px !important;}&#8221;][vc_column offset=&#8221;vc_col-md-offset-2 vc_col-md-8&#8243;][vc_column_text]<\/p>\n<h2 id=\"schulungsdauer\">Schulungsdauer*<\/h2>\n<p>1,5 Arbeitstage[\/vc_column_text][\/vc_column][\/vc_row][vc_row gap=&#8221;5&#8243; css=&#8221;.vc_custom_1668085023751{margin-bottom: 120px !important;}&#8221;][vc_column offset=&#8221;vc_col-md-offset-2 vc_col-md-8&#8243;][vc_column_text]<\/p>\n<h2>Schulungsorte und Termine*<\/h2>\n<table class=\"table\" style=\"width: 82.4147%; height: 67px;\">\n<thead>\n<tr style=\"height: 47px;\">\n<th style=\"height: 47px; width: 20.2703%;\">Stadt<\/th>\n<th style=\"height: 47px; width: 20.2703%;\">Ort<\/th>\n<th style=\"height: 47px; width: 28.3784%;\">Termin<\/th>\n<th style=\"height: 47px; width: 29.0541%;\">Verf\u00fcgbare Pl\u00e4tze**<\/th>\n<\/tr>\n<tr style=\"height: 20px;\">\n<td style=\"height: 20px; width: 20.2703%;\">Oberhausen<\/td>\n<td style=\"height: 20px; width: 20.2703%;\">Oberhausen<\/td>\n<td style=\"height: 20px; width: 28.3784%;\">05.12.2024 &#8211; 06.12.2024<\/td>\n<td style=\"height: 20px; width: 29.0541%;\">0<\/td>\n<\/tr>\n<tr style=\"height: 20px;\">\n<td style=\"height: 20px; width: 20.2703%;\">Oberhausen<\/td>\n<td style=\"height: 20px; width: 20.2703%;\">Oberhausen<\/td>\n<td style=\"height: 20px; width: 28.3784%;\">20.03.2025 &#8211; 21.03.2025<\/td>\n<td style=\"height: 20px; width: 29.0541%;\">8<\/td>\n<\/tr>\n<\/thead>\n<\/table>\n<p>&nbsp;[\/vc_column_text][\/vc_column][\/vc_row][vc_row gap=&#8221;5&#8243; css=&#8221;.vc_custom_1668085029501{margin-bottom: 120px !important;}&#8221;][vc_column offset=&#8221;vc_col-md-offset-2 vc_col-md-8&#8243;][vc_column_text]<\/p>\n<h2 id=\"anmeldeschluss\">Anmeldeschluss<\/h2>\n<p>14 Tage vor Schulungstermin<\/p>\n<h2><\/h2>\n<p>[\/vc_column_text][\/vc_column][\/vc_row][vc_row gap=&#8221;2&#8243; css=&#8221;.vc_custom_1668085058798{margin-bottom: 120px !important;}&#8221;][vc_column offset=&#8221;vc_col-md-offset-2 vc_col-md-8&#8243;][vc_column_text]<\/p>\n<h2 id=\"leistungen-und-teilnahmegebuhr\">Leistungen und Teilnahmegeb\u00fchr<\/h2>\n<p>Inklusive: Tagungsgetr\u00e4nke, Mittagessen, Abschlusstest, Teilnahmezertifikat, Teilnehmerunterlagen.<br \/>\nDie Teilnahmegeb\u00fchr betr\u00e4gt \u20ac 995 zzgl. MwSt pro Person.<\/p>\n<p>Gerne f\u00fchren wir auch ab 6 Teilnehmern Schulungen bei Ihnen im Unternehmen durch. F\u00fcr ein Angebot kontaktieren Sie bitte:\u00a0<a href=\"mailto:schulung@esz-ag.de\">schulung@esz-ag.de<\/a>[\/vc_column_text][\/vc_column][\/vc_row][vc_row gap=&#8221;2&#8243; css=&#8221;.vc_custom_1708698767060{margin-bottom: 120px !important;}&#8221;][vc_column offset=&#8221;vc_col-md-offset-2 vc_col-md-8&#8243;][vc_column_text]<\/p>\n<h2 id=\"stornobedingungen\">Stornobedingungen<\/h2>\n<p>Bei einer Absage \/ Stornierung der Teilnahme bis 7 Tage vor dem Schulungstermin werden keine Stornogeb\u00fchren erhoben. Bei einer Absage \/ Stornierung der Teilnahme zwischen 7 und 2 Tagen vor dem Schulungstermin werden Stornogeb\u00fchren in H\u00f6he von 50 % der Teilnahmegeb\u00fchr erhoben. Bei einer kurzfristigen Absage \/ Stornierung von weniger als 2 Tagen vor dem Schulungsbeginn bzw. bei Nichterscheinen werden Stornogeb\u00fchren in H\u00f6he von 100 % der Teilnahmegeb\u00fchr erhoben.[\/vc_column_text][\/vc_column][\/vc_row][vc_row gap=&#8221;2&#8243; css=&#8221;.vc_custom_1708698773984{margin-bottom: 120px !important;}&#8221;][vc_column offset=&#8221;vc_col-md-offset-2 vc_col-md-8&#8243;][vc_column_text]<\/p>\n<h2>Kontakt<\/h2>\n<p id=\"stornobedingungen\">Bei Fragen zur Veranstaltung wenden Sie sich bitte an unser Schulungs-Team,<br \/>\nTel. 08141-88887-245<br \/>\nE-Mail:\u00a0<a href=\"mailto:schulung@esz-ag.de\">schulung@esz-ag.de<\/a>[\/vc_column_text][\/vc_column][\/vc_row][vc_row css=&#8221;.vc_custom_1666954062888{margin-bottom: 120px !important;}&#8221;][vc_column offset=&#8221;vc_col-md-offset-2 vc_col-md-8&#8243;][vc_column_text]<sub>*\u00c4nderungen vorbehalten<\/sub><br \/>\n<sub>**Verf\u00fcgbarkeit wird werktags um 12h aktualisiert.<\/sub>[\/vc_column_text][\/vc_column][\/vc_row][vc_row][vc_column align=&#8221;text-center&#8221;]<a href=\"https:\/\/www.esz-ag.de\/software-beratung\/schulungen\/teilnehmerinformation-kompetenzschulung-zur-kalibrierung-von-abgas-partikelmessgeraeten\/\" title=\"Teilnahmeinformation zur Kalibrierung von Partikelmessger\u00e4ten\" class=\"btn btn-solid btn-sm circle btn-bordered border-thin ld_button_69fca3189f0a2\">\n\t<span>\n\t\t\n\t\t\t\t\t<span class=\"btn-txt\">Zum Anmelden hier klicken<\/span>\n\t\t\t\n\t<span class=\"btn-icon\"><i class=\"far fa-arrow-alt-circle-right\"><\/i><\/span>\t\t\t<\/span>\n<\/a>\n[\/vc_column][\/vc_row]<\/p>\n<\/div>","protected":false},"excerpt":{"rendered":"<p>[vc_row bg_position=&#8221;right center&#8221; css=&#8221;.vc_custom_1666953873308{margin-bottom: 120px !important;background-position: center !important;background-repeat: no-repeat !important;background-size: contain !important;}&#8221; el_class=&#8221;hero-section-subpage&#8221; responsive_css=&#8221;margin_top_medium:32px&#8221;][vc_column width=&#8221;1\/2&#8243;][vc_column_text&#8230;<\/p>\n","protected":false},"author":22,"featured_media":0,"parent":54128,"menu_order":27,"comment_status":"closed","ping_status":"closed","template":"","meta":{"_acf_changed":false,"inline_featured_image":false,"footnotes":""},"class_list":["post-54175","page","type-page","status-publish","hentry"],"acf":[],"_links":{"self":[{"href":"https:\/\/www.esz-ag.de\/en\/wp-json\/wp\/v2\/pages\/54175","targetHints":{"allow":["GET"]}}],"collection":[{"href":"https:\/\/www.esz-ag.de\/en\/wp-json\/wp\/v2\/pages"}],"about":[{"href":"https:\/\/www.esz-ag.de\/en\/wp-json\/wp\/v2\/types\/page"}],"author":[{"embeddable":true,"href":"https:\/\/www.esz-ag.de\/en\/wp-json\/wp\/v2\/users\/22"}],"replies":[{"embeddable":true,"href":"https:\/\/www.esz-ag.de\/en\/wp-json\/wp\/v2\/comments?post=54175"}],"version-history":[{"count":17,"href":"https:\/\/www.esz-ag.de\/en\/wp-json\/wp\/v2\/pages\/54175\/revisions"}],"predecessor-version":[{"id":56060,"href":"https:\/\/www.esz-ag.de\/en\/wp-json\/wp\/v2\/pages\/54175\/revisions\/56060"}],"up":[{"embeddable":true,"href":"https:\/\/www.esz-ag.de\/en\/wp-json\/wp\/v2\/pages\/54128"}],"wp:attachment":[{"href":"https:\/\/www.esz-ag.de\/en\/wp-json\/wp\/v2\/media?parent=54175"}],"curies":[{"name":"wp","href":"https:\/\/api.w.org\/{rel}","templated":true}]}}