{"id":54128,"date":"2022-10-28T01:09:54","date_gmt":"2022-10-27T23:09:54","guid":{"rendered":"https:\/\/esz.dyncom.de\/software-beratung\/schulungen\/"},"modified":"2024-05-30T22:28:57","modified_gmt":"2024-05-30T20:28:57","slug":"training-courses","status":"publish","type":"page","link":"https:\/\/www.esz-ag.de\/en\/software-beratung\/training-courses\/","title":{"rendered":"Training courses"},"content":{"rendered":"<div class=\"wpb-content-wrapper\"><p>[vc_row bg_position=&#8221;right center&#8221; css=&#8221;.vc_custom_1666953873308{margin-bottom: 120px !important;background-position: center !important;background-repeat: no-repeat !important;background-size: contain !important;}&#8221; el_class=&#8221;hero-section-subpage&#8221; responsive_css=&#8221;margin_top_medium:32px&#8221;][vc_column width=&#8221;1\/2&#8243;][vc_column_text el_class=&#8221;hero-section-text&#8221; css=&#8221;.vc_custom_1715940158603{margin-bottom: 16px !important;}&#8221;]<\/p>\n<p class=\"subline\">Training courses<\/p>\n<p>[\/vc_column_text][vc_column_text css=&#8221;.vc_custom_1715940138162{margin-bottom: 24px !important;}&#8221;]<\/p>\n<h1 id=\"schulungen-und-seminare\">Training courses and seminars<\/h1>\n<p>[\/vc_column_text][vc_column_text el_class=&#8221;hero-section-text&#8221;]<\/p>\n<p class=\"esz-Standardtext\">We offer the training courses in German, but we are happy to organise English-language training on request.<\/p>\n<div class=\"highlight\"><\/div>\n<p>[\/vc_column_text][vc_row_inner][vc_column_inner width=&#8221;1\/4&#8243;][vc_raw_html]JTNDYSUyMGNsYXNzJTNEJTIyYnRuJTIwYnRuLXNvbGlkJTIwYnRuLWxnJTIwY2lyY2xlJTIwYnRuLWJvcmRlcmVkJTIwYm9yZGVyLXRoaW4lMjBidG4taWNvbi1sZWZ0JTIwYnRuLW9wZW4tZm9ybSUyMiUyMGlkJTNEJTIybW9kYWxvcGVuJTIyJTIwaHJlZiUzRCUyMmphdmFzY3JpcHQlM0F2b2lkJTI4MCUyOSUyMiUzRUVucXVpcmUlMjBub3clM0MlMkZhJTNF[\/vc_raw_html][\/vc_column_inner][vc_column_inner width=&#8221;3\/4&#8243;][\/vc_column_inner][\/vc_row_inner][\/vc_column][vc_column width=&#8221;1\/2&#8243;][vc_column_text css=&#8221;.vc_custom_1705584722773{margin-bottom: 48px !important;}&#8221; el_class=&#8221;hero-img&#8221;]<img loading=\"lazy\" decoding=\"async\" class=\"alignleft wp-image-2252 size-full\" src=\"https:\/\/www.esz-ag.de\/wp-content\/uploads\/yellow_header_schulungen.png\" alt=\"Schulung\" width=\"1074\" height=\"320\" title=\"\">[\/vc_column_text][\/vc_column][\/vc_row][vc_row disable_element=&#8221;yes&#8221; css=&#8221;.vc_custom_1715941932300{margin-bottom: 128px !important;}&#8221;][vc_column offset=&#8221;vc_col-md-offset-2 vc_col-md-8&#8243;][vc_column_text]Do you have any questions about our events, dates and seminar locations? We will be happy to advise you.[\/vc_column_text][\/vc_column][\/vc_row][vc_row disable_element=&#8221;yes&#8221; el_class=&#8221;ce-img-text&#8221; css=&#8221;.vc_custom_1715940302733{margin-bottom: 128px !important;}&#8221;][vc_column][vc_row_inner content_placement=&#8221;middle&#8221;][vc_column_inner width=&#8221;1\/2&#8243; el_class=&#8221;img-left&#8221;][vc_single_image image=&#8221;52474&#8243; img_size=&#8221;full&#8221; style=&#8221;vc_box_rounded&#8221;][\/vc_column_inner][vc_column_inner width=&#8221;1\/2&#8243;][vc_column_text css=&#8221;.vc_custom_1707830100204{margin-bottom: 45px !important;}&#8221;]<\/p>\n<h2 id=\"kompetenzschulungen-fur-die-kfz-branche\">Kompetenzschulungen f\u00fcr die Kfz-Branche<\/h2>\n<p class=\"esz-Standardtext\">Als eines von bundesweit wenigen Unternehmen bietet die esz AG Schulungen zur Durchf\u00fchrung von Kalibrierungen von Kfz-Inspektionstechnik in Kfz-Inspektionsstellen, Kfz-Pr\u00fcfstellen, Kfz-Pr\u00fcfst\u00fctzpunkten und Kfz-Werkst\u00e4tten an. Technikerinnen und Techniker von Herstellern, H\u00e4ndlern, Servicebetrieben und Pr\u00fcforganisationen sind Teilnehmer am CEPS, dem Calibration Expert Partner System der esz AG. Sie lernen in praxisnahen Seminaren das Handwerkszeug zur Erstellung akkreditierter Kalibrierzertifikate nach anerkannten Richtlinien und Normen bzw. Verkehrsbl\u00e4ttern des Bundesministeriums f\u00fcr Verkehr und digitale Infrastruktur.<\/p>\n<p>[\/vc_column_text]<a href=\"https:\/\/www.esz-ag.de\/software-beratung\/ceps\/\" title=\"CEPS Kalibrierungen\" class=\"btn btn-solid btn-sm circle btn-bordered border-thin ld_button_69f2bc1d12974\">\n\t<span>\n\t\t\n\t\t\t\t\t<span class=\"btn-txt\">CEPS<\/span>\n\t\t\t\n\t<span class=\"btn-icon\"><i class=\"far fa-arrow-alt-circle-right\"><\/i><\/span>\t\t\t<\/span>\n<\/a>\n[\/vc_column_inner][\/vc_row_inner][\/vc_column][\/vc_row][vc_row disable_element=&#8221;yes&#8221; el_class=&#8221;ce-img-text&#8221; css=&#8221;.vc_custom_1715940331364{margin-bottom: 128px !important;}&#8221;][vc_column][vc_row_inner content_placement=&#8221;middle&#8221;][vc_column_inner width=&#8221;1\/2&#8243; el_class=&#8221;img-left&#8221;][vc_single_image image=&#8221;45173&#8243; img_size=&#8221;full&#8221; style=&#8221;vc_box_rounded&#8221;][\/vc_column_inner][vc_column_inner width=&#8221;1\/2&#8243;][vc_column_text]<\/p>\n<h2 id=\"allgemeine-schulungen\">Schulungen Kalibrierwissen und Messgr\u00f6\u00dfen<\/h2>\n<p class=\"esz-Standardtext\">Sie ben\u00f6tigen ein qualifiziertes Weiterbildungsangebot zu den Themen Kalibrierung, Pr\u00fcfmittelmanagement oder spezielle Messgr\u00f6\u00dfen?\u00a0Wir bieten Ihnen fachspezifische\u00a0Schulungen mit direktem Praxisbezug\u00a0und erstklassigen Referenten.<\/p>\n<p class=\"esz-Standardtext\">In unseren Schulungen machen wir Sie mit relevanten Normen, Richtlinien und gesetzlichen Anforderungen vertraut und Sie lernen deren praktische Anwendung kennen.\u00a0Mit einem Zertifikat best\u00e4tigen wir Ihnen die Teilnahme.\u00a0F\u00fcr gr\u00f6\u00dftm\u00f6gliche Flexibilit\u00e4t bieten wir Ihnen unsere Schulungen und Trainings auch bei Ihnen vor Ort als\u00a0Inhouse-Schulung\u00a0oder als Online-Seminar\u00a0an.<\/p>\n<p>[\/vc_column_text][\/vc_column_inner][\/vc_row_inner][\/vc_column][\/vc_row][vc_row disable_element=&#8221;yes&#8221; css=&#8221;.vc_custom_1716550449820{margin-bottom: 48px !important;}&#8221;][vc_column offset=&#8221;vc_col-md-offset-2 vc_col-md-8&#8243;][vc_column_text]<\/p>\n<h3>An welcher Schulung m\u00f6chten Sie teilnehmen?<\/h3>\n<p>[\/vc_column_text][\/vc_column][\/vc_row][vc_row disable_element=&#8221;yes&#8221; css=&#8221;.vc_custom_1715940893931{margin-bottom: 128px !important;}&#8221;][vc_column offset=&#8221;vc_col-lg-offset-2 vc_col-lg-8 vc_col-md-offset-1 vc_col-md-10 vc_col-xs-12&#8243; el_class=&#8221;card-white box-benefits&#8221;][vc_row_inner css=&#8221;.vc_custom_1689586158724{margin-bottom: 24px !important;background-color: #fec804 !important;}&#8221;][vc_column_inner css=&#8221;.vc_custom_1689586173132{padding-top: 16px !important;padding-right: 16px !important;padding-bottom: 16px !important;padding-left: 16px !important;}&#8221;][vc_column_text]<\/p>\n<h2>Ihre Vorteile<\/h2>\n<p>[\/vc_column_text][\/vc_column_inner][\/vc_row_inner][vc_row_inner css=&#8221;.vc_custom_1689586192918{padding-right: 16px !important;padding-left: 16px !important;}&#8221;][vc_column_inner width=&#8221;1\/2&#8243;][vc_column_text]<\/p>\n<ul>\n<li>Qualifizierung zur Teilnahme an CEPS<\/li>\n<li>Praxisnahe Wissensvermittlung<\/li>\n<\/ul>\n<p>[\/vc_column_text][\/vc_column_inner][vc_column_inner width=&#8221;1\/2&#8243;][vc_column_text]<\/p>\n<ul>\n<li>Pr\u00e4senz- oder Onlineschulungen<\/li>\n<li>Umfangreiche Schulungsunterlagen<\/li>\n<\/ul>\n<p>[\/vc_column_text][\/vc_column_inner][\/vc_row_inner][\/vc_column][\/vc_row]<\/p>\n<\/div>","protected":false},"excerpt":{"rendered":"<p>[vc_row bg_position=&#8221;right center&#8221; css=&#8221;.vc_custom_1666953873308{margin-bottom: 120px !important;background-position: center !important;background-repeat: no-repeat !important;background-size: contain !important;}&#8221; el_class=&#8221;hero-section-subpage&#8221; responsive_css=&#8221;margin_top_medium:32px&#8221;][vc_column width=&#8221;1\/2&#8243;][vc_column_text&#8230;<\/p>\n","protected":false},"author":1,"featured_media":0,"parent":54124,"menu_order":1,"comment_status":"closed","ping_status":"closed","template":"","meta":{"_acf_changed":false,"inline_featured_image":false,"footnotes":""},"class_list":["post-54128","page","type-page","status-publish","hentry"],"acf":[],"_links":{"self":[{"href":"https:\/\/www.esz-ag.de\/en\/wp-json\/wp\/v2\/pages\/54128","targetHints":{"allow":["GET"]}}],"collection":[{"href":"https:\/\/www.esz-ag.de\/en\/wp-json\/wp\/v2\/pages"}],"about":[{"href":"https:\/\/www.esz-ag.de\/en\/wp-json\/wp\/v2\/types\/page"}],"author":[{"embeddable":true,"href":"https:\/\/www.esz-ag.de\/en\/wp-json\/wp\/v2\/users\/1"}],"replies":[{"embeddable":true,"href":"https:\/\/www.esz-ag.de\/en\/wp-json\/wp\/v2\/comments?post=54128"}],"version-history":[{"count":18,"href":"https:\/\/www.esz-ag.de\/en\/wp-json\/wp\/v2\/pages\/54128\/revisions"}],"predecessor-version":[{"id":55022,"href":"https:\/\/www.esz-ag.de\/en\/wp-json\/wp\/v2\/pages\/54128\/revisions\/55022"}],"up":[{"embeddable":true,"href":"https:\/\/www.esz-ag.de\/en\/wp-json\/wp\/v2\/pages\/54124"}],"wp:attachment":[{"href":"https:\/\/www.esz-ag.de\/en\/wp-json\/wp\/v2\/media?parent=54128"}],"curies":[{"name":"wp","href":"https:\/\/api.w.org\/{rel}","templated":true}]}}